{"id":83,"date":"2019-11-26T19:11:45","date_gmt":"2019-11-26T19:11:45","guid":{"rendered":"http:\/\/localhost\/ceracoat\/?page_id=83"},"modified":"2025-11-10T16:22:01","modified_gmt":"2025-11-10T15:22:01","slug":"become-distributor","status":"publish","type":"page","link":"https:\/\/ceracoat.me\/de\/become-distributor\/","title":{"rendered":"Werde Vertriebspartner"},"content":{"rendered":"<div data-elementor-type=\"wp-page\" data-elementor-id=\"83\" class=\"elementor elementor-83\">\n\t\t\t\t\t\t<section class=\"elementor-section elementor-top-section elementor-element elementor-element-6bf96627 elementor-section-boxed elementor-section-height-default elementor-section-height-default\" data-id=\"6bf96627\" data-element_type=\"section\" data-e-type=\"section\" data-settings=\"{&quot;background_background&quot;:&quot;classic&quot;}\">\n\t\t\t\t\t\t<div class=\"elementor-container elementor-column-gap-no\">\n\t\t\t\t\t<div class=\"elementor-column elementor-col-100 elementor-top-column elementor-element elementor-element-35f13364\" data-id=\"35f13364\" data-element_type=\"column\" data-e-type=\"column\">\n\t\t\t<div class=\"elementor-widget-wrap elementor-element-populated\">\n\t\t\t\t\t\t<div class=\"elementor-element elementor-element-22b4d0b elementor-hidden-tablet elementor-hidden-phone elementor-widget elementor-widget-image-carousel\" data-id=\"22b4d0b\" data-element_type=\"widget\" data-e-type=\"widget\" data-settings=\"{&quot;slides_to_show&quot;:&quot;1&quot;,&quot;navigation&quot;:&quot;none&quot;,&quot;effect&quot;:&quot;fade&quot;,&quot;autoplay_speed&quot;:3000,&quot;speed&quot;:600,&quot;autoplay&quot;:&quot;yes&quot;,&quot;pause_on_hover&quot;:&quot;yes&quot;,&quot;pause_on_interaction&quot;:&quot;yes&quot;,&quot;infinite&quot;:&quot;yes&quot;}\" data-widget_type=\"image-carousel.default\">\n\t\t\t\t<div class=\"elementor-widget-container\">\n\t\t\t\t\t\t\t<div class=\"elementor-image-carousel-wrapper swiper\" role=\"region\" aria-roledescription=\"carousel\" aria-label=\"Bild Karussell\" dir=\"ltr\">\n\t\t\t<div class=\"elementor-image-carousel swiper-wrapper swiper-image-stretch\" aria-live=\"off\">\n\t\t\t\t\t\t\t\t<div class=\"swiper-slide\" role=\"group\" aria-roledescription=\"slide\" aria-label=\"1 von 5\" data-no-translation-aria-label=\"\"><figure class=\"swiper-slide-inner\"><img decoding=\"async\" class=\"swiper-slide-image\" src=\"https:\/\/ceracoat.me\/wp-content\/uploads\/2021\/11\/principal-DE.png\" alt=\"principal-1\" \/><\/figure><\/div><div class=\"swiper-slide\" role=\"group\" aria-roledescription=\"slide\" aria-label=\"2 von 5\" data-no-translation-aria-label=\"\"><figure class=\"swiper-slide-inner\"><img decoding=\"async\" class=\"swiper-slide-image\" src=\"https:\/\/ceracoat.me\/wp-content\/uploads\/2025\/11\/SF90-HP.jpeg\" alt=\"SF90 - HP\" \/><\/figure><\/div><div class=\"swiper-slide\" role=\"group\" aria-roledescription=\"slide\" aria-label=\"3 von 5\" data-no-translation-aria-label=\"\"><figure class=\"swiper-slide-inner\"><img decoding=\"async\" class=\"swiper-slide-image\" src=\"https:\/\/ceracoat.me\/wp-content\/uploads\/2023\/06\/Add-a-subheading1.jpg\" alt=\"Add a subheading(1)\" \/><\/figure><\/div><div class=\"swiper-slide\" role=\"group\" aria-roledescription=\"slide\" aria-label=\"4 von 5\" data-no-translation-aria-label=\"\"><figure class=\"swiper-slide-inner\"><img decoding=\"async\" class=\"swiper-slide-image\" src=\"https:\/\/ceracoat.me\/wp-content\/uploads\/2021\/11\/PORTADA-CARRO-ROJO-DE.png\" alt=\"PORTADA-CARRO-ROJO\" \/><\/figure><\/div><div class=\"swiper-slide\" role=\"group\" aria-roledescription=\"slide\" aria-label=\"5 von 5\" data-no-translation-aria-label=\"\"><figure class=\"swiper-slide-inner\"><img decoding=\"async\" class=\"swiper-slide-image\" src=\"https:\/\/ceracoat.me\/wp-content\/uploads\/2021\/11\/NANO-TEXTURA-DE.png\" alt=\"NANO-TEXTURA-1\" \/><\/figure><\/div>\t\t\t<\/div>\n\t\t\t\t\t\t\t\n\t\t\t\t\t\t\t\t\t<\/div>\n\t\t\t\t\t\t<\/div>\n\t\t\t\t<\/div>\n\t\t\t\t<div class=\"elementor-element elementor-element-517c53ce elementor-hidden-desktop elementor-arrows-position-inside elementor-widget elementor-widget-image-carousel\" data-id=\"517c53ce\" data-element_type=\"widget\" data-e-type=\"widget\" data-settings=\"{&quot;slides_to_show&quot;:&quot;1&quot;,&quot;navigation&quot;:&quot;arrows&quot;,&quot;effect&quot;:&quot;fade&quot;,&quot;autoplay_speed&quot;:3000,&quot;speed&quot;:600,&quot;autoplay&quot;:&quot;yes&quot;,&quot;pause_on_hover&quot;:&quot;yes&quot;,&quot;pause_on_interaction&quot;:&quot;yes&quot;,&quot;infinite&quot;:&quot;yes&quot;}\" data-widget_type=\"image-carousel.default\">\n\t\t\t\t<div class=\"elementor-widget-container\">\n\t\t\t\t\t\t\t<div class=\"elementor-image-carousel-wrapper swiper\" role=\"region\" aria-roledescription=\"carousel\" aria-label=\"Bild Karussell\" dir=\"ltr\">\n\t\t\t<div class=\"elementor-image-carousel swiper-wrapper swiper-image-stretch\" aria-live=\"off\">\n\t\t\t\t\t\t\t\t<div class=\"swiper-slide\" role=\"group\" aria-roledescription=\"slide\" aria-label=\"1 von 5\" data-no-translation-aria-label=\"\"><figure class=\"swiper-slide-inner\"><img decoding=\"async\" class=\"swiper-slide-image\" src=\"https:\/\/ceracoat.me\/wp-content\/uploads\/2021\/11\/principal-mobile.png\" alt=\"principal-mobile\" \/><\/figure><\/div><div class=\"swiper-slide\" role=\"group\" aria-roledescription=\"slide\" aria-label=\"2 von 5\" data-no-translation-aria-label=\"\"><figure class=\"swiper-slide-inner\"><img decoding=\"async\" class=\"swiper-slide-image\" src=\"https:\/\/ceracoat.me\/wp-content\/uploads\/2023\/06\/Add-a-subheading1.jpg\" alt=\"Add a subheading(1)\" \/><\/figure><\/div><div class=\"swiper-slide\" role=\"group\" aria-roledescription=\"slide\" aria-label=\"3 von 5\" data-no-translation-aria-label=\"\"><figure class=\"swiper-slide-inner\"><img decoding=\"async\" class=\"swiper-slide-image\" src=\"https:\/\/ceracoat.me\/wp-content\/uploads\/2021\/11\/PORTADA-NANO-TEXTURA-MOBILE.png\" alt=\"PORTADA-NANO-TEXTURA-MOBILE\" \/><\/figure><\/div><div class=\"swiper-slide\" role=\"group\" aria-roledescription=\"slide\" aria-label=\"4 von 5\" data-no-translation-aria-label=\"\"><figure class=\"swiper-slide-inner\"><img decoding=\"async\" class=\"swiper-slide-image\" src=\"https:\/\/ceracoat.me\/wp-content\/uploads\/2021\/11\/PORTADA-CARRO-ROJO-mobile.png\" alt=\"PORTADA-CARRO-ROJO-MOBILE\" \/><\/figure><\/div><div class=\"swiper-slide\" role=\"group\" aria-roledescription=\"slide\" aria-label=\"5 von 5\" data-no-translation-aria-label=\"\"><figure class=\"swiper-slide-inner\"><img decoding=\"async\" class=\"swiper-slide-image\" src=\"https:\/\/ceracoat.me\/wp-content\/uploads\/2021\/11\/PORTADA-CARRO-BLANCO-MOBILE.png\" alt=\"PORTADA-CARRO-BLANCO-MOBILE\" \/><\/figure><\/div>\t\t\t<\/div>\n\t\t\t\t\t\t\t\t\t\t\t\t<div class=\"elementor-swiper-button elementor-swiper-button-prev\" role=\"button\" tabindex=\"0\">\n\t\t\t\t\t\t<i aria-hidden=\"true\" class=\"eicon-chevron-left\"><\/i>\t\t\t\t\t<\/div>\n\t\t\t\t\t<div class=\"elementor-swiper-button elementor-swiper-button-next\" role=\"button\" tabindex=\"0\">\n\t\t\t\t\t\t<i aria-hidden=\"true\" class=\"eicon-chevron-right\"><\/i>\t\t\t\t\t<\/div>\n\t\t\t\t\n\t\t\t\t\t\t\t\t\t<\/div>\n\t\t\t\t\t\t<\/div>\n\t\t\t\t<\/div>\n\t\t\t\t<section class=\"elementor-section elementor-inner-section elementor-element elementor-element-74766d6a elementor-section-boxed elementor-section-height-default elementor-section-height-default\" data-id=\"74766d6a\" data-element_type=\"section\" data-e-type=\"section\">\n\t\t\t\t\t\t<div class=\"elementor-container elementor-column-gap-default\">\n\t\t\t\t\t<div class=\"elementor-column elementor-col-50 elementor-inner-column elementor-element elementor-element-3dd95b81\" data-id=\"3dd95b81\" data-element_type=\"column\" data-e-type=\"column\">\n\t\t\t<div class=\"elementor-widget-wrap elementor-element-populated\">\n\t\t\t\t\t\t<div class=\"elementor-element elementor-element-5f9d96e3 elementor-widget elementor-widget-heading\" data-id=\"5f9d96e3\" data-element_type=\"widget\" data-e-type=\"widget\" data-widget_type=\"heading.default\">\n\t\t\t\t<div class=\"elementor-widget-container\">\n\t\t\t\t\t<h1 class=\"elementor-heading-title elementor-size-default\">Ceracoat Group Opportunity<\/h1>\t\t\t\t<\/div>\n\t\t\t\t<\/div>\n\t\t\t\t<div class=\"elementor-element elementor-element-12e134e elementor-widget elementor-widget-text-editor\" data-id=\"12e134e\" data-element_type=\"widget\" data-e-type=\"widget\" data-widget_type=\"text-editor.default\">\n\t\t\t\t<div class=\"elementor-widget-container\">\n\t\t\t\t\t\t\t\t\t<p style=\"text-align: center;\">Willkommen in der Zukunft der Oberfl\u00e4chenbeschichtung \u2013 wir suchen nationale Vertriebspartner!<\/p><h2 style=\"text-align: center;\"><span style=\"color: #ff0000;\">\u201eNicht mehr reinigen!, COAT \u2013 CERACOAT\u201c<\/span><\/h2>\t\t\t\t\t\t\t\t<\/div>\n\t\t\t\t<\/div>\n\t\t\t\t<div class=\"elementor-element elementor-element-2d1d520c elementor-widget elementor-widget-text-editor\" data-id=\"2d1d520c\" data-element_type=\"widget\" data-e-type=\"widget\" data-widget_type=\"text-editor.default\">\n\t\t\t\t<div class=\"elementor-widget-container\">\n\t\t\t\t\t\t\t\t\t<h6><img fetchpriority=\"high\" decoding=\"async\" class=\"wp-image-531 size-full aligncenter\" src=\"https:\/\/ceracoat.me\/wp-content\/uploads\/2019\/12\/group1.jpg\" alt=\"\" width=\"648\" height=\"493\" srcset=\"https:\/\/ceracoat.me\/wp-content\/uploads\/2019\/12\/group1.jpg 648w, https:\/\/ceracoat.me\/wp-content\/uploads\/2019\/12\/group1-300x228.jpg 300w, https:\/\/ceracoat.me\/wp-content\/uploads\/2019\/12\/group1-600x456.jpg 600w\" sizes=\"(max-width: 648px) 100vw, 648px\" \/><\/h6><h6 style=\"text-align: center;\"><strong>Ceracoat BESCHICHTUNGEN F\u00dcR JEDE OBERFL\u00c4CHE<\/strong><br \/>\u00a0<\/h6><p>Ich bin Elio, der Gr\u00fcnder und Pr\u00e4sident der Ceracoat Group, dem Hersteller von Nanotechnologie (Ceracoat).<\/p><p>Wir haben die perfekten Produkte f\u00fcr den Verkauf \u00fcber Demonstrationswerbung (aber auch f\u00fcr jede andere Art der Distribution), die Produkte m\u00fcssen erkl\u00e4rt werden, sind leicht zu erkl\u00e4ren, und es gibt einen WOW-Effekt, Ceracoat-Produkte bedeuten eine Einsparung von Zeit und Geld, sie sind einzigartig, nach dem Beschichten ben\u00f6tigen Sie keine Reiniger mehr.<\/p><p><strong>Ceracoat BESCHICHTUNGEN SIND:<\/strong><\/p><ul><li>F\u00fcr das menschliche Auge unsichtbar (Schichtdicke: 100-150 nm)<\/li><li>Permanent (UV-stabil, sehr abriebfest) \u2013 Leicht zu reinigen<\/li><li>Keine Ver\u00e4nderung bei Ber\u00fchrung (Haptik) der Faser (keine Ver\u00e4nderung der Oberfl\u00e4che)<\/li><li>Frei von Silikon, Wachs und \u00d6l<\/li><li>Atmungsaktiv<\/li><li>Einfache Anwendung (Do-it-yourself durch Spr\u00fchen)<\/li><li>Umweltfreundlich, lebensmittelecht, in Konzentraten erh\u00e4ltlich<\/li><li>Wasch- und reinigungsmittelbest\u00e4ndig (durchschnittlich 45 Waschg\u00e4nge f\u00fcr Kleidung)<\/li><\/ul><p><strong>SIE K\u00d6NNEN JEDE OBERFL\u00c4CHE BESCHICHTEN:<\/strong><\/p><ul><li>Glas\/Keramik \u2013 Lackierte Oberfl\u00e4chen\/Kunststoff\/Edelstahl<\/li><li>Textilien\/Papiere\/Unbehandeltes Holz \u2013 absorbierende mineralische Oberfl\u00e4chen\/Steine<\/li><li>Saugende Oberfl\u00e4chen: Kleidung, Schuhe, Textilien, M\u00f6bel, Teppiche, Gardinen, Autoinnenraum, Holz, Stein, Fassaden, Denkm\u00e4ler, Infrastrukturschutz, alle Lederoberfl\u00e4chen\nNicht saugende Oberfl\u00e4chen: Glas, Keramik, Fenster, Fliesen, Duschkabinen, Toiletten, Autowindschutzscheiben, Autokarosserien, R\u00e4der, Motoren, Getriebe, Kisten, K\u00fchlschr\u00e4nke<\/li><\/ul><h4>VORTEILE GEGEN\u00dcBER WETTBEWERBSPRODUKTEN:<\/h4><ul><li><strong>Einfache benutzerfreundliche Anwendung<\/strong><br \/>Bei Anwendung von Produkten von Mitbewerbern muss in der Regel vorgereinigt und vorbereitet werden, bevor die Beschichtung aufgetragen werden kann. Ceracoat-Beschichtungen erfordern keine Vorbereitung, somit k\u00f6nnen sie schneller und einfacher angewendet werden.<\/li><li><strong>Best\u00e4ndigkeit und Langlebigkeit<\/strong><br \/>Die UV-Stabilit\u00e4t erm\u00f6glicht eine Funktionalit\u00e4t \u00fcber mehrere Jahre, etwa der Lebensdauer der beschichteten Oberfl\u00e4che. Viele Konkurrenzprodukte werden durch Sonnenlicht und Waschen langsam zerst\u00f6rt.<\/li><li><strong>Abriebfest, Easy-to-clean-Effekt<\/strong><br \/>Eine feste chemische Verbindung mit dem Untergrund erm\u00f6glicht eine hervorragende Abrieb- und Waschmaschinenbest\u00e4ndigkeit \u2013 die Beschichtung haftet an den Fasern, bis sie durch \u00e4ussere Einfl\u00fcsse zerst\u00f6rt wird. Viele Konkurrenzprodukte sind nicht waschmaschinenfest.<\/li><li><strong>Chemische Stabilit\u00e4t \u2013 Waschmittelstabilit\u00e4t<\/strong><br \/>Das Produkt ist waschmittelbest\u00e4ndig. Viele Wettbewerbsprodukte haben diese Eigenschaft nicht und m\u00fcssen regelm\u00e4ssig neu aufgetragen werden.<\/li><li><strong>Hergestellt in der Schweiz<\/strong><\/li><li><strong>Kontakt und Partnerschaft direkt mit dem Gr\u00fcnder und seiner Leidenschaft:<\/strong>:<br \/>Dr. Elio Keller, Ceracoat Group \/ Industries<\/li><\/ul><p><strong>Interesse ein nationaler Vertriebspartner zu werden? Kontaktieren Sie uns unter:<\/strong><br \/><span style=\"text-decoration: underline;\"><span style=\"color: #3366bb;\"><a style=\"color: #3366bb; text-decoration: underline;\" href=\"mailto:sales@ceracoat.me?subject=Become%20Distributor\">sales@ceracoat.me<\/a><\/span><\/span><br \/>mit Angabe Ihres vollst\u00e4ndigen Namens, Ihrer Adresse und Ihres Landes.<\/p><h4 style=\"text-align: center;\"><span style=\"color: #ff0000;\">INTERESSIERT AM DIREKTVERKAUF \/ MLM<\/span><\/h4><p style=\"text-align: center;\"><span style=\"text-decoration: underline; color: #3366ff;\"><a style=\"color: #3366ff; text-decoration: underline;\" href=\"https:\/\/ceracoat.me\/wp-content\/uploads\/2020\/04\/Passion8814.pdf\">DIE CERACOAT LEIDENSCHAFT<\/a><br \/><a style=\"color: #3366ff; text-decoration: underline;\" href=\"https:\/\/ceracoat.me\/wp-content\/uploads\/2019\/12\/PresentationMLM.pdf\" target=\"_blank\" rel=\"noopener\">PR\u00c4SENTATION CERACOAT DIRECT<\/a><\/span><br \/><span style=\"text-decoration: underline; color: #3366ff;\"><a style=\"color: #3366ff; text-decoration: underline;\" href=\"https:\/\/ceracoat.me\/wp-content\/uploads\/2019\/12\/CeracoatDirectSelling.pdf\" target=\"_blank\" rel=\"noopener\">CERACOAT DIREKTVERKAUF<\/a><\/span><\/p><h6 style=\"text-align: center;\">Ceracoat hat\u00a0<strong>KEINE GRENZEN!<\/strong>!<br \/>Ceracoat bietet eine riesige Chance<\/h6>\t\t\t\t\t\t\t\t<\/div>\n\t\t\t\t<\/div>\n\t\t\t\t\t<\/div>\n\t\t<\/div>\n\t\t\t\t<div class=\"elementor-column elementor-col-50 elementor-inner-column elementor-element elementor-element-3abda1b8\" data-id=\"3abda1b8\" data-element_type=\"column\" data-e-type=\"column\">\n\t\t\t<div class=\"elementor-widget-wrap elementor-element-populated\">\n\t\t\t\t\t\t<div class=\"elementor-element elementor-element-09d9df7 elementor-widget elementor-widget-accordion\" data-id=\"09d9df7\" data-element_type=\"widget\" data-e-type=\"widget\" data-widget_type=\"accordion.default\">\n\t\t\t\t<div class=\"elementor-widget-container\">\n\t\t\t\t\t\t\t<div class=\"elementor-accordion\">\n\t\t\t\t\t\t\t<div class=\"elementor-accordion-item\">\n\t\t\t\t\t<div id=\"elementor-tab-title-1031\" class=\"elementor-tab-title\" data-tab=\"1\" role=\"button\" aria-controls=\"elementor-tab-content-1031\" aria-expanded=\"false\">\n\t\t\t\t\t\t\t\t\t\t\t\t<a class=\"elementor-accordion-title\" tabindex=\"0\">Dr. Elio Keller<\/a>\n\t\t\t\t\t<\/div>\n\t\t\t\t\t<div id=\"elementor-tab-content-1031\" class=\"elementor-tab-content elementor-clearfix\" data-tab=\"1\" role=\"region\" aria-labelledby=\"elementor-tab-title-1031\"><p><img decoding=\"async\" class=\"wp-image-529 size-full aligncenter\" src=\"https:\/\/ceracoat.me\/wp-content\/uploads\/2019\/12\/drelio.jpg\" alt=\"\" width=\"319\" height=\"370\" srcset=\"https:\/\/ceracoat.me\/wp-content\/uploads\/2019\/12\/drelio.jpg 319w, https:\/\/ceracoat.me\/wp-content\/uploads\/2019\/12\/drelio-300x348.jpg 300w, https:\/\/ceracoat.me\/wp-content\/uploads\/2019\/12\/drelio-259x300.jpg 259w\" sizes=\"(max-width: 319px) 100vw, 319px\" \/><\/p><\/div>\n\t\t\t\t<\/div>\n\t\t\t\t\t\t\t\t<\/div>\n\t\t\t\t\t\t<\/div>\n\t\t\t\t<\/div>\n\t\t\t\t<div class=\"elementor-element elementor-element-642050f elementor-widget elementor-widget-accordion\" data-id=\"642050f\" data-element_type=\"widget\" data-e-type=\"widget\" data-widget_type=\"accordion.default\">\n\t\t\t\t<div class=\"elementor-widget-container\">\n\t\t\t\t\t\t\t<div class=\"elementor-accordion\">\n\t\t\t\t\t\t\t<div class=\"elementor-accordion-item\">\n\t\t\t\t\t<div id=\"elementor-tab-title-1041\" class=\"elementor-tab-title\" data-tab=\"1\" role=\"button\" aria-controls=\"elementor-tab-content-1041\" aria-expanded=\"false\">\n\t\t\t\t\t\t\t\t\t\t\t\t<a class=\"elementor-accordion-title\" tabindex=\"0\">Videos<\/a>\n\t\t\t\t\t<\/div>\n\t\t\t\t\t<div id=\"elementor-tab-content-1041\" class=\"elementor-tab-content elementor-clearfix\" data-tab=\"1\" role=\"region\" aria-labelledby=\"elementor-tab-title-1041\"><iframe src=\"https:\/\/www.youtube.com\/embed\/DtILOgucMlk\" width=\"560\" height=\"315\" frameborder=\"0\" allowfullscreen=\"allowfullscreen\"><\/iframe><\/div>\n\t\t\t\t<\/div>\n\t\t\t\t\t\t\t\t<\/div>\n\t\t\t\t\t\t<\/div>\n\t\t\t\t<\/div>\n\t\t\t\t\t<\/div>\n\t\t<\/div>\n\t\t\t\t\t<\/div>\n\t\t<\/section>\n\t\t\t\t\t<\/div>\n\t\t<\/div>\n\t\t\t\t\t<\/div>\n\t\t<\/section>\n\t\t\t\t<\/div>","protected":false},"excerpt":{"rendered":"<p>Ceracoat Group Opportunity Welcome to the future of surface coating &#8211; we are looking for national distributors! &#8220;Don&#8217;t clean any more! COAT &#8211; CERACOAT&#8221; Ceracoat COATINGS FOR ANY SURFACE\u00a0 I am Elio, the founder and president of Ceracoat Group, the producer in nano\u00a0technology (Ceracoat). We have the perfect products to be sold via Demonstration Advertising&hellip;&nbsp;<a href=\"https:\/\/ceracoat.me\/de\/become-distributor\/\" rel=\"bookmark\">Weiterlesen &raquo;<span class=\"screen-reader-text\">Werde Vertriebspartner<\/span><\/a><\/p>","protected":false},"author":2,"featured_media":0,"parent":0,"menu_order":0,"comment_status":"closed","ping_status":"closed","template":"elementor_header_footer","meta":{"om_disable_all_campaigns":false,"_monsterinsights_skip_tracking":false,"_monsterinsights_sitenote_active":false,"_monsterinsights_sitenote_note":"","_monsterinsights_sitenote_category":0,"neve_meta_sidebar":"default","neve_meta_container":"default","neve_meta_enable_content_width":"off","neve_meta_content_width":70,"neve_meta_title_alignment":"","neve_meta_author_avatar":"","neve_post_elements_order":"","neve_meta_disable_header":"off","neve_meta_disable_footer":"off","neve_meta_disable_title":"off","footnotes":""},"class_list":["post-83","page","type-page","status-publish","hentry"],"aioseo_notices":[],"_links":{"self":[{"href":"https:\/\/ceracoat.me\/de\/wp-json\/wp\/v2\/pages\/83","targetHints":{"allow":["GET"]}}],"collection":[{"href":"https:\/\/ceracoat.me\/de\/wp-json\/wp\/v2\/pages"}],"about":[{"href":"https:\/\/ceracoat.me\/de\/wp-json\/wp\/v2\/types\/page"}],"author":[{"embeddable":true,"href":"https:\/\/ceracoat.me\/de\/wp-json\/wp\/v2\/users\/2"}],"replies":[{"embeddable":true,"href":"https:\/\/ceracoat.me\/de\/wp-json\/wp\/v2\/comments?post=83"}],"version-history":[{"count":6,"href":"https:\/\/ceracoat.me\/de\/wp-json\/wp\/v2\/pages\/83\/revisions"}],"predecessor-version":[{"id":11752,"href":"https:\/\/ceracoat.me\/de\/wp-json\/wp\/v2\/pages\/83\/revisions\/11752"}],"wp:attachment":[{"href":"https:\/\/ceracoat.me\/de\/wp-json\/wp\/v2\/media?parent=83"}],"curies":[{"name":"wp","href":"https:\/\/api.w.org\/{rel}","templated":true}]}}