{"id":213,"date":"2019-11-27T15:56:48","date_gmt":"2019-11-27T14:56:48","guid":{"rendered":"http:\/\/localhost\/ceracoat\/?post_type=product&#038;p=213"},"modified":"2023-04-21T16:47:42","modified_gmt":"2023-04-21T14:47:42","slug":"ceracoat-ceramic-textile-care-200ml","status":"publish","type":"product","link":"https:\/\/ceracoat.me\/de\/products\/shop\/ceracoat-ceramic-textile-care-200ml\/","title":{"rendered":"CERACOAT Ceramic Textil Schutz                                        200ml"},"content":{"rendered":"<p>F\u00fcr alle saugf\u00e4higen Oberfl\u00e4chen wie Textilien, Wildleder, Papier, Pappe, Kleidung, Haushaltstextilien, Wildlederschuhe, M\u00f6bel, Teppiche, Vorh\u00e4nge, Matratzen, Betttextilien, Autositze, Teppiche, Autoverdeck.<\/p>\n<p>Ceracoat Ceramic Textil Schutz beschichtet und sch\u00fctzt alle Ihre saugf\u00e4higen Oberfl\u00e4chen vor Fl\u00fcssigkeiten (Wasser, \u00d6l, Kaffee, So\u00dfen usw.), Staub und Schmutz im Allgemeinen. Ceracoat Ceramic Textil Schutz ist lebensmittelneutral. Ceracoats d\u00fcnner Nano-Keramikfilm beschichtet und sch\u00fctzt alle Ihre Textiloberfl\u00e4chen, w\u00e4hrend er v\u00f6llig unsichtbar bleibt! Wasser wird abgesto\u00dfen (Tropfenbildung, kein Eindringen in die Oberfl\u00e4che) Staub und Schmutz dringen nicht mehr ein bzw. haften nicht mehr an den textilen Oberfl\u00e4chen.<\/p>\n<p>Nach der Behandlung mit Ceracoat Ceramic Textil Schutz ben\u00f6tigen Sie keine Reiniger mehr und die Oberfl\u00e4chen werden weniger schmutzig. Ceracoat Ceramic Textil Schutz ist atmungsaktiv und permanent (UV-stabil, sehr abriebfest, waschmittelbest\u00e4ndig) und sehr langlebig (bis zu 30 Waschg\u00e4nge f\u00fcr Kleider).<\/p>\n<h6><strong>MIT CERACOAT SPAREN SIE ZEIT UND GELD!<\/strong><\/h6>\n<p><strong>ANWENDUNG:<\/strong><br>\nDie Oberfl\u00e4che muss sauber und trocken sein. Testen Sie zuerst die Oberfl\u00e4che: Geben Sie einen Tropfen Wasser auf die Oberfl\u00e4che. Der Tropfen muss von der mit Ceracoat Ceramic Textil Schutz zu behandelnden Oberfl\u00e4che sofort aufgesogen werden. Wenn der Wassertropfen nicht sofort aufgesogen wird, bedeutet dies, dass die Oberfl\u00e4che bereits behandelt ist und nicht mit Ceracoat Ceramic Textil Schutz behandelt werden kann. Ansonsten einfach Ceracoat Ceramic Textil Schutz auf die Oberfl\u00e4che spr\u00fchen bis ein d\u00fcnner feuchter Film auf der Oberfl\u00e4che zu sehen ist und 24 h trocknen lassen.<\/p>\n<p class=\" translation-block\"><p><p><\/p>","protected":false},"excerpt":{"rendered":"<p>For all absorbent surfaces of textiles, suede leather, paper, cardboard, clothes, household textiles, suede shoes, furnitures, carpets, curtains,mattresse s, bed textiles, car seats &#038; carpets, car convertible hood<\/p>","protected":false},"featured_media":6106,"template":"","meta":{"om_disable_all_campaigns":false,"_monsterinsights_skip_tracking":false,"_monsterinsights_sitenote_active":false,"_monsterinsights_sitenote_note":"","_monsterinsights_sitenote_category":0,"neve_meta_sidebar":"","neve_meta_container":"","neve_meta_enable_content_width":"off","neve_meta_content_width":70,"neve_meta_title_alignment":"","neve_meta_author_avatar":"","neve_post_elements_order":"","neve_meta_disable_header":"","neve_meta_disable_footer":"","neve_meta_disable_title":""},"product_brand":[],"product_cat":[33],"product_tag":[],"class_list":{"0":"post-213","1":"product","2":"type-product","3":"status-publish","4":"has-post-thumbnail","6":"product_cat-ceracoat","8":"first","9":"instock","10":"taxable","11":"shipping-taxable","12":"purchasable","13":"product-type-simple"},"aioseo_notices":[],"_links":{"self":[{"href":"https:\/\/ceracoat.me\/de\/wp-json\/wp\/v2\/product\/213","targetHints":{"allow":["GET"]}}],"collection":[{"href":"https:\/\/ceracoat.me\/de\/wp-json\/wp\/v2\/product"}],"about":[{"href":"https:\/\/ceracoat.me\/de\/wp-json\/wp\/v2\/types\/product"}],"version-history":[{"count":0,"href":"https:\/\/ceracoat.me\/de\/wp-json\/wp\/v2\/product\/213\/revisions"}],"wp:featuredmedia":[{"embeddable":true,"href":"https:\/\/ceracoat.me\/de\/wp-json\/wp\/v2\/media\/6106"}],"wp:attachment":[{"href":"https:\/\/ceracoat.me\/de\/wp-json\/wp\/v2\/media?parent=213"}],"wp:term":[{"taxonomy":"product_brand","embeddable":true,"href":"https:\/\/ceracoat.me\/de\/wp-json\/wp\/v2\/product_brand?post=213"},{"taxonomy":"product_cat","embeddable":true,"href":"https:\/\/ceracoat.me\/de\/wp-json\/wp\/v2\/product_cat?post=213"},{"taxonomy":"product_tag","embeddable":true,"href":"https:\/\/ceracoat.me\/de\/wp-json\/wp\/v2\/product_tag?post=213"}],"curies":[{"name":"wp","href":"https:\/\/api.w.org\/{rel}","templated":true}]}}