{"id":4097,"date":"2020-02-27T17:23:08","date_gmt":"2020-02-27T16:23:08","guid":{"rendered":"https:\/\/ceracoat.me\/?post_type=product&#038;p=4097"},"modified":"2025-08-12T16:58:19","modified_gmt":"2025-08-12T14:58:19","slug":"ceracoat-ceramic-protectall-200ml","status":"publish","type":"product","link":"https:\/\/ceracoat.me\/de\/products\/shop\/ceracoat-ceramic-protectall-200ml\/","title":{"rendered":"CERACOAT Ceramic Protect ALL                                          200ml"},"content":{"rendered":"<div data-elementor-type=\"wp-post\" data-elementor-id=\"4097\" class=\"elementor elementor-4097\">\n\t\t\t\t\t\t<section class=\"elementor-section elementor-top-section elementor-element elementor-element-bfaf24c elementor-section-boxed elementor-section-height-default elementor-section-height-default\" data-id=\"bfaf24c\" data-element_type=\"section\" data-e-type=\"section\">\n\t\t\t\t\t\t<div class=\"elementor-container elementor-column-gap-default\">\n\t\t\t\t\t<div class=\"elementor-column elementor-col-100 elementor-top-column elementor-element elementor-element-74107520\" data-id=\"74107520\" data-element_type=\"column\" data-e-type=\"column\">\n\t\t\t<div class=\"elementor-widget-wrap elementor-element-populated\">\n\t\t\t\t\t\t<div class=\"elementor-element elementor-element-7ee5f2f1 elementor-widget elementor-widget-text-editor\" data-id=\"7ee5f2f1\" data-element_type=\"widget\" data-e-type=\"widget\" data-widget_type=\"text-editor.default\">\n\t\t\t\t<div class=\"elementor-widget-container\">\n\t\t\t\t\t\t\t\t\t<p><strong>CERACOAT\u2122 ProtectAll (f\u00fcr alle harten Oberfl\u00e4chen)<\/strong><\/p>\n\nBeschichtung, Schutz, Renovierung f\u00fcr alle HARTEN Oberfl\u00e4chen aus Glas, Kunststoff, Chrom, Kupfer, Silber, Keramik, Metall, Duschkabinen, Fenstern, Spiegeln, Glas, M\u00f6beln, Toiletten, Waschbecken, Badewannen, Fliesen, Wasserh\u00e4hnen, Badezimmern und K\u00fcchen im Allgemeinen.\nCeracoat\u2122 ProtectAll ist au\u00dferdem antibakteriell und verf\u00fcgt \u00fcber kratzfeste und fingerabdruckabweisende Eigenschaften.<\/strong><\/p>\n<p><strong>CERACOAT\u2122<\/strong>&nbsp;<strong>ProtectAll<\/strong> ist ein sehr langlebiger Oberfl\u00e4chenrenovierer und -schutz f\u00fcr nicht saugf\u00e4hige\/harte Oberfl\u00e4chen.<\/p>\n<p><strong>CERACOAT\u2122<\/strong>&nbsp;<strong>ProtectAll<\/strong> renoviert alle Ihre harten Oberfl\u00e4chen und l\u00e4sst sie wieder strahlen, w\u00e4hrend die d\u00fcnne Nano-Keramikschicht sie sch\u00fctzt. Die Oberfl\u00e4chen werden fl\u00fcssigkeits- und schmutzabweisend und lassen sich leicht reinigen. <strong>CERACOAT\u2122<\/strong>&nbsp;<strong>ProtectAll<\/strong> ist lebensmittelecht, absolut sicher und antibakteriell.<\/p>\n<p>Zahnpasta, Seife, Fett, Kalk, Regen, Staub haften nicht mehr an den Oberfl\u00e4chen und hinterlassen keinen dauerhaften Schmutz mehr.<\/p>\n<p>Nach der Behandlung mit <strong>CERACOAT\u2122<\/strong>&nbsp;<strong>ProtectAll<\/strong> ben\u00f6tigen Sie keine Reinigungsmittel mehr. Reinigen Sie einfach mit einem Handtuch oder sp\u00fclen Sie mit Wasser nach. <strong><br><\/strong><\/p><p><strong>CERACOAT\u2122ProtectAll l\u00e4sst Sie Zeit und Geld sparen, und sch\u00fctzt die Natur.   CERACOAT\u2122ProtectAll ist absolut sicher und lebensmittelecht!<\/strong><\/p><p><strong>ANWENDUNG:<\/strong> Die Oberfl\u00e4che muss trocken sein. Geben Sie einige Tropfen auf ein Handtuch (oder saugf\u00e4higes Papier oder Mikrofasertuch) und tragen Sie das Produkt mit kreisenden Bewegungen auf. Es bildet sich ein matter Film. Warten Sie 2\u20133 Minuten und polieren Sie dann die Oberfl\u00e4che, bis der matte Film verschwunden ist und nur noch eine perfekt gl\u00e4nzende, glatte und saubere Oberfl\u00e4che zu sehen ist. Bitte warten Sie 2 Stunden, bevor Sie die CERACOATED  Oberfl\u00e4che Wasser aussetzen. 10-20 ml pro m\u00b2 \/ 10 sq ft sind ausreichend.<\/p>\n<p>So erhalten Sie das beste Resultat f\u00fcr einen sehr lang anhaltenden Schutz. Nach Kontakt mit Wasser immer trocknen. Reinigung + Beschichtung + Erneuerung + Renovierung + Schutz + Glanz: ALLES IN EINEM<\/p>\n<p><strong>REINIGUNG NACH DER BEHANDLUNG MIT CERACOAT\u2122 ProtectAll<\/strong><\/p>\n<p>Staub, Fl\u00fcssigkeiten und\/oder Schmutz lassen sich ganz einfach mit einem Tuch oder einem saugf\u00e4higen Papier entfernen oder einfach mit Wasser absp\u00fclen und anschlie\u00dfend trocknen. Keine Reinigungsmittel mehr n\u00f6tig.<!-- Created with Elementor --><\/p>\t\t\t\t\t\t\t\t<\/div>\n\t\t\t\t<\/div>\n\t\t\t\t\t<\/div>\n\t\t<\/div>\n\t\t\t\t\t<\/div>\n\t\t<\/section>\n\t\t\t\t<\/div>","protected":false},"excerpt":{"rendered":"<p>Renoviert und sch\u00fctzt alle Oberfl\u00e4chen aus Glas, Keramik, Chrom, Kupfer, Silber, Gold, Metall, Kunststoff, lackiertem Holz, lackiertem Marmor, Carbon<\/p>","protected":false},"featured_media":6070,"template":"","meta":{"om_disable_all_campaigns":false,"_monsterinsights_skip_tracking":false,"_monsterinsights_sitenote_active":false,"_monsterinsights_sitenote_note":"","_monsterinsights_sitenote_category":0,"neve_meta_sidebar":"","neve_meta_container":"","neve_meta_enable_content_width":"off","neve_meta_content_width":70,"neve_meta_title_alignment":"","neve_meta_author_avatar":"","neve_post_elements_order":"","neve_meta_disable_header":"","neve_meta_disable_footer":"","neve_meta_disable_title":""},"product_brand":[],"product_cat":[33],"product_tag":[],"class_list":{"0":"post-4097","1":"product","2":"type-product","3":"status-publish","4":"has-post-thumbnail","6":"product_cat-ceracoat","8":"first","9":"instock","10":"taxable","11":"shipping-taxable","12":"purchasable","13":"product-type-simple"},"aioseo_notices":[],"_links":{"self":[{"href":"https:\/\/ceracoat.me\/de\/wp-json\/wp\/v2\/product\/4097","targetHints":{"allow":["GET"]}}],"collection":[{"href":"https:\/\/ceracoat.me\/de\/wp-json\/wp\/v2\/product"}],"about":[{"href":"https:\/\/ceracoat.me\/de\/wp-json\/wp\/v2\/types\/product"}],"version-history":[{"count":19,"href":"https:\/\/ceracoat.me\/de\/wp-json\/wp\/v2\/product\/4097\/revisions"}],"predecessor-version":[{"id":11695,"href":"https:\/\/ceracoat.me\/de\/wp-json\/wp\/v2\/product\/4097\/revisions\/11695"}],"wp:featuredmedia":[{"embeddable":true,"href":"https:\/\/ceracoat.me\/de\/wp-json\/wp\/v2\/media\/6070"}],"wp:attachment":[{"href":"https:\/\/ceracoat.me\/de\/wp-json\/wp\/v2\/media?parent=4097"}],"wp:term":[{"taxonomy":"product_brand","embeddable":true,"href":"https:\/\/ceracoat.me\/de\/wp-json\/wp\/v2\/product_brand?post=4097"},{"taxonomy":"product_cat","embeddable":true,"href":"https:\/\/ceracoat.me\/de\/wp-json\/wp\/v2\/product_cat?post=4097"},{"taxonomy":"product_tag","embeddable":true,"href":"https:\/\/ceracoat.me\/de\/wp-json\/wp\/v2\/product_tag?post=4097"}],"curies":[{"name":"wp","href":"https:\/\/api.w.org\/{rel}","templated":true}]}}