{"id":4724,"date":"2020-04-08T18:20:59","date_gmt":"2020-04-08T16:20:59","guid":{"rendered":"https:\/\/ceracoat.me\/?post_type=product&#038;p=4724"},"modified":"2025-07-31T09:47:04","modified_gmt":"2025-07-31T07:47:04","slug":"ceracoat-des-long-time-disinfectant","status":"publish","type":"product","link":"https:\/\/ceracoat.me\/de\/products\/shop\/ceracoat-des-long-time-disinfectant\/","title":{"rendered":"CERACOAT DES Langzeit Beschichtung (6 Monate) harte Oberfl\u00e4chen (50m2) Anti-Bakterien + Anti-Viren 500ml"},"content":{"rendered":"<div data-elementor-type=\"product-post\" data-elementor-id=\"4724\" class=\"elementor elementor-4724\">\n\t\t\t\t\t\t<section class=\"elementor-section elementor-top-section elementor-element elementor-element-4623a324 elementor-section-boxed elementor-section-height-default elementor-section-height-default\" data-id=\"4623a324\" data-element_type=\"section\" data-e-type=\"section\">\n\t\t\t\t\t\t<div class=\"elementor-container elementor-column-gap-default\">\n\t\t\t\t\t<div class=\"elementor-column elementor-col-100 elementor-top-column elementor-element elementor-element-fb5894d\" data-id=\"fb5894d\" data-element_type=\"column\" data-e-type=\"column\">\n\t\t\t<div class=\"elementor-widget-wrap elementor-element-populated\">\n\t\t\t\t\t\t<div class=\"elementor-element elementor-element-177ce487 elementor-widget elementor-widget-text-editor\" data-id=\"177ce487\" data-element_type=\"widget\" data-e-type=\"widget\" data-widget_type=\"text-editor.default\">\n\t\t\t\t<div class=\"elementor-widget-container\">\n\t\t\t\t\t\t\t\t\t<strong>CERACOAT\u00aeDES<\/strong> ist ein Reinigungs-, Desinfektions-, Beschichtungs-, Schutzmittel, das eine multifunktionale\nBarriere auf der Oberfl\u00e4che hinterl\u00e4sst mit:\r\n<p style=\"text-align: center;\" class=\" translation-block\">NAT\u00dcRLICHEN UND ORGANISCHEN VERBINDUNGEN<br>\nSICHEREN UND UMWELTFREUNDLICHEN FORMULIERUNGEN<br>\nUNGIFTIGEN UND NICHT-ALLERGISCHEN L\u00d6SUNGEN<br>\nNACHHALTIG, RECYCELT UND RECYCELBAR<br>\nLEBENSMITTELSICHERE INHALTSSTOFFE<br>\n\nVersiegelung f\u00fcr harte Oberfl\u00e4chen schafft eine Mikrobiota Barriere-Versiegelung die hilft, Kreuzinfektionen zu verhindern, indem sie eine feindliche Umgebung f\u00fcr Krankheitserreger und Biofilm schafft.<\/p>\r\n<p style=\"text-align: center;\" class=\" translation-block\">Im Gegensatz zu herk\u00f6mmlichen Desinfektionsmitteln tritt der antibakterielle und antimikrobielle Schutz bereits nach kurzer Zeit ein und sch\u00fctzt nachhaltig bis zu <b>6 Monate <\/b>vor Viren, Bakterien und Mikroben.\n<b>6 Monate lang keine Desinfektionsmittel mehr n\u00f6tig!<\/b><\/p>\r\nViren sind die h\u00e4ufigste Ursache f\u00fcr Infektionskrankheiten, die in Innenr\u00e4umen von Krankenh\u00e4usern, Schulen, Arbeitsumgebungen und Haushalten \u00fcbertragen werden und erhebliche Auswirkungen auf die menschliche Gesundheit haben. COVID-19 hat weltweit erschreckende Einblicke in die Mechanismen der Ansteckung und Kreuzinfektion gegeben. Viren haften an Feuchtigkeitstr\u00f6pfchen, die von der infizierten Person \u00fcber die Luft zu hochriskanten Ber\u00fchrungspunkten gelangen.\r\n\r\n<strong>CERACOAT\u00aeDES<\/strong> HARTFL\u00c4CHEN-VERSIEGELUNGSSPRAY\nIdeal f\u00fcr glatte, nicht saugf\u00e4hige Kontaktfl\u00e4chen mit hohem Risiko, wie: T\u00fcren, Griffe, Aufzugskn\u00f6pfe, Treppengel\u00e4nder,\nToilettensitze, Schalter, Touchscreens, Mobiltelefone, Einkaufswagen, Kreditkarten, Schreibtischoberfl\u00e4chen, Zahlungsterminals, Einkaufsbereiche usw.\r\n\r\n<strong>Beschreibung Zus\u00e4tzliche Informationen<\/strong>\r\n<strong>CERACOAT\u00aeDES:<\/strong> Bioflavonoide \u2013 eine gro\u00dfe Gruppe ungiftiger nat\u00fcrlicher Pflanzenbestandteile \u2013 sind in der Gesundheitspflege weithin f\u00fcr ihre starke nat\u00fcrliche antioxidative, entz\u00fcndungshemmende, antiallergische, antibakterielle, antimykotische, antivirale, neuroprotektive und heilende Wirkung bekannt und helfen sogar bei der Bek\u00e4mpfung antibiotikaresistenter Bakterien.\nUnser patentierter Bioflavonoid-Komplex bietet nat\u00fcrlichen, sicheren und wirksamen Schutz vor weit verbreiteten Atemwegsinfektionen wie SARS-COVID, Influenza und Rhinovirus. Die Formel wurde von unabh\u00e4ngigen Labors getestet und zerst\u00f6rt sowohl umh\u00fcllte als auch nicht umh\u00fcllte Viren innerhalb von 1 bis 5 Minuten nach Kontakt, je nach Konzentration und Virustyp, und deaktiviert ihre F\u00e4higkeit, sich zu vermehren und weitere gesunde Zellen zu infizieren, wobei organische, lebensmitteltaugliche, GVO-freie und im Allgemeinen nicht allergieausl\u00f6sende pflanzliche Inhaltsstoffe verwendet werden.\r\n\r\n<strong>Anwendung:<\/strong> Tragen Sie  CERACOAT\u00aeDES Langzeitdesinfektionsmittel auf die Oberfl\u00e4che auf und verteilen Sie es gleichm\u00e4\u00dfig mit einem Tuch. Trocknen lassen. Nicht absp\u00fclen. Kann auf allen Oberfl\u00e4chen verwendet werden. Nachhaltige antimikrobielle Wirkung f\u00fcr bis zu 6 Monate (getestet gem\u00e4\u00df EN 13624:2013 \u2013 EN 1650:2019 \u2013 EN 1276:2019 \u2013 EN 13727:2012 + A2:2015) (umh\u00fcllte Viren einschlie\u00dflich Coronavirus, HIV, HBV, HCV, Herpes, Influenza, Ebola-Virus \u2026)<!-- Created with Elementor --><!-- Created with Elementor -->\t\t\t\t\t\t\t\t<\/div>\n\t\t\t\t<\/div>\n\t\t\t\t\t<\/div>\n\t\t<\/div>\n\t\t\t\t\t<\/div>\n\t\t<\/section>\n\t\t\t\t<\/div>","protected":false},"excerpt":{"rendered":"<p><strong><b>Reinigt, versiegelt und sch\u00fctzt harte Oberfl\u00e4chen<\/b><\/strong><\/p>\n<p class=\" translation-block\"><b>CERACOAT\u00aeDES<\/b> - BIOFLAVONOID TECHNOLOGIE<\/p>\n<p class=\" translation-block\">LEISTUNGSSTARKER PFLANZENBASIERTER\nANTIMIKROBIELLER, ANTIVIRALER UND ANTIFUNGALER SCHUTZ \u2013 Eliminiert bis 99,99% der Bakterien und Viren und h\u00e4lt\nbis zu <b>6 Monate!<\/b> Hochwirksames Fl\u00e4chendesinfektionsmittel<\/p>","protected":false},"featured_media":7564,"template":"","meta":{"om_disable_all_campaigns":false,"_monsterinsights_skip_tracking":false,"_monsterinsights_sitenote_active":false,"_monsterinsights_sitenote_note":"","_monsterinsights_sitenote_category":0,"neve_meta_sidebar":"","neve_meta_container":"","neve_meta_enable_content_width":"off","neve_meta_content_width":70,"neve_meta_title_alignment":"","neve_meta_author_avatar":"","neve_post_elements_order":"","neve_meta_disable_header":"","neve_meta_disable_footer":"","neve_meta_disable_title":""},"product_brand":[],"product_cat":[33],"product_tag":[],"class_list":{"0":"post-4724","1":"product","2":"type-product","3":"status-publish","4":"has-post-thumbnail","6":"product_cat-ceracoat","8":"first","9":"instock","10":"taxable","11":"shipping-taxable","12":"purchasable","13":"product-type-simple"},"aioseo_notices":[],"_links":{"self":[{"href":"https:\/\/ceracoat.me\/de\/wp-json\/wp\/v2\/product\/4724","targetHints":{"allow":["GET"]}}],"collection":[{"href":"https:\/\/ceracoat.me\/de\/wp-json\/wp\/v2\/product"}],"about":[{"href":"https:\/\/ceracoat.me\/de\/wp-json\/wp\/v2\/types\/product"}],"version-history":[{"count":39,"href":"https:\/\/ceracoat.me\/de\/wp-json\/wp\/v2\/product\/4724\/revisions"}],"predecessor-version":[{"id":11663,"href":"https:\/\/ceracoat.me\/de\/wp-json\/wp\/v2\/product\/4724\/revisions\/11663"}],"wp:featuredmedia":[{"embeddable":true,"href":"https:\/\/ceracoat.me\/de\/wp-json\/wp\/v2\/media\/7564"}],"wp:attachment":[{"href":"https:\/\/ceracoat.me\/de\/wp-json\/wp\/v2\/media?parent=4724"}],"wp:term":[{"taxonomy":"product_brand","embeddable":true,"href":"https:\/\/ceracoat.me\/de\/wp-json\/wp\/v2\/product_brand?post=4724"},{"taxonomy":"product_cat","embeddable":true,"href":"https:\/\/ceracoat.me\/de\/wp-json\/wp\/v2\/product_cat?post=4724"},{"taxonomy":"product_tag","embeddable":true,"href":"https:\/\/ceracoat.me\/de\/wp-json\/wp\/v2\/product_tag?post=4724"}],"curies":[{"name":"wp","href":"https:\/\/api.w.org\/{rel}","templated":true}]}}