{"id":5154,"date":"2022-02-09T18:03:46","date_gmt":"2022-02-09T17:03:46","guid":{"rendered":"https:\/\/ceracoat.me\/?post_type=product&#038;p=5154"},"modified":"2023-04-25T12:52:08","modified_gmt":"2023-04-25T10:52:08","slug":"ceracoat-leather-care-car-inside-200ml","status":"publish","type":"product","link":"https:\/\/ceracoat.me\/de\/products\/shop\/ceracoat-leather-care-car-inside-200ml\/","title":{"rendered":"CERACOAT Ceramic Leder Schutz Auto Innen 200ml"},"content":{"rendered":"<p><strong>CERACOAT\u2122 LEDER SCHUTZ AUTO INNEN<\/strong><\/p>\n<p>Ceracoat Ceramic Leder Schutz Auto Innen beschichtet und sch\u00fctzt alle Ihre Leder-\/Kunststoffoberfl\u00e4chen (aber auch lackiertes Holz) wie die Sitze, Autocockpits, Lenkr\u00e4der vor Fl\u00fcssigkeiten (Wasser, Ol, Milch) und Schmutz im Allgemeinen und verleiht dem Leder oder Kunststoff neuen Tiefenglanz.\nDie Oberfl\u00e4che hat wasserabweisende Eigenschaften (Tropfenbildung), Staub und Schmutz dringen nicht mehr in die Poren ein.\nCeracoat Ceramic Leder Schutz Auto Innen ist sehr langanhaltend.\nNach der Behandlung mit Ceracoat Ceramic Leder Schutz Auto Innen ben\u00f6tigen Sie keine herk\u00f6mmlichen Reiniger mehr.<\/p>\n<p><strong><strong>MIT CERACOAT SPAREN SIE ZEIT UND GELD!<\/strong><\/strong><\/p>\n<p><strong>ANWENDUNG<\/strong><\/p>\n<p>Leder-\/Kunststoffoberfl\u00e4chen m\u00fcssen sauber und trocken sein -\nvor Gebrauch sch\u00fctteln. Sie k\u00f6nnen Leder\/Kunststoff beschichten,\nnaturbelassen oder bereits poliert. Geben Sie einfach einige\nTropfen Ceracoat Ceramic Leder Schutz Auto Innen auf ein Tuch\nund reiben die Oberfl\u00e4che ein und lassen es dann einige Stunden\neinwirken.<\/p>\n<p>&nbsp;<\/p>\n<p><strong>REINIGUNG NACH DER BEHANDLUNG MIT CERACOAT<\/strong><\/p>\n<p>Staub, Schmutz und Fl\u00fcssigkeiten k\u00f6nnen einfach weggesch\u00fcttelt\noder mit einem saugf\u00e4higen Papier aufgenommen werden. Cremige\nund klebrige Fl\u00fcssigkeiten, wie Fett oder \u00d6l k\u00f6nnen nur mit Wasser\nweggesp\u00fclt werden (oder direkt mit einem nassen Tuch\nwegwischen). Dann einfach das Wasser mit einem saugf\u00e4higen\nPapier aufsaugen.<\/p>","protected":false},"excerpt":{"rendered":"<p class=\" translation-block\">Ceracoat Ceramic Leder Schutz Auto Innen beschichtet und sch\u00fctzt\nalle Ihre Leder-\/Kunststoffoberfl\u00e4chen<\/p>","protected":false},"featured_media":6140,"template":"","meta":{"om_disable_all_campaigns":false,"_monsterinsights_skip_tracking":false,"_monsterinsights_sitenote_active":false,"_monsterinsights_sitenote_note":"","_monsterinsights_sitenote_category":0,"neve_meta_sidebar":"","neve_meta_container":"","neve_meta_enable_content_width":"off","neve_meta_content_width":70,"neve_meta_title_alignment":"","neve_meta_author_avatar":"","neve_post_elements_order":"","neve_meta_disable_header":"","neve_meta_disable_footer":"","neve_meta_disable_title":""},"product_brand":[],"product_cat":[33],"product_tag":[],"class_list":{"0":"post-5154","1":"product","2":"type-product","3":"status-publish","4":"has-post-thumbnail","6":"product_cat-ceracoat","8":"first","9":"instock","10":"taxable","11":"shipping-taxable","12":"purchasable","13":"product-type-simple"},"aioseo_notices":[],"_links":{"self":[{"href":"https:\/\/ceracoat.me\/de\/wp-json\/wp\/v2\/product\/5154","targetHints":{"allow":["GET"]}}],"collection":[{"href":"https:\/\/ceracoat.me\/de\/wp-json\/wp\/v2\/product"}],"about":[{"href":"https:\/\/ceracoat.me\/de\/wp-json\/wp\/v2\/types\/product"}],"version-history":[{"count":0,"href":"https:\/\/ceracoat.me\/de\/wp-json\/wp\/v2\/product\/5154\/revisions"}],"wp:featuredmedia":[{"embeddable":true,"href":"https:\/\/ceracoat.me\/de\/wp-json\/wp\/v2\/media\/6140"}],"wp:attachment":[{"href":"https:\/\/ceracoat.me\/de\/wp-json\/wp\/v2\/media?parent=5154"}],"wp:term":[{"taxonomy":"product_brand","embeddable":true,"href":"https:\/\/ceracoat.me\/de\/wp-json\/wp\/v2\/product_brand?post=5154"},{"taxonomy":"product_cat","embeddable":true,"href":"https:\/\/ceracoat.me\/de\/wp-json\/wp\/v2\/product_cat?post=5154"},{"taxonomy":"product_tag","embeddable":true,"href":"https:\/\/ceracoat.me\/de\/wp-json\/wp\/v2\/product_tag?post=5154"}],"curies":[{"name":"wp","href":"https:\/\/api.w.org\/{rel}","templated":true}]}}