{"id":606,"date":"2019-12-04T21:56:03","date_gmt":"2019-12-04T20:56:03","guid":{"rendered":"https:\/\/ceracoat.me\/dev\/ceracoat\/?post_type=product&#038;p=606"},"modified":"2023-04-21T11:58:53","modified_gmt":"2023-04-21T09:58:53","slug":"ceracoat-ceramic-glass-care-200ml","status":"publish","type":"product","link":"https:\/\/ceracoat.me\/de\/products\/shop\/ceracoat-ceramic-glass-care-200ml\/","title":{"rendered":"CERACOAT Ceramic Glas Schutz                                          200ml"},"content":{"rendered":"<p>F\u00fcr alle Oberfl\u00e4chen aus Glas und Keramik: Fenster, Spiegel, Glasm\u00f6bel, WC, Lavabo, Badewanne, Duschkabine, Badezimmerfliesen etc. Ceracoat Ceramic Glas Schutz ist zudem antibakteriell, kratzfest, Anti -Fingerabdruck und reinigt die Oberfl\u00e4che durch Beschichten!<\/p>\n<p><strong>REINIGEN UND BESCHICHTEN!<\/strong> Ceracoat Ceramic Glas Schutz ist ein sehr langanhaltender, nicht saugender Oberfl\u00e4chenschutz. Ceracoats d\u00fcnner Nano-Keramikfilm sch\u00fctzt alle Ihre Glas- und Keramikfl\u00e4chen (Fenster, Spiegel, auch Tische und M\u00f6bel, Badewanne, Lavabo, Toilette). Oberfl\u00e4chen werden fl\u00fcssigkeits-, staub- und schmutzabweisend und sehr glatt\/fein und gl\u00e4nzend. Ceracoat Ceramic Glas Schutz ist lebensmittelneutral.<\/p>\n<p>Zahnpasta, Seife, Fett, Kalk, Regen und Staub haften nicht mehr an den Oberfl\u00e4chen und hinterlassen keinen dauerhaften Schmutz mehr. Nach der Behandlung mit Ceracoat ben\u00f6tigen Sie weder Reiniger noch Wasser. Einfach mit einem Tuch reinigen. Nach Kontakt mit Wasser trocknen, damit der Glanz und Schutz bestehen bleibt.<\/p>\n<h6><strong>MIT CERACOAT SPAREN SIE ZEIT UND GELD!<\/strong><\/h6>\n<p><strong>ANWENDUNG:<\/strong>:<br \/>\nDie Oberfl\u00e4che muss trocken sein. Vor Gebrauch gut sch\u00fctteln. Einfach ein paar Tropfen auf ein Tuch oder saugf\u00e4higes Papier geben und auftragen: reinigt und beschichtet! Mit kreisenden Bewegungen auftragen. Durch die Beschichtung reinigen Sie auch die Oberfl\u00e4che. Auf der Oberfl\u00e4che befindet sich ein matter Film. 1-2 Minuten trocknen lassen und dann mit einem Tuch oder saugf\u00e4higem Papier wegpolieren. Nach der Beschichtung 1 Stunde warten, bevor Sie mit Wasser in Kontakt kommen. Dadurch erhalten Sie das beste Resultat f\u00fcr einen sehr lang anhaltenden Schutz.<\/p>\n<p><strong>REINIGUNG NACH DER BEHANDLUNG MIT CERACOAT<\/strong><br \/>\nStaub, Fl\u00fcssigkeiten und\/oder Schmutz lassen sich ganz einfach mit einem Tuch oder einem saugf\u00e4higen Papier entfernen. Keine Reinigungsmittel und Wasser mehr erforderlich.<\/p>","protected":false},"excerpt":{"rendered":"<p>F\u00fcr alle Oberfl\u00e4chen aus Glas und Keramik: Fenster, Spiegel, Glasm\u00f6bel, WC, Lavabo, Badewanne, Duschkabine, Badfliesen.<\/p>","protected":false},"featured_media":6082,"template":"","meta":{"om_disable_all_campaigns":false,"_monsterinsights_skip_tracking":false,"_monsterinsights_sitenote_active":false,"_monsterinsights_sitenote_note":"","_monsterinsights_sitenote_category":0,"neve_meta_sidebar":"","neve_meta_container":"","neve_meta_enable_content_width":"off","neve_meta_content_width":70,"neve_meta_title_alignment":"","neve_meta_author_avatar":"","neve_post_elements_order":"","neve_meta_disable_header":"","neve_meta_disable_footer":"","neve_meta_disable_title":""},"product_brand":[],"product_cat":[33],"product_tag":[],"class_list":{"0":"post-606","1":"product","2":"type-product","3":"status-publish","4":"has-post-thumbnail","6":"product_cat-ceracoat","8":"first","9":"instock","10":"taxable","11":"shipping-taxable","12":"purchasable","13":"product-type-simple"},"aioseo_notices":[],"_links":{"self":[{"href":"https:\/\/ceracoat.me\/de\/wp-json\/wp\/v2\/product\/606","targetHints":{"allow":["GET"]}}],"collection":[{"href":"https:\/\/ceracoat.me\/de\/wp-json\/wp\/v2\/product"}],"about":[{"href":"https:\/\/ceracoat.me\/de\/wp-json\/wp\/v2\/types\/product"}],"version-history":[{"count":0,"href":"https:\/\/ceracoat.me\/de\/wp-json\/wp\/v2\/product\/606\/revisions"}],"wp:featuredmedia":[{"embeddable":true,"href":"https:\/\/ceracoat.me\/de\/wp-json\/wp\/v2\/media\/6082"}],"wp:attachment":[{"href":"https:\/\/ceracoat.me\/de\/wp-json\/wp\/v2\/media?parent=606"}],"wp:term":[{"taxonomy":"product_brand","embeddable":true,"href":"https:\/\/ceracoat.me\/de\/wp-json\/wp\/v2\/product_brand?post=606"},{"taxonomy":"product_cat","embeddable":true,"href":"https:\/\/ceracoat.me\/de\/wp-json\/wp\/v2\/product_cat?post=606"},{"taxonomy":"product_tag","embeddable":true,"href":"https:\/\/ceracoat.me\/de\/wp-json\/wp\/v2\/product_tag?post=606"}],"curies":[{"name":"wp","href":"https:\/\/api.w.org\/{rel}","templated":true}]}}