{"id":609,"date":"2019-12-04T21:59:13","date_gmt":"2019-12-04T20:59:13","guid":{"rendered":"https:\/\/ceracoat.me\/dev\/ceracoat\/?post_type=product&#038;p=609"},"modified":"2023-04-21T16:49:38","modified_gmt":"2023-04-21T14:49:38","slug":"ceracoat-ceramic-speed-engine-cleaner-100ml","status":"publish","type":"product","link":"https:\/\/ceracoat.me\/de\/products\/shop\/ceracoat-ceramic-speed-engine-cleaner-100ml\/","title":{"rendered":"CERACOAT Ceramic Motorschnellreiniger  100ml"},"content":{"rendered":"<p>F\u00fcr alle Motortypen (4-Takt-Motoren, 2-Takt-Motoren, Benzin und Diesel, Turbo, Rennmotoren).<\/p>\n<p>Reinigt das gesamte Innere des Motors.<\/p>\n<p>Schmutz im Motor wird umgewandelt und durch den Auspuff beseitigt.<\/p>\n<p>Reinigt Ventile, Vergaser, Einspritzd\u00fcsen, Kolben, Zylinderkopf, Zylinderw\u00e4nde, Kolbenringe, die gesamte Abgasanlage.<\/p>\n<p>Bindet vorhandene Wassertropfen im Kraftstofftank und beseitigt sie. Stoppt das Anhaften von neuem Motorschmutz, stellt die eigentliche Verdichtung des Motors wieder her und reduziert die Abgasemissionen massiv. Resultate (vor allem Treibstoff Ersparnis) wurden durch Universit\u00e4ten und Feldtests best\u00e4tigt. Bis zu 85% weniger Abgase.<\/p>\n<p><strong>Hauptvorteile<\/strong><\/p>\n<ul>\n<li>Reinigt und schmiert das gesamte Kraftstoffsystem<\/li>\n<li>Reduziert Blow-by und Motor\u00f6lverschmutzung<\/li>\n<li>Weniger Verschmutzung des AGR-Systems<\/li>\n<li>Behandelt Feuchtigkeit im Kraftstoff (Biodiesel)<\/li>\n<li>Reduziert den Ru\u00dfaussto\u00df und die Verschmutzung des Saugrohrs<\/li>\n<li>Minimiert die Verru\u00dfung von Sensormechanismen von variablen Turbos<\/li>\n<li>Optimiert den Kraftstoffverbrauch und sorgt f\u00fcr saubere Abgase<\/li>\n<li>Verbessert die Verbrennung und die Motorleistung<\/li>\n<li>Reduziert die Erstarrungstemperatur des Brennstoffs (Flockung im Winter)<\/li>\n<\/ul>\n<h6><strong>MIT CERACOAT SPAREN SIE ZEIT UND GELD!<\/strong><\/h6>\n<p><strong>ANWENDUNG:<\/strong>:<br \/>\n(4-Takt-Motoren, 2-Takt-Motoren, Benzin und Diesel, Turbo, Rennmotoren) Einfach Ceracoat Ceramic Motorschnellreiniger auf einmal in den Kraftstofftank (Benzin\/Diesel) geben und das Fahrzeug ca. 10 \u2013 15 Minuten fahren. Am besten ist es alle 10\u2018000 km eine (1) Dosis hinzuzuf\u00fcgen. Bitte f\u00fcgen Sie eine (1) Dosis hinzu, wenn nur noch etwa 20 Liter Kraftstoff \u00fcbrig sind<\/p>","protected":false},"excerpt":{"rendered":"<p>F\u00fcr alle Motortypen (4-Takt-Motoren, 2-Takt-Motoren, Benzin und Diesel, Turbo, Rennmotoren). Reinigt das gesamte Innere des Motors.<\/p>","protected":false},"featured_media":6108,"template":"","meta":{"om_disable_all_campaigns":false,"_monsterinsights_skip_tracking":false,"_monsterinsights_sitenote_active":false,"_monsterinsights_sitenote_note":"","_monsterinsights_sitenote_category":0,"neve_meta_sidebar":"","neve_meta_container":"","neve_meta_enable_content_width":"off","neve_meta_content_width":70,"neve_meta_title_alignment":"","neve_meta_author_avatar":"","neve_post_elements_order":"","neve_meta_disable_header":"","neve_meta_disable_footer":"","neve_meta_disable_title":""},"product_brand":[],"product_cat":[33],"product_tag":[],"class_list":{"0":"post-609","1":"product","2":"type-product","3":"status-publish","4":"has-post-thumbnail","6":"product_cat-ceracoat","8":"first","9":"instock","10":"taxable","11":"shipping-taxable","12":"purchasable","13":"product-type-simple"},"aioseo_notices":[],"_links":{"self":[{"href":"https:\/\/ceracoat.me\/de\/wp-json\/wp\/v2\/product\/609","targetHints":{"allow":["GET"]}}],"collection":[{"href":"https:\/\/ceracoat.me\/de\/wp-json\/wp\/v2\/product"}],"about":[{"href":"https:\/\/ceracoat.me\/de\/wp-json\/wp\/v2\/types\/product"}],"version-history":[{"count":0,"href":"https:\/\/ceracoat.me\/de\/wp-json\/wp\/v2\/product\/609\/revisions"}],"wp:featuredmedia":[{"embeddable":true,"href":"https:\/\/ceracoat.me\/de\/wp-json\/wp\/v2\/media\/6108"}],"wp:attachment":[{"href":"https:\/\/ceracoat.me\/de\/wp-json\/wp\/v2\/media?parent=609"}],"wp:term":[{"taxonomy":"product_brand","embeddable":true,"href":"https:\/\/ceracoat.me\/de\/wp-json\/wp\/v2\/product_brand?post=609"},{"taxonomy":"product_cat","embeddable":true,"href":"https:\/\/ceracoat.me\/de\/wp-json\/wp\/v2\/product_cat?post=609"},{"taxonomy":"product_tag","embeddable":true,"href":"https:\/\/ceracoat.me\/de\/wp-json\/wp\/v2\/product_tag?post=609"}],"curies":[{"name":"wp","href":"https:\/\/api.w.org\/{rel}","templated":true}]}}