{"id":612,"date":"2019-12-04T22:03:03","date_gmt":"2019-12-04T21:03:03","guid":{"rendered":"https:\/\/ceracoat.me\/dev\/ceracoat\/?post_type=product&#038;p=612"},"modified":"2025-08-13T11:21:17","modified_gmt":"2025-08-13T09:21:17","slug":"ceracoat-ceramic-engine-care-100ml","status":"publish","type":"product","link":"https:\/\/ceracoat.me\/de\/products\/shop\/ceracoat-ceramic-engine-care-100ml\/","title":{"rendered":"CERACOAT Ceramic Keramik Motorschutz 100ml"},"content":{"rendered":"<p class=\" translation-block\"><strong>F\u00fcr alle Motorenarten geeignet<\/strong> (4-Takt-Motoren, 2-Takt-Motoren,  Diesel und Benzin, Turbo, Rennmotoren).<\/p>\n<p>Ceracoat Ceramic Keramik Motorschutz ist eine Keramikbeschichtung, die Ihren Motor und Ihr Getriebe (Manuell, nicht Automatik) vor Verschlei\u00df sch\u00fctzt.<\/p>\n<p>*<strong>*Anwendbar auch f\u00fcr Schaltgetriebe (manuell, nicht automatisch), Differentiale, Ketten, Aufh\u00e4ngungen, Hydrauliksysteme.*<\/strong>*<\/p>\n<p>Die Keramikpartikel haften an den Kolbenringen + Zylinderw\u00e4nden Ihres Motors (Zahnr\u00e4der im Getriebe) und bilden einen Schutzfilm - eine Schutzbarriere, die Reibung und Verschlei\u00df in Ihrem Motor (und Getriebe) reduziert. Weniger Reibung bedeutet eine bessere Effizienz des Motors \/ Getriebes.<\/p>\n<p>Das Ergebnis ist eine bedeutende Reduzierung von Oel- und Kraftstoffverbrauch, Temperatur,  Ger\u00e4uschentwicklung, Abgasemission und eine Steigerung der Effizienz des Motors, seiner Leistung und seiner Lebensdauer. Resultate (vor allem Treibstoff Ersparnis) wurden durch Universit\u00e4ten und Feldtests best\u00e4tigt.<\/p>\n<p>Der Ceracoat Ceramic Keramik Motorschutz sch\u00fctzt Ihren Motor auch bei Kaltstart und Schmierungsausfall.<\/p>\n<h6><strong>MIT CERACOAT SPAREN SIE ZEIT UND GELD!<\/strong><\/h6>\n<p><strong>ANWENDUNG:<\/strong>(4-Takt-Motoren, 2-Takt-Motoren,  Diesel und Benzin, Turbo, Rennmotoren).<\/p>\n<p><strong><b>Vor der Anwendung ist kein \u00d6l- oder Filterwechsel erforderlich.<\/b><\/strong><\/p>\n<p>Ceracoat Ceramic Keramik Motorschutz wird einfach dem WARMEN Motoren\u00f6l beigemischt. Fahren Sie dann das Fahrzeug 10-15 Minuten lang.<\/p>\n<p><strong><b>Ceracoat verstopft den Filter nicht.<\/b><\/strong><\/p>\n<p>1 dose (100 ml concentrate) per period of 12 months or after 40-50&#8217;000 km (25-30&#8217;000 miles) 1 dose for up to 6 liters of oil (or less).<\/p>","protected":false},"excerpt":{"rendered":"<p>F\u00fcr alle Arten von Motoren (4-Takt-Motoren, 2-Takt-Motoren, Diesel- und Benzinmotoren, Turbomotoren, Rennmotoren). Es ist eine keramische Beschichtung, die Ihren Motor und Ihr Getriebe vor Verschlei\u00df sch\u00fctzt. *Anwendbar auch f\u00fcr Getriebe (manuell, nicht automatisch), Differentiale, Ketten, Aufh\u00e4ngungen, Hydrauliksysteme*.<\/p>","protected":false},"featured_media":6098,"template":"","meta":{"om_disable_all_campaigns":false,"_monsterinsights_skip_tracking":false,"_monsterinsights_sitenote_active":false,"_monsterinsights_sitenote_note":"","_monsterinsights_sitenote_category":0,"neve_meta_sidebar":"","neve_meta_container":"","neve_meta_enable_content_width":"off","neve_meta_content_width":70,"neve_meta_title_alignment":"","neve_meta_author_avatar":"","neve_post_elements_order":"","neve_meta_disable_header":"","neve_meta_disable_footer":"","neve_meta_disable_title":""},"product_brand":[],"product_cat":[33],"product_tag":[],"class_list":{"0":"post-612","1":"product","2":"type-product","3":"status-publish","4":"has-post-thumbnail","6":"product_cat-ceracoat","8":"first","9":"instock","10":"taxable","11":"shipping-taxable","12":"purchasable","13":"product-type-simple"},"aioseo_notices":[],"_links":{"self":[{"href":"https:\/\/ceracoat.me\/de\/wp-json\/wp\/v2\/product\/612","targetHints":{"allow":["GET"]}}],"collection":[{"href":"https:\/\/ceracoat.me\/de\/wp-json\/wp\/v2\/product"}],"about":[{"href":"https:\/\/ceracoat.me\/de\/wp-json\/wp\/v2\/types\/product"}],"version-history":[{"count":4,"href":"https:\/\/ceracoat.me\/de\/wp-json\/wp\/v2\/product\/612\/revisions"}],"predecessor-version":[{"id":11698,"href":"https:\/\/ceracoat.me\/de\/wp-json\/wp\/v2\/product\/612\/revisions\/11698"}],"wp:featuredmedia":[{"embeddable":true,"href":"https:\/\/ceracoat.me\/de\/wp-json\/wp\/v2\/media\/6098"}],"wp:attachment":[{"href":"https:\/\/ceracoat.me\/de\/wp-json\/wp\/v2\/media?parent=612"}],"wp:term":[{"taxonomy":"product_brand","embeddable":true,"href":"https:\/\/ceracoat.me\/de\/wp-json\/wp\/v2\/product_brand?post=612"},{"taxonomy":"product_cat","embeddable":true,"href":"https:\/\/ceracoat.me\/de\/wp-json\/wp\/v2\/product_cat?post=612"},{"taxonomy":"product_tag","embeddable":true,"href":"https:\/\/ceracoat.me\/de\/wp-json\/wp\/v2\/product_tag?post=612"}],"curies":[{"name":"wp","href":"https:\/\/api.w.org\/{rel}","templated":true}]}}