{"id":627,"date":"2019-12-04T22:20:19","date_gmt":"2019-12-04T21:20:19","guid":{"rendered":"https:\/\/ceracoat.me\/dev\/ceracoat\/?post_type=product&#038;p=627"},"modified":"2025-08-13T16:26:25","modified_gmt":"2025-08-13T14:26:25","slug":"ceracoat-ceramic-engine-care-for-trucks-450-ml","status":"publish","type":"product","link":"https:\/\/ceracoat.me\/de\/products\/shop\/ceracoat-ceramic-engine-care-for-trucks-450-ml\/","title":{"rendered":"CERACOAT Ceramic Keramik Motorschutz f\u00fcr Lastwagen 450ml"},"content":{"rendered":"<p><strong>F\u00fcr alle Arten von grossen Motoren<\/strong>\u00a0(fuel, gasoline, diesel,\u00a0turbo, truck and boat racing\u00a0engines).<\/p>\n<p>Ceracoat Ceramic Keramik Motorschutz ist eine Keramikbeschichtung, die Ihren Motor und Ihr Getriebe (Manuell, nicht Automatik) vor Verschlei\u00df sch\u00fctzt.<\/p>\n<p>*<strong>*Anwendbar auch f\u00fcr Schaltgetriebe (manuell, nicht automatisch), Differentiale, Ketten, Aufh\u00e4ngungen, Hydrauliksysteme.*<\/strong>*<\/p>\n<p>Die Keramikpartikel haften an den Metallteilen Ihres Motors (Kolbenringe und Zylinderw\u00e4nde), Getriebes (Zahnr\u00e4der) und bilden einen Schutzfilm \/ eine Schutzbarriere, die Reibung und Verschlei\u00df in Ihrem Motor (und Getriebe) reduziert. Weniger Reibung bedeutet eine Erh\u00f6hung der Effizienz.<\/p>\n<p>Das Ergebnis ist eine bedeutende Reduzierung von Oel- und Kraftstoffverbrauch, Temperatur,  Ger\u00e4uschentwicklung, Abgasemission und eine Steigerung der Effizienz des Motors, seiner Leistung und seiner Lebensdauer. Resultate (vor allem Treibstoff Ersparnis) wurden durch Universit\u00e4ten und Feldtests best\u00e4tigt.<\/p>\n<p>Der Ceracoat Ceramic Keramik Motorschutz sch\u00fctzt Ihren Motor auch bei Kaltstart und Schmierungsausfall.<\/p>\n<h6><strong>MIT CERACOAT SPAREN SIE ZEIT UND GELD!<\/strong><\/h6>\n<p><strong>ANWENDUNG:<\/strong>:<\/p>\n<p><strong><b>Vor der Anwendung ist kein \u00d6l- oder Filterwechsel erforderlich.<\/b><\/strong><\/p>\n<p>Ceracoat Ceramic Keramik Motorschutz wird einfach dem WARMEN Motoren\u00f6l beigemischt. Fahren Sie dann das Fahrzeug 10-15 Minuten lang.<\/p>\n<p><strong><b>Ceracoat verstopft den Filter nicht.<\/b><\/strong><\/p>\n<p>1 Dosis (450 ml Konzentrat) pro Zeitraum von 4\u20136 Monaten oder 50.000 km (30.000 Meilen) 1 Dosis f\u00fcr bis zu 25 Liter Motor\u00f6l (oder weniger).<\/p>","protected":false},"excerpt":{"rendered":"<p>Ceracoat Ceramic Motorschutz f\u00fcr Lastwagen ist eine Keramikbeschichtung, die Ihren Motor und Ihr Getriebe vor Verschlei\u00df sch\u00fctzt.<\/p>","protected":false},"featured_media":6091,"template":"","meta":{"om_disable_all_campaigns":false,"_monsterinsights_skip_tracking":false,"_monsterinsights_sitenote_active":false,"_monsterinsights_sitenote_note":"","_monsterinsights_sitenote_category":0,"neve_meta_sidebar":"","neve_meta_container":"","neve_meta_enable_content_width":"off","neve_meta_content_width":70,"neve_meta_title_alignment":"","neve_meta_author_avatar":"","neve_post_elements_order":"","neve_meta_disable_header":"","neve_meta_disable_footer":"","neve_meta_disable_title":""},"product_brand":[],"product_cat":[33],"product_tag":[],"class_list":{"0":"post-627","1":"product","2":"type-product","3":"status-publish","4":"has-post-thumbnail","6":"product_cat-ceracoat","8":"first","9":"instock","10":"taxable","11":"shipping-taxable","12":"purchasable","13":"product-type-simple"},"aioseo_notices":[],"_links":{"self":[{"href":"https:\/\/ceracoat.me\/de\/wp-json\/wp\/v2\/product\/627","targetHints":{"allow":["GET"]}}],"collection":[{"href":"https:\/\/ceracoat.me\/de\/wp-json\/wp\/v2\/product"}],"about":[{"href":"https:\/\/ceracoat.me\/de\/wp-json\/wp\/v2\/types\/product"}],"version-history":[{"count":2,"href":"https:\/\/ceracoat.me\/de\/wp-json\/wp\/v2\/product\/627\/revisions"}],"predecessor-version":[{"id":11700,"href":"https:\/\/ceracoat.me\/de\/wp-json\/wp\/v2\/product\/627\/revisions\/11700"}],"wp:featuredmedia":[{"embeddable":true,"href":"https:\/\/ceracoat.me\/de\/wp-json\/wp\/v2\/media\/6091"}],"wp:attachment":[{"href":"https:\/\/ceracoat.me\/de\/wp-json\/wp\/v2\/media?parent=627"}],"wp:term":[{"taxonomy":"product_brand","embeddable":true,"href":"https:\/\/ceracoat.me\/de\/wp-json\/wp\/v2\/product_brand?post=627"},{"taxonomy":"product_cat","embeddable":true,"href":"https:\/\/ceracoat.me\/de\/wp-json\/wp\/v2\/product_cat?post=627"},{"taxonomy":"product_tag","embeddable":true,"href":"https:\/\/ceracoat.me\/de\/wp-json\/wp\/v2\/product_tag?post=627"}],"curies":[{"name":"wp","href":"https:\/\/api.w.org\/{rel}","templated":true}]}}