{"id":630,"date":"2019-12-04T22:22:15","date_gmt":"2019-12-04T21:22:15","guid":{"rendered":"https:\/\/ceracoat.me\/dev\/ceracoat\/?post_type=product&#038;p=630"},"modified":"2023-04-21T16:55:21","modified_gmt":"2023-04-21T14:55:21","slug":"ceracoat-ceramic-anti-odor-200ml","status":"publish","type":"product","link":"https:\/\/ceracoat.me\/de\/products\/shop\/ceracoat-ceramic-anti-odor-200ml\/","title":{"rendered":"CERACOAT Ceramic Anti Geruch                                         200ml"},"content":{"rendered":"<p class=\" translation-block\"><b>Ceracoat Ceramic Anti Geruch<\/b> ist sehr effektiv, um unangenehme Ger\u00fcche durch organische Substanzen zu beseitigen. Es kann auf allen Oberfl\u00e4chen, sowie f\u00fcr Teppiche und Stoffe verwendet werden.<\/p>\n<p><strong>ANWENDUNG:<\/strong><br>\nReinigen Sie die zu behandelnden Oberfl\u00e4chen. Anschlie\u00dfend Ceracoat Ceramic Anti Geruch (keine Verd\u00fcnnung) mit einem Pumpspray als feinen Spr\u00fchnebel direkt auf die unangenehm riechenden Oberfl\u00e4chen spr\u00fchen. Bei Textilfasern (Beispiel: Teppiche) kann es von Vorteil sein, die Stelle mit einer weichen B\u00fcrste sanft zu schrubben, damit das Produkt eindringen kann! Herk\u00f6mmliche Produkte oder andere Sprays sind \u201eParf\u00fcms\u201c, die in die Luft gespr\u00fcht werden, um einen entsprechenden Duft zu verteilen. Ceracoat Ceramic Anti Geruch wird nicht in die Luft gespr\u00fcht, sondern direkt auf die Stelle, die den schlechten Geruch verstr\u00f6mt, zum Beispiel auf Teppichen. Die im Produkt enthaltenen Molek\u00fcle bek\u00e4mpfen nun diese \u00fcbel riechenden Bakterien mit dem Ergebnis einer Geruchsneutralisation. Damit Sie beim Aufspr\u00fchen einen sofortigen Effekt erzielen, enth\u00e4lt das Produkt aber auch einen nat\u00fcrlichen Duft, der relativ schnell abgebaut wird, bis die Beschichtung die Bakterien neutralisiert.<\/p>\n<p class=\" translation-block\"><b>Ceracoat Ceramic Anti Geruch<\/b> f\u00fcr Textilien ist ein chemiefreies, pH-neutrales Produkt zur Entfernung von schlechten Ger\u00fcchen von organischen Verunreinigungen. Dieses Produkt wird verwendet, wenn organische Verunreinigungen wie Blut, Urin, Kot, Schwei\u00df und K\u00f6rpergeruch schlechte Ger\u00fcche auf Textilien verursachen. Das Produkt entfernt auch Ger\u00fcche von Hunden von Teppichen. Ceracoat Ceramic Anti Geruch ist nicht sch\u00e4dlich f\u00fcr Mensch und Tier. Es hat einen leichten Duft, um die schnellstm\u00f6gliche Wirkung zu gew\u00e4hrleisten. Dieser Duft wird auf nat\u00fcrliche Weise wieder reduziert. W\u00e4hrenddessen l\u00f6sen die Mikroorganismen die Bakterien auf, die den schlechten Geruch verursachen. Ideal zum Entfernen von Ger\u00fcchen aus M\u00fcll, Zigaretten, Haustieren, Abfalls\u00e4cken, Sporttaschen, W\u00e4schek\u00f6rben usw.<\/p>\n<p><strong>EIGENSCHAFTEN<\/strong><br>\nHohe Effizienz, hochkonzentriert, ohne Tierversuche erforscht , pH-neutral, keine giftigen D\u00e4mpfe, sicher f\u00fcr die Haut, nicht korrosiv f\u00fcr Oberfl\u00e4chen, sicher f\u00fcr Benutzer, Ger\u00e4te und Umwelt, kein \u00dcberempfindlichkeitssyndrom, keine tierischen Inhaltsstoffe, entspricht der EG-Richtlinie 648\/2004 \u00fcber Reinigungsmittel, vollst\u00e4ndig biologisch abbaubar, hypoallergen, keine \u00e4therischen \u00d6le, nicht reaktiv, weltweit einzigartige Technologie.<\/p>\n<p><strong><p><\/p><\/strong><p><\/p><\/p>","protected":false},"excerpt":{"rendered":"<p>Sehr effektiv, um unangenehme Ger\u00fcche durch organische Substanzen zu beseitigen. Es kann auf allen Oberfl\u00e4chen, sowie f\u00fcr Teppiche und Stoffe verwendet werden.<\/p>","protected":false},"featured_media":6114,"template":"","meta":{"om_disable_all_campaigns":false,"_monsterinsights_skip_tracking":false,"_monsterinsights_sitenote_active":false,"_monsterinsights_sitenote_note":"","_monsterinsights_sitenote_category":0,"neve_meta_sidebar":"","neve_meta_container":"","neve_meta_enable_content_width":"off","neve_meta_content_width":70,"neve_meta_title_alignment":"","neve_meta_author_avatar":"","neve_post_elements_order":"","neve_meta_disable_header":"","neve_meta_disable_footer":"","neve_meta_disable_title":""},"product_brand":[],"product_cat":[33],"product_tag":[],"class_list":{"0":"post-630","1":"product","2":"type-product","3":"status-publish","4":"has-post-thumbnail","6":"product_cat-ceracoat","8":"first","9":"instock","10":"taxable","11":"shipping-taxable","12":"purchasable","13":"product-type-simple"},"aioseo_notices":[],"_links":{"self":[{"href":"https:\/\/ceracoat.me\/de\/wp-json\/wp\/v2\/product\/630","targetHints":{"allow":["GET"]}}],"collection":[{"href":"https:\/\/ceracoat.me\/de\/wp-json\/wp\/v2\/product"}],"about":[{"href":"https:\/\/ceracoat.me\/de\/wp-json\/wp\/v2\/types\/product"}],"version-history":[{"count":0,"href":"https:\/\/ceracoat.me\/de\/wp-json\/wp\/v2\/product\/630\/revisions"}],"wp:featuredmedia":[{"embeddable":true,"href":"https:\/\/ceracoat.me\/de\/wp-json\/wp\/v2\/media\/6114"}],"wp:attachment":[{"href":"https:\/\/ceracoat.me\/de\/wp-json\/wp\/v2\/media?parent=630"}],"wp:term":[{"taxonomy":"product_brand","embeddable":true,"href":"https:\/\/ceracoat.me\/de\/wp-json\/wp\/v2\/product_brand?post=630"},{"taxonomy":"product_cat","embeddable":true,"href":"https:\/\/ceracoat.me\/de\/wp-json\/wp\/v2\/product_cat?post=630"},{"taxonomy":"product_tag","embeddable":true,"href":"https:\/\/ceracoat.me\/de\/wp-json\/wp\/v2\/product_tag?post=630"}],"curies":[{"name":"wp","href":"https:\/\/api.w.org\/{rel}","templated":true}]}}