{"id":636,"date":"2019-12-04T22:26:54","date_gmt":"2019-12-04T21:26:54","guid":{"rendered":"https:\/\/ceracoat.me\/dev\/ceracoat\/?post_type=product&#038;p=636"},"modified":"2025-03-24T16:31:50","modified_gmt":"2025-03-24T15:31:50","slug":"ceracoat-ceramic-wonder-cleaner-200-ml","status":"publish","type":"product","link":"https:\/\/ceracoat.me\/de\/products\/shop\/ceracoat-ceramic-wonder-cleaner-200-ml\/","title":{"rendered":"CERACOAT Ceramic Wonder Cleaner 200 ml"},"content":{"rendered":"<p class=\" translation-block\"><strong>Anwendungsbereiche:<\/strong>: <br>Stein, Sandstein, Beton, Dachziegel, Fliesen, Naturstein, Granit, Marmor, Holz, Teak, Faserbeton \u2013 Mosaik \u2013 Ton, Terrakotta \u2013 Ziegel \u2013 Glas, Keramik \u2013 Mineralische Oberfl\u00e4chen \u2013 Splitt - Metall.<\/p>\n<p><strong><strong>CERACOAT Wonder Cleaner<\/strong><\/strong>\u00a0ist hochwirksam. Es ist ein universelles Konzentrat, das eine gr\u00fcndliche Reinigung der Oberfl\u00e4chen mit dem innovativen Mikrospaltverfahren erm\u00f6glicht, das die Molek\u00fcle der Schmutzpartikel aufspaltet und diese effizient ohne sch\u00e4dliche Tenside,  L\u00f6sungsmittel, Enzyme und Bleichmittel entfernt.<\/p>\n<p><strong><strong>CERACOAT Wonder Cleaner<\/strong><\/strong>\u00a0entfernt auch hartn\u00e4ckige Schmutzreste wie \u00d6l, Fett, Rauch, Nikotin, Ru\u00df sowie Tensidreste und Schmutz von Marmor, Terrazzo, Granit, Fliesen, Feinsteinzeug.<\/p>\n<p><strong>Mischanleitung<\/strong>:<br \/>\nJe nach Verschmutzungsgrad kann der  Wonder Cleaner mit destilliertem Wasser im Verh\u00e4ltnis bis 1 : 10 verd\u00fcnnt werden.<\/p>\n<p><strong>Anwendung<\/strong>:<br \/>\nAufspr\u00fchen, kurz einwirken lassen und mit viel Wasser absp\u00fclen.<\/p>\n<p class=\" translation-block\"><strong>WICHTIG!<\/strong><br>\nBitte verwenden Sie Schutzhandschuhe. <br>\n(Vor Beginn der Reinigungsarbeiten sind alle Oberfl\u00e4chen auf ihre Reinigungseignung zu pr\u00fcfen)<\/p>","protected":false},"excerpt":{"rendered":"<p>Ein hochwirksames Universalkonzentrat, das mit dem innovativen Mikrospaltverfahren eine gr\u00fcndliche Reinigung der Oberfl\u00e4chen erm\u00f6glicht.<\/p>","protected":false},"featured_media":6116,"template":"","meta":{"om_disable_all_campaigns":false,"_monsterinsights_skip_tracking":false,"_monsterinsights_sitenote_active":false,"_monsterinsights_sitenote_note":"","_monsterinsights_sitenote_category":0,"neve_meta_sidebar":"","neve_meta_container":"","neve_meta_enable_content_width":"off","neve_meta_content_width":70,"neve_meta_title_alignment":"","neve_meta_author_avatar":"","neve_post_elements_order":"","neve_meta_disable_header":"","neve_meta_disable_footer":"","neve_meta_disable_title":""},"product_brand":[],"product_cat":[33],"product_tag":[],"class_list":{"0":"post-636","1":"product","2":"type-product","3":"status-publish","4":"has-post-thumbnail","6":"product_cat-ceracoat","8":"first","9":"instock","10":"taxable","11":"shipping-taxable","12":"purchasable","13":"product-type-simple"},"aioseo_notices":[],"_links":{"self":[{"href":"https:\/\/ceracoat.me\/de\/wp-json\/wp\/v2\/product\/636","targetHints":{"allow":["GET"]}}],"collection":[{"href":"https:\/\/ceracoat.me\/de\/wp-json\/wp\/v2\/product"}],"about":[{"href":"https:\/\/ceracoat.me\/de\/wp-json\/wp\/v2\/types\/product"}],"version-history":[{"count":5,"href":"https:\/\/ceracoat.me\/de\/wp-json\/wp\/v2\/product\/636\/revisions"}],"predecessor-version":[{"id":11608,"href":"https:\/\/ceracoat.me\/de\/wp-json\/wp\/v2\/product\/636\/revisions\/11608"}],"wp:featuredmedia":[{"embeddable":true,"href":"https:\/\/ceracoat.me\/de\/wp-json\/wp\/v2\/media\/6116"}],"wp:attachment":[{"href":"https:\/\/ceracoat.me\/de\/wp-json\/wp\/v2\/media?parent=636"}],"wp:term":[{"taxonomy":"product_brand","embeddable":true,"href":"https:\/\/ceracoat.me\/de\/wp-json\/wp\/v2\/product_brand?post=636"},{"taxonomy":"product_cat","embeddable":true,"href":"https:\/\/ceracoat.me\/de\/wp-json\/wp\/v2\/product_cat?post=636"},{"taxonomy":"product_tag","embeddable":true,"href":"https:\/\/ceracoat.me\/de\/wp-json\/wp\/v2\/product_tag?post=636"}],"curies":[{"name":"wp","href":"https:\/\/api.w.org\/{rel}","templated":true}]}}