{"id":647,"date":"2019-12-04T22:36:55","date_gmt":"2019-12-04T21:36:55","guid":{"rendered":"https:\/\/ceracoat.me\/dev\/ceracoat\/?post_type=product&#038;p=647"},"modified":"2025-03-11T15:31:11","modified_gmt":"2025-03-11T14:31:11","slug":"ceracoat-ceramic-anti-lime-quadro-bag","status":"publish","type":"product","link":"https:\/\/ceracoat.me\/de\/products\/shop\/ceracoat-ceramic-anti-lime-quadro-bag\/","title":{"rendered":"CERACOAT Ceramic Anti Kalk Quadro Bag"},"content":{"rendered":"<h3>Ceracoat Ceramic Anti-Kalk ist eine Glas\/Kunststoffpflege (Bad, K\u00fcche)<\/h3>\n<p>F\u00fcr alle Oberfl\u00e4chen aus Glas, Kunststoff, Chrom, Kupfer, Silber, Keramik, Metall: Duschkabine, WC, Lavabo, Badewanne, Fliesen, Badezimmer allgemein, Fenster, Spiegel, Glasm\u00f6bel. Ceracoat Ceramic Schutz gegen Kalk ist auch antibakteriell und hat Anti-Kratz- und Anti-Fingerabdruck-Eigenschaften.<\/p>\n<p>Ceracoat Ceramic Anti Kalk ist au\u00dferdem antibakteriell und hat Anti-Kratz- und Anti-Fingerabdruck-Eigenschaften. Ceracoat Ceramic Anti-Kalk ist ein sehr lang anhaltender Schutz f\u00fcr nicht saugende Oberfl\u00e4chen. (2 Vorreinigungst\u00fccher und 2 Anti-Kalk-Beschichtungst\u00fccher)<\/p>\n<p>Der d\u00fcnne Nano-Keramikfilm sch\u00fctzt alle Ihre Glas-, Kunststoff-, Chrom-, Kupfer-, Silber-, Keramik- und Metalloberfl\u00e4chen. Die Oberfl\u00e4chen werden fl\u00fcssigkeits- und schmutzabweisend, leicht zu reinigen und KALK haftet nicht mehr! Ceracoat Ceramic Anti-Kalk ist lebensmittelneutral.<\/p>\n<p>Zahnpasta, Seife, Fett und Kalk haften nicht mehr an den Oberfl\u00e4chen.<\/p>\n<h3>Kein Kalk mehr auf der Oberfl\u00e4che. Einfach zu s\u00e4ubern<\/h3>\n<p>Der d\u00fcnne Nano-Keramikfilm sch\u00fctzt alle Ihre Glas-, Kunststoff-, Chrom-, Kupfer-, Silber-, Keramik- und Metalloberfl\u00e4chen. Die Oberfl\u00e4chen werden fl\u00fcssigkeits- und schmutzabweisend, leicht zu reinigen und KALK haftet nicht mehr! Ceracoat Ceramic Anti-Kalk ist lebensmittelneutral. Zahnpasta, Seife, Fett und Kalk haften nicht mehr an den Oberfl\u00e4chen. Nach der Behandlung mit Ceracoat ben\u00f6tigen Sie keine Reiniger mehr. Einfach mit einem Tuch reinigen oder mit Wasser absp\u00fclen. Grunds\u00e4tzlich kann jede Fl\u00e4che, wo sich Kalk bildet, mit Ceracoat Anti-Kalk gegen Kalk gesch\u00fctzt werden.\n<br>\n<br>\n<strong>MIT CERACOAT SPAREN SIE ZEIT UND GELD!\n\n<\/strong><\/p>\n<p><strong>ANWENDUNG:<\/strong>:<\/p>\n<ul>\n<li>Die Oberfl\u00e4che muss trocken sein.<\/li>\n<li>Verwenden Sie einen Kalkreiniger, um sicherzustellen, dass die Oberfl\u00e4che kalkfrei ist. Anschlie\u00dfend mit dem Vorreinigungstuch (Gr\u00fcnes Bag) reinigen und polieren, bis die Oberfl\u00e4che trocken ist. Anschlie\u00dfend Ceracoat Ceramic Anti-Kalk NANO Beschichtungstuch (blaues Bag) mit kreisenden Bewegungen verwenden und trocken polieren. Bitte warten Sie 4 Stunden, bevor Sie die beschichtete Oberfl\u00e4che Wasser aussetzen. 1 Bag reicht f\u00fcr 4m2.<\/li>\n<\/ul>\n<p><strong>REINIGUNG NACH DER BEHANDLUNG MIT CERACOAT<\/strong><\/p>\n<ul>\n<li>Fl\u00fcssigkeiten und Schmutz lassen sich ganz einfach mit einem Tuch, einem saugf\u00e4higen Papier entfernen oder einfach mit Wasser absp\u00fclen. Die Oberfl\u00e4che bleibt kalkfrei und es werden keine Reinigungsmittel mehr ben\u00f6tigt.<\/li>\n<\/ul>","protected":false},"excerpt":{"rendered":"<div>\n<div><\/div>\n<div>For all surfaces of glass, plastic, chrome, copper, silver, ceramic, metal: shower cabin, toilet, lavabo, bath, tiles, bathroom in general, windows, mirrors, glass furniture. Ceracoat Anti-Lime is also antibacterial and has anti-scratch &#038; anti-finger-print properties.<\/div>\n<\/div>","protected":false},"featured_media":6079,"template":"","meta":{"om_disable_all_campaigns":false,"_monsterinsights_skip_tracking":false,"_monsterinsights_sitenote_active":false,"_monsterinsights_sitenote_note":"","_monsterinsights_sitenote_category":0,"neve_meta_sidebar":"","neve_meta_container":"","neve_meta_enable_content_width":"off","neve_meta_content_width":70,"neve_meta_title_alignment":"","neve_meta_author_avatar":"","neve_post_elements_order":"","neve_meta_disable_header":"","neve_meta_disable_footer":"","neve_meta_disable_title":""},"product_brand":[],"product_cat":[33],"product_tag":[],"class_list":{"0":"post-647","1":"product","2":"type-product","3":"status-publish","4":"has-post-thumbnail","6":"product_cat-ceracoat","8":"first","9":"instock","10":"taxable","11":"shipping-taxable","12":"purchasable","13":"product-type-simple"},"aioseo_notices":[],"_links":{"self":[{"href":"https:\/\/ceracoat.me\/de\/wp-json\/wp\/v2\/product\/647","targetHints":{"allow":["GET"]}}],"collection":[{"href":"https:\/\/ceracoat.me\/de\/wp-json\/wp\/v2\/product"}],"about":[{"href":"https:\/\/ceracoat.me\/de\/wp-json\/wp\/v2\/types\/product"}],"version-history":[{"count":1,"href":"https:\/\/ceracoat.me\/de\/wp-json\/wp\/v2\/product\/647\/revisions"}],"predecessor-version":[{"id":11578,"href":"https:\/\/ceracoat.me\/de\/wp-json\/wp\/v2\/product\/647\/revisions\/11578"}],"wp:featuredmedia":[{"embeddable":true,"href":"https:\/\/ceracoat.me\/de\/wp-json\/wp\/v2\/media\/6079"}],"wp:attachment":[{"href":"https:\/\/ceracoat.me\/de\/wp-json\/wp\/v2\/media?parent=647"}],"wp:term":[{"taxonomy":"product_brand","embeddable":true,"href":"https:\/\/ceracoat.me\/de\/wp-json\/wp\/v2\/product_brand?post=647"},{"taxonomy":"product_cat","embeddable":true,"href":"https:\/\/ceracoat.me\/de\/wp-json\/wp\/v2\/product_cat?post=647"},{"taxonomy":"product_tag","embeddable":true,"href":"https:\/\/ceracoat.me\/de\/wp-json\/wp\/v2\/product_tag?post=647"}],"curies":[{"name":"wp","href":"https:\/\/api.w.org\/{rel}","templated":true}]}}