{"id":30,"date":"2019-11-24T20:24:56","date_gmt":"2019-11-24T20:24:56","guid":{"rendered":"http:\/\/localhost\/ceracoat\/?page_id=30"},"modified":"2025-11-10T16:03:37","modified_gmt":"2025-11-10T15:03:37","slug":"about-us","status":"publish","type":"page","link":"https:\/\/ceracoat.me\/es\/about-us\/","title":{"rendered":"Nosotros"},"content":{"rendered":"<div data-elementor-type=\"wp-page\" data-elementor-id=\"30\" class=\"elementor elementor-30\">\n\t\t\t\t\t\t<section class=\"elementor-section elementor-top-section elementor-element elementor-element-640da477 elementor-section-boxed elementor-section-height-default elementor-section-height-default\" data-id=\"640da477\" data-element_type=\"section\" data-e-type=\"section\" data-settings=\"{&quot;background_background&quot;:&quot;classic&quot;}\">\n\t\t\t\t\t\t<div class=\"elementor-container elementor-column-gap-no\">\n\t\t\t\t\t<div class=\"elementor-column elementor-col-100 elementor-top-column elementor-element elementor-element-215d75a3\" data-id=\"215d75a3\" data-element_type=\"column\" data-e-type=\"column\">\n\t\t\t<div class=\"elementor-widget-wrap elementor-element-populated\">\n\t\t\t\t\t\t<div class=\"elementor-element elementor-element-fb7c9dd elementor-hidden-tablet elementor-hidden-phone elementor-widget elementor-widget-image-carousel\" data-id=\"fb7c9dd\" data-element_type=\"widget\" data-e-type=\"widget\" data-settings=\"{&quot;slides_to_show&quot;:&quot;1&quot;,&quot;navigation&quot;:&quot;none&quot;,&quot;effect&quot;:&quot;fade&quot;,&quot;autoplay_speed&quot;:3000,&quot;speed&quot;:600,&quot;autoplay&quot;:&quot;yes&quot;,&quot;pause_on_hover&quot;:&quot;yes&quot;,&quot;pause_on_interaction&quot;:&quot;yes&quot;,&quot;infinite&quot;:&quot;yes&quot;}\" data-widget_type=\"image-carousel.default\">\n\t\t\t\t<div class=\"elementor-widget-container\">\n\t\t\t\t\t\t\t<div class=\"elementor-image-carousel-wrapper swiper\" role=\"region\" aria-roledescription=\"carousel\" aria-label=\"Bild Karussell\" dir=\"ltr\">\n\t\t\t<div class=\"elementor-image-carousel swiper-wrapper swiper-image-stretch\" aria-live=\"off\">\n\t\t\t\t\t\t\t\t<div class=\"swiper-slide\" role=\"group\" aria-roledescription=\"slide\" aria-label=\"1 von 5\" data-no-translation-aria-label=\"\"><figure class=\"swiper-slide-inner\"><img decoding=\"async\" class=\"swiper-slide-image\" src=\"https:\/\/ceracoat.me\/wp-content\/uploads\/2024\/05\/SunRain-Kopie-scaled.jpg\" alt=\"Screenshot\" \/><\/figure><\/div><div class=\"swiper-slide\" role=\"group\" aria-roledescription=\"slide\" aria-label=\"2 von 5\" data-no-translation-aria-label=\"\"><figure class=\"swiper-slide-inner\"><img decoding=\"async\" class=\"swiper-slide-image\" src=\"https:\/\/ceracoat.me\/wp-content\/uploads\/2025\/11\/SF90-HP.jpeg\" alt=\"SF90 - HP\" \/><\/figure><\/div><div class=\"swiper-slide\" role=\"group\" aria-roledescription=\"slide\" aria-label=\"3 von 5\" data-no-translation-aria-label=\"\"><figure class=\"swiper-slide-inner\"><img decoding=\"async\" class=\"swiper-slide-image\" src=\"https:\/\/ceracoat.me\/wp-content\/uploads\/2023\/06\/Add-a-subheading1.jpg\" alt=\"Add a subheading(1)\" \/><\/figure><\/div><div class=\"swiper-slide\" role=\"group\" aria-roledescription=\"slide\" aria-label=\"4 von 5\" data-no-translation-aria-label=\"\"><figure class=\"swiper-slide-inner\"><img decoding=\"async\" class=\"swiper-slide-image\" src=\"https:\/\/ceracoat.me\/wp-content\/uploads\/2021\/11\/PORTADA-CARRO-ROJO-ES.png\" alt=\"PORTADA-CARRO-ROJO\" \/><\/figure><\/div><div class=\"swiper-slide\" role=\"group\" aria-roledescription=\"slide\" aria-label=\"5 von 5\" data-no-translation-aria-label=\"\"><figure class=\"swiper-slide-inner\"><img decoding=\"async\" class=\"swiper-slide-image\" src=\"https:\/\/ceracoat.me\/wp-content\/uploads\/2021\/11\/principal-ES.png\" alt=\"principal-1\" \/><\/figure><\/div>\t\t\t<\/div>\n\t\t\t\t\t\t\t\n\t\t\t\t\t\t\t\t\t<\/div>\n\t\t\t\t\t\t<\/div>\n\t\t\t\t<\/div>\n\t\t\t\t<div class=\"elementor-element elementor-element-a29cfc9 elementor-hidden-desktop elementor-arrows-position-inside elementor-widget elementor-widget-image-carousel\" data-id=\"a29cfc9\" data-element_type=\"widget\" data-e-type=\"widget\" data-settings=\"{&quot;slides_to_show&quot;:&quot;1&quot;,&quot;navigation&quot;:&quot;arrows&quot;,&quot;effect&quot;:&quot;fade&quot;,&quot;autoplay&quot;:&quot;yes&quot;,&quot;pause_on_hover&quot;:&quot;yes&quot;,&quot;pause_on_interaction&quot;:&quot;yes&quot;,&quot;autoplay_speed&quot;:5000,&quot;infinite&quot;:&quot;yes&quot;,&quot;speed&quot;:500}\" data-widget_type=\"image-carousel.default\">\n\t\t\t\t<div class=\"elementor-widget-container\">\n\t\t\t\t\t\t\t<div class=\"elementor-image-carousel-wrapper swiper\" role=\"region\" aria-roledescription=\"carousel\" aria-label=\"Bild Karussell\" dir=\"ltr\">\n\t\t\t<div class=\"elementor-image-carousel swiper-wrapper swiper-image-stretch\" aria-live=\"off\">\n\t\t\t\t\t\t\t\t<div class=\"swiper-slide\" role=\"group\" aria-roledescription=\"slide\" aria-label=\"1 von 5\" data-no-translation-aria-label=\"\"><figure class=\"swiper-slide-inner\"><img decoding=\"async\" class=\"swiper-slide-image\" src=\"https:\/\/ceracoat.me\/wp-content\/uploads\/2021\/11\/principal-mobile-2.png\" alt=\"principal-mobile\" \/><\/figure><\/div><div class=\"swiper-slide\" role=\"group\" aria-roledescription=\"slide\" aria-label=\"2 von 5\" data-no-translation-aria-label=\"\"><figure class=\"swiper-slide-inner\"><img decoding=\"async\" class=\"swiper-slide-image\" src=\"https:\/\/ceracoat.me\/wp-content\/uploads\/2023\/06\/Add-a-subheading1.jpg\" alt=\"Add a subheading(1)\" \/><\/figure><\/div><div class=\"swiper-slide\" role=\"group\" aria-roledescription=\"slide\" aria-label=\"3 von 5\" data-no-translation-aria-label=\"\"><figure class=\"swiper-slide-inner\"><img decoding=\"async\" class=\"swiper-slide-image\" src=\"https:\/\/ceracoat.me\/wp-content\/uploads\/2021\/11\/PORTADA-NANO-TEXTURA-MOBILE-2.png\" alt=\"PORTADA-NANO-TEXTURA-MOBILE\" \/><\/figure><\/div><div class=\"swiper-slide\" role=\"group\" aria-roledescription=\"slide\" aria-label=\"4 von 5\" data-no-translation-aria-label=\"\"><figure class=\"swiper-slide-inner\"><img decoding=\"async\" class=\"swiper-slide-image\" src=\"https:\/\/ceracoat.me\/wp-content\/uploads\/2021\/11\/PORTADA-CARRO-ROJO-mobile-2.png\" alt=\"PORTADA-CARRO-ROJO-MOBILE\" \/><\/figure><\/div><div class=\"swiper-slide\" role=\"group\" aria-roledescription=\"slide\" aria-label=\"5 von 5\" data-no-translation-aria-label=\"\"><figure class=\"swiper-slide-inner\"><img decoding=\"async\" class=\"swiper-slide-image\" src=\"https:\/\/ceracoat.me\/wp-content\/uploads\/2021\/11\/PORTADA-CARRO-BLANCO-MOBILE-2.png\" alt=\"PORTADA-CARRO-BLANCO-MOBILE\" \/><\/figure><\/div>\t\t\t<\/div>\n\t\t\t\t\t\t\t\t\t\t\t\t<div class=\"elementor-swiper-button elementor-swiper-button-prev\" role=\"button\" tabindex=\"0\">\n\t\t\t\t\t\t<i aria-hidden=\"true\" class=\"eicon-chevron-left\"><\/i>\t\t\t\t\t<\/div>\n\t\t\t\t\t<div class=\"elementor-swiper-button elementor-swiper-button-next\" role=\"button\" tabindex=\"0\">\n\t\t\t\t\t\t<i aria-hidden=\"true\" class=\"eicon-chevron-right\"><\/i>\t\t\t\t\t<\/div>\n\t\t\t\t\n\t\t\t\t\t\t\t\t\t<\/div>\n\t\t\t\t\t\t<\/div>\n\t\t\t\t<\/div>\n\t\t\t\t<section class=\"elementor-section elementor-inner-section elementor-element elementor-element-02366f6 elementor-section-boxed elementor-section-height-default elementor-section-height-default\" data-id=\"02366f6\" data-element_type=\"section\" data-e-type=\"section\">\n\t\t\t\t\t\t<div class=\"elementor-container elementor-column-gap-default\">\n\t\t\t\t\t<div class=\"elementor-column elementor-col-50 elementor-inner-column elementor-element elementor-element-7c41d7a\" data-id=\"7c41d7a\" data-element_type=\"column\" data-e-type=\"column\">\n\t\t\t<div class=\"elementor-widget-wrap elementor-element-populated\">\n\t\t\t\t\t\t<div class=\"elementor-element elementor-element-e2dace1 elementor-widget elementor-widget-heading\" data-id=\"e2dace1\" data-element_type=\"widget\" data-e-type=\"widget\" data-widget_type=\"heading.default\">\n\t\t\t\t<div class=\"elementor-widget-container\">\n\t\t\t\t\t<h1 class=\"elementor-heading-title elementor-size-default\">Nosotros<\/h1>\t\t\t\t<\/div>\n\t\t\t\t<\/div>\n\t\t\t\t<div class=\"elementor-element elementor-element-f1e6ba6 elementor-widget elementor-widget-text-editor\" data-id=\"f1e6ba6\" data-element_type=\"widget\" data-e-type=\"widget\" data-widget_type=\"text-editor.default\">\n\t\t\t\t<div class=\"elementor-widget-container\">\n\t\t\t\t\t\t\t\t\t<p>Ceracoat\u2122 es una compa\u00f1\u00eda dedicada al desarrollo de la nanotecnolog\u00eda que adem\u00e1s de proteger su entorno, hace su vida m\u00e1s placentera. Antes de conocer a  un ingeniero de la NASA quien estuvo a cargo de la porci\u00f3n cer\u00e1mica de las Naves Espaciales, el Dr. Elio Keller cre\u00f3 las \u201cInstalaciones de Lavado\u201d de veh\u00edculos de Shell en Francia, Alemania e Italia. Esta empresa es el resultado de la pasi\u00f3n y el cari\u00f1o que el Dr. Keller siente por los carros y los deportes de motor. El Dr. Keller  desarroll\u00f3 la idea de crear un recubrimiento cer\u00e1mico para los motores.<\/p><p>El proceso comprend\u00eda la remoci\u00f3n de los motores de los carros de carrera de F\u00f3rmula 1, para luego recubrir individualmente cada pieza, posteriormente reensamblarlos y reinstalarlos, una acci\u00f3n que representaba un alt\u00edsimo costo econ\u00f3mico. En aquel momento, el presupuesto para los autom\u00f3viles de carrera F\u00f3rmula 1 no ten\u00eda l\u00edmites.<\/p><p>La idea era crear un l\u00edquido capaz de ser agregado (como aditivo) al aceite y que autom\u00e1ticamente cubriera las partes de metal del veh\u00edculo mediante un cubrimiento cer\u00e1mico, reduciendo los costos del proceso a una suma que el consumidor promedio pudiera asumir con facilidad. Esto reducir\u00eda ampliamente la fricci\u00f3n, mejorar\u00eda el rendimiento de combustible y extender\u00eda la vida del motor.<\/p><p>En 1988 naci\u00f3 el producto y es desde ese momento que que el recubrimiento cer\u00e1mico Ceracoat\u2122 naci\u00f3 como marca legalmente registrada. Actualmente, Ceracoat\u2122 posee alrededor de 100 aplicaciones para consumidores y hasta 250 para la industria, para un total aproximado de 350 aplicaciones diferentes.<\/p><p>Desde el nacimiento de la empresa, Ceracoat\u2122 ha mantenido un laboratorio especial de investigaci\u00f3n en nanotecnolog\u00eda y su capacidad para recubrir y proteger casi que cualquier superficie.<\/p><p>Gracias a los avances que han permitido los desarrollos de Ceracoat\u2122, la nanotecnolog\u00eda ha dejado de ser un horizonte distante para el  p\u00fablico en general.<\/p><p>La visi\u00f3n del Dr. Keller en relaci\u00f3n con Ceracoat\u2122 est\u00e1 llevando la marca Ceracoat\u2122 a nuevas alturas, afinando la belleza y el sentido de sus productos con las necesidades de la poblaci\u00f3n, haciendo posible el sue\u00f1o de la sincron\u00eda entre la vida y la tecnolog\u00eda amigable con el ambiente.<\/p><p>Junto a su esposa, la se\u00f1ora Carmen Keller, vicepresidente de la empresa y el departamento de Investigaci\u00f3n y Desarrollo Ceracoat\u2122, nuestro equipo trabaja actualmente en el desarrollo de nuevas f\u00f3rmulas capaces de revolucionar los actuales est\u00e1ndares de vida. Nanotecnolog\u00eda orientada a mejorar su trabajo y estilo de vida.<\/p><p>Ceracoat\u2122 es  100% Swiss Made, con una sorprendente garant\u00eda Suiza, que utiliza tecnolog\u00eda de punta.<\/p><p>Le invitamos a descubrir m\u00e1s sobre nuestros productos y servicios aqu\u00ed en nuestro sitio.<br \/><br \/><span style=\"color: #3366ff;\"><a style=\"color: #3366ff;\" href=\"https:\/\/ceracoat.me\/wp-content\/uploads\/2020\/03\/27.1.09-ENGL-Car-Care-Pr\u00e4sentation-Kopie-2_compressed.pdf\">PRESENTACI\u00d3N SOBRE EL CUIDADO DEL AUTO<\/a><\/span><\/p><h3 style=\"text-align: center;\"><span style=\"color: #ff0000;\">Nosotros Cubrimos, T\u00fa Cubres, <b>CERACUBRIMOS!<\/b><\/span><\/h3>\t\t\t\t\t\t\t\t<\/div>\n\t\t\t\t<\/div>\n\t\t\t\t\t<\/div>\n\t\t<\/div>\n\t\t\t\t<div class=\"elementor-column elementor-col-50 elementor-inner-column elementor-element elementor-element-1b90fec\" data-id=\"1b90fec\" data-element_type=\"column\" data-e-type=\"column\">\n\t\t\t<div class=\"elementor-widget-wrap elementor-element-populated\">\n\t\t\t\t\t\t<div class=\"elementor-element elementor-element-9dc648c elementor-widget elementor-widget-accordion\" data-id=\"9dc648c\" data-element_type=\"widget\" data-e-type=\"widget\" data-widget_type=\"accordion.default\">\n\t\t\t\t<div class=\"elementor-widget-container\">\n\t\t\t\t\t\t\t<div class=\"elementor-accordion\">\n\t\t\t\t\t\t\t<div class=\"elementor-accordion-item\">\n\t\t\t\t\t<div id=\"elementor-tab-title-1651\" class=\"elementor-tab-title\" data-tab=\"1\" role=\"button\" aria-controls=\"elementor-tab-content-1651\" aria-expanded=\"false\">\n\t\t\t\t\t\t\t\t\t\t\t\t<a class=\"elementor-accordion-title\" tabindex=\"0\">Contenidos<\/a>\n\t\t\t\t\t<\/div>\n\t\t\t\t\t<div id=\"elementor-tab-content-1651\" class=\"elementor-tab-content elementor-clearfix\" data-tab=\"1\" role=\"region\" aria-labelledby=\"elementor-tab-title-1651\"><p><a title=\"Nosotros\" href=\"https:\/\/ceracoat.me\/about-us\/\">NOSOTROS<\/a><br \/><a title=\"Dr. Elio Keller\" href=\"https:\/\/ceracoat.me\/about-us\/dr-elio-keller\/\">DR. ELIO KELLER<\/a><br \/><a href=\"https:\/\/ceracoat.me\/wp-content\/uploads\/2019\/12\/ceracoat_presentation_dirt_coat.pdf\">DON&#8217;T CLEAN ANYMORE, COAT<\/a><br \/><a title=\"Ceracoat Group Opportunity\" href=\"https:\/\/ceracoat.me\/about-us\/ceracoat-group-opportunity\/\">GRUPO CERACOAT OPORTUNIDAD<\/a><br \/><a href=\"https:\/\/ceracoat.me\/wp-content\/uploads\/2019\/12\/Ceracot_ENG_last_Elio.compressed.pdf\">CERACOAT INFORMACI\u00d3N GENERAL<\/a><br \/><a href=\"https:\/\/ceracoat.me\/wp-content\/uploads\/2019\/12\/cc_coatings.pdf\">REVESTIMIENTOS CERACOAT<\/a><br \/><a href=\"https:\/\/ceracoat.me\/wp-content\/uploads\/2019\/12\/Ceracoat_certificates.pdf\">CERTIFICACIONES<\/a><br \/><a href=\"https:\/\/ceracoat.me\/wp-content\/uploads\/2020\/03\/27.1.09-ENGL-Car-Care-Pr\u00e4sentation-Kopie-2_compressed.pdf\">PRESENTACI\u00d3N SOBRE EL CUIDADO DEL AUTO<\/a><br \/><a title=\"Caracter\u00edsticas\" href=\"https:\/\/ceracoat.me\/about-us\/features\/\">CARACTER\u00cdSTICAS<\/a><\/p><\/div>\n\t\t\t\t<\/div>\n\t\t\t\t\t\t\t\t<\/div>\n\t\t\t\t\t\t<\/div>\n\t\t\t\t<\/div>\n\t\t\t\t<div class=\"elementor-element elementor-element-a6eebaa elementor-widget elementor-widget-accordion\" data-id=\"a6eebaa\" data-element_type=\"widget\" data-e-type=\"widget\" data-widget_type=\"accordion.default\">\n\t\t\t\t<div class=\"elementor-widget-container\">\n\t\t\t\t\t\t\t<div class=\"elementor-accordion\">\n\t\t\t\t\t\t\t<div class=\"elementor-accordion-item\">\n\t\t\t\t\t<div id=\"elementor-tab-title-1751\" class=\"elementor-tab-title\" data-tab=\"1\" role=\"button\" aria-controls=\"elementor-tab-content-1751\" aria-expanded=\"false\">\n\t\t\t\t\t\t\t\t\t\t\t\t<a class=\"elementor-accordion-title\" tabindex=\"0\">V\u00eddeos<\/a>\n\t\t\t\t\t<\/div>\n\t\t\t\t\t<div id=\"elementor-tab-content-1751\" class=\"elementor-tab-content elementor-clearfix\" data-tab=\"1\" role=\"region\" aria-labelledby=\"elementor-tab-title-1751\"><iframe src=\"https:\/\/www.youtube.com\/embed\/qMJA0Et5zCM\" width=\"560\" height=\"315\" frameborder=\"0\" allowfullscreen=\"allowfullscreen\"><\/iframe><\/div>\n\t\t\t\t<\/div>\n\t\t\t\t\t\t\t\t<\/div>\n\t\t\t\t\t\t<\/div>\n\t\t\t\t<\/div>\n\t\t\t\t\t<\/div>\n\t\t<\/div>\n\t\t\t\t\t<\/div>\n\t\t<\/section>\n\t\t\t\t\t<\/div>\n\t\t<\/div>\n\t\t\t\t\t<\/div>\n\t\t<\/section>\n\t\t\t\t<section class=\"elementor-section elementor-top-section elementor-element elementor-element-3f4a5309 elementor-section-boxed elementor-section-height-default elementor-section-height-default\" data-id=\"3f4a5309\" data-element_type=\"section\" data-e-type=\"section\" data-settings=\"{&quot;background_background&quot;:&quot;classic&quot;}\">\n\t\t\t\t\t\t<div class=\"elementor-container elementor-column-gap-default\">\n\t\t\t\t\t<div class=\"elementor-column elementor-col-16 elementor-top-column elementor-element elementor-element-18264d9 elementor-hidden-tablet\" data-id=\"18264d9\" data-element_type=\"column\" data-e-type=\"column\">\n\t\t\t<div class=\"elementor-widget-wrap\">\n\t\t\t\t\t\t\t<\/div>\n\t\t<\/div>\n\t\t\t\t<div class=\"elementor-column elementor-col-66 elementor-top-column elementor-element elementor-element-19fe3105\" data-id=\"19fe3105\" data-element_type=\"column\" data-e-type=\"column\">\n\t\t\t<div class=\"elementor-widget-wrap elementor-element-populated\">\n\t\t\t\t\t\t<div class=\"elementor-element elementor-element-ead0b92 elementor-widget elementor-widget-image\" data-id=\"ead0b92\" data-element_type=\"widget\" data-e-type=\"widget\" data-widget_type=\"image.default\">\n\t\t\t\t<div class=\"elementor-widget-container\">\n\t\t\t\t\t\t\t\t\t\t\t\t\t\t\t<img decoding=\"async\" width=\"314\" height=\"148\" src=\"https:\/\/ceracoat.me\/wp-content\/uploads\/2019\/11\/logo-1.png\" class=\"attachment-large size-large wp-image-244\" alt=\"\" srcset=\"https:\/\/ceracoat.me\/wp-content\/uploads\/2019\/11\/logo-1.png 314w, https:\/\/ceracoat.me\/wp-content\/uploads\/2019\/11\/logo-1-300x141.png 300w\" sizes=\"(max-width: 314px) 100vw, 314px\" \/>\t\t\t\t\t\t\t\t\t\t\t\t\t\t\t<\/div>\n\t\t\t\t<\/div>\n\t\t\t\t\t<\/div>\n\t\t<\/div>\n\t\t\t\t<div class=\"elementor-column elementor-col-16 elementor-top-column elementor-element elementor-element-6ca655fa\" data-id=\"6ca655fa\" data-element_type=\"column\" data-e-type=\"column\">\n\t\t\t<div class=\"elementor-widget-wrap elementor-element-populated\">\n\t\t\t\t\t\t<div class=\"elementor-element elementor-element-5f3175d7 elementor-hidden-tablet elementor-hidden-phone elementor-widget elementor-widget-image-carousel\" data-id=\"5f3175d7\" data-element_type=\"widget\" data-e-type=\"widget\" data-settings=\"{&quot;slides_to_show&quot;:&quot;1&quot;,&quot;navigation&quot;:&quot;none&quot;,&quot;effect&quot;:&quot;fade&quot;,&quot;autoplay_speed&quot;:3000,&quot;speed&quot;:600,&quot;autoplay&quot;:&quot;yes&quot;,&quot;pause_on_hover&quot;:&quot;yes&quot;,&quot;pause_on_interaction&quot;:&quot;yes&quot;,&quot;infinite&quot;:&quot;yes&quot;}\" data-widget_type=\"image-carousel.default\">\n\t\t\t\t<div class=\"elementor-widget-container\">\n\t\t\t\t\t\t\t<div class=\"elementor-image-carousel-wrapper swiper\" role=\"region\" aria-roledescription=\"carousel\" aria-label=\"Bild Karussell\" dir=\"ltr\">\n\t\t\t<div class=\"elementor-image-carousel swiper-wrapper swiper-image-stretch\" aria-live=\"off\">\n\t\t\t\t\t\t\t\t<div class=\"swiper-slide\" role=\"group\" aria-roledescription=\"slide\" aria-label=\"1 von 5\" data-no-translation-aria-label=\"\"><figure class=\"swiper-slide-inner\"><img decoding=\"async\" class=\"swiper-slide-image\" src=\"https:\/\/ceracoat.me\/wp-content\/uploads\/2021\/11\/principal-ES.png\" alt=\"\" \/><\/figure><\/div><div class=\"swiper-slide\" role=\"group\" aria-roledescription=\"slide\" aria-label=\"2 von 5\" data-no-translation-aria-label=\"\"><figure class=\"swiper-slide-inner\"><img decoding=\"async\" class=\"swiper-slide-image\" src=\"https:\/\/ceracoat.me\/wp-content\/uploads\/2021\/11\/PILOTO-ESP-1.png\" alt=\"\" \/><\/figure><\/div><div class=\"swiper-slide\" role=\"group\" aria-roledescription=\"slide\" aria-label=\"3 von 5\" data-no-translation-aria-label=\"\"><figure class=\"swiper-slide-inner\"><img decoding=\"async\" class=\"swiper-slide-image\" src=\"https:\/\/ceracoat.me\/wp-content\/uploads\/2021\/11\/NANO-TEXTURA-ESP.png\" alt=\"\" \/><\/figure><\/div><div class=\"swiper-slide\" role=\"group\" aria-roledescription=\"slide\" aria-label=\"4 von 5\" data-no-translation-aria-label=\"\"><figure class=\"swiper-slide-inner\"><img decoding=\"async\" class=\"swiper-slide-image\" src=\"https:\/\/ceracoat.me\/wp-content\/uploads\/2021\/11\/PORTADA-CARRO-ROJO-ES.png\" alt=\"\" \/><\/figure><\/div><div class=\"swiper-slide\" role=\"group\" aria-roledescription=\"slide\" aria-label=\"5 von 5\" data-no-translation-aria-label=\"\"><figure class=\"swiper-slide-inner\"><img decoding=\"async\" class=\"swiper-slide-image\" src=\"https:\/\/ceracoat.me\/wp-content\/uploads\/2021\/11\/PORTADA-CARRO-BLANCO-ESP.png\" alt=\"\" \/><\/figure><\/div>\t\t\t<\/div>\n\t\t\t\t\t\t\t\n\t\t\t\t\t\t\t\t\t<\/div>\n\t\t\t\t\t\t<\/div>\n\t\t\t\t<\/div>\n\t\t\t\t\t<\/div>\n\t\t<\/div>\n\t\t\t\t\t<\/div>\n\t\t<\/section>\n\t\t\t\t<\/div>","protected":false},"excerpt":{"rendered":"<p>About Us Ceracoat\u2122 is a company dedicated to the development of nanotechnology that both protects your world and makes your life easier. Before meeting a NASA engineer who worked on the front ceramic portion of Space Shuttles, Dr. Elio Keller created the &#8220;washing facilities&#8221; car venture with Shell in France, Germany and Italy. This venture&hellip;&nbsp;<a href=\"https:\/\/ceracoat.me\/es\/about-us\/\" rel=\"bookmark\">Leer m\u00e1s &raquo;<span class=\"screen-reader-text\">Nosotros<\/span><\/a><\/p>","protected":false},"author":2,"featured_media":0,"parent":0,"menu_order":0,"comment_status":"closed","ping_status":"closed","template":"elementor_header_footer","meta":{"om_disable_all_campaigns":false,"_monsterinsights_skip_tracking":false,"_monsterinsights_sitenote_active":false,"_monsterinsights_sitenote_note":"","_monsterinsights_sitenote_category":0,"neve_meta_sidebar":"default","neve_meta_container":"default","neve_meta_enable_content_width":"off","neve_meta_content_width":70,"neve_meta_title_alignment":"","neve_meta_author_avatar":"","neve_post_elements_order":"","neve_meta_disable_header":"off","neve_meta_disable_footer":"off","neve_meta_disable_title":"off","footnotes":""},"class_list":["post-30","page","type-page","status-publish","hentry"],"aioseo_notices":[],"_links":{"self":[{"href":"https:\/\/ceracoat.me\/es\/wp-json\/wp\/v2\/pages\/30","targetHints":{"allow":["GET"]}}],"collection":[{"href":"https:\/\/ceracoat.me\/es\/wp-json\/wp\/v2\/pages"}],"about":[{"href":"https:\/\/ceracoat.me\/es\/wp-json\/wp\/v2\/types\/page"}],"author":[{"embeddable":true,"href":"https:\/\/ceracoat.me\/es\/wp-json\/wp\/v2\/users\/2"}],"replies":[{"embeddable":true,"href":"https:\/\/ceracoat.me\/es\/wp-json\/wp\/v2\/comments?post=30"}],"version-history":[{"count":12,"href":"https:\/\/ceracoat.me\/es\/wp-json\/wp\/v2\/pages\/30\/revisions"}],"predecessor-version":[{"id":11740,"href":"https:\/\/ceracoat.me\/es\/wp-json\/wp\/v2\/pages\/30\/revisions\/11740"}],"wp:attachment":[{"href":"https:\/\/ceracoat.me\/es\/wp-json\/wp\/v2\/media?parent=30"}],"curies":[{"name":"wp","href":"https:\/\/api.w.org\/{rel}","templated":true}]}}