{"id":83,"date":"2019-11-26T19:11:45","date_gmt":"2019-11-26T19:11:45","guid":{"rendered":"http:\/\/localhost\/ceracoat\/?page_id=83"},"modified":"2025-11-10T16:22:01","modified_gmt":"2025-11-10T15:22:01","slug":"become-distributor","status":"publish","type":"page","link":"https:\/\/ceracoat.me\/es\/become-distributor\/","title":{"rendered":"Ser distribuidor"},"content":{"rendered":"<div data-elementor-type=\"wp-page\" data-elementor-id=\"83\" class=\"elementor elementor-83\">\n\t\t\t\t\t\t<section class=\"elementor-section elementor-top-section elementor-element elementor-element-6bf96627 elementor-section-boxed elementor-section-height-default elementor-section-height-default\" data-id=\"6bf96627\" data-element_type=\"section\" data-e-type=\"section\" data-settings=\"{&quot;background_background&quot;:&quot;classic&quot;}\">\n\t\t\t\t\t\t<div class=\"elementor-container elementor-column-gap-no\">\n\t\t\t\t\t<div class=\"elementor-column elementor-col-100 elementor-top-column elementor-element elementor-element-35f13364\" data-id=\"35f13364\" data-element_type=\"column\" data-e-type=\"column\">\n\t\t\t<div class=\"elementor-widget-wrap elementor-element-populated\">\n\t\t\t\t\t\t<div class=\"elementor-element elementor-element-22b4d0b elementor-hidden-tablet elementor-hidden-phone elementor-widget elementor-widget-image-carousel\" data-id=\"22b4d0b\" data-element_type=\"widget\" data-e-type=\"widget\" data-settings=\"{&quot;slides_to_show&quot;:&quot;1&quot;,&quot;navigation&quot;:&quot;none&quot;,&quot;effect&quot;:&quot;fade&quot;,&quot;autoplay_speed&quot;:3000,&quot;speed&quot;:600,&quot;autoplay&quot;:&quot;yes&quot;,&quot;pause_on_hover&quot;:&quot;yes&quot;,&quot;pause_on_interaction&quot;:&quot;yes&quot;,&quot;infinite&quot;:&quot;yes&quot;}\" data-widget_type=\"image-carousel.default\">\n\t\t\t\t<div class=\"elementor-widget-container\">\n\t\t\t\t\t\t\t<div class=\"elementor-image-carousel-wrapper swiper\" role=\"region\" aria-roledescription=\"carousel\" aria-label=\"Bild Karussell\" dir=\"ltr\">\n\t\t\t<div class=\"elementor-image-carousel swiper-wrapper swiper-image-stretch\" aria-live=\"off\">\n\t\t\t\t\t\t\t\t<div class=\"swiper-slide\" role=\"group\" aria-roledescription=\"slide\" aria-label=\"1 von 5\" data-no-translation-aria-label=\"\"><figure class=\"swiper-slide-inner\"><img decoding=\"async\" class=\"swiper-slide-image\" src=\"https:\/\/ceracoat.me\/wp-content\/uploads\/2021\/11\/principal-ES.png\" alt=\"principal-1\" \/><\/figure><\/div><div class=\"swiper-slide\" role=\"group\" aria-roledescription=\"slide\" aria-label=\"2 von 5\" data-no-translation-aria-label=\"\"><figure class=\"swiper-slide-inner\"><img decoding=\"async\" class=\"swiper-slide-image\" src=\"https:\/\/ceracoat.me\/wp-content\/uploads\/2025\/11\/SF90-HP.jpeg\" alt=\"SF90 - HP\" \/><\/figure><\/div><div class=\"swiper-slide\" role=\"group\" aria-roledescription=\"slide\" aria-label=\"3 von 5\" data-no-translation-aria-label=\"\"><figure class=\"swiper-slide-inner\"><img decoding=\"async\" class=\"swiper-slide-image\" src=\"https:\/\/ceracoat.me\/wp-content\/uploads\/2023\/06\/Add-a-subheading1.jpg\" alt=\"Add a subheading(1)\" \/><\/figure><\/div><div class=\"swiper-slide\" role=\"group\" aria-roledescription=\"slide\" aria-label=\"4 von 5\" data-no-translation-aria-label=\"\"><figure class=\"swiper-slide-inner\"><img decoding=\"async\" class=\"swiper-slide-image\" src=\"https:\/\/ceracoat.me\/wp-content\/uploads\/2021\/11\/PORTADA-CARRO-ROJO-ES.png\" alt=\"PORTADA-CARRO-ROJO\" \/><\/figure><\/div><div class=\"swiper-slide\" role=\"group\" aria-roledescription=\"slide\" aria-label=\"5 von 5\" data-no-translation-aria-label=\"\"><figure class=\"swiper-slide-inner\"><img decoding=\"async\" class=\"swiper-slide-image\" src=\"https:\/\/ceracoat.me\/wp-content\/uploads\/2021\/11\/NANO-TEXTURA-ESP.png\" alt=\"NANO-TEXTURA-1\" \/><\/figure><\/div>\t\t\t<\/div>\n\t\t\t\t\t\t\t\n\t\t\t\t\t\t\t\t\t<\/div>\n\t\t\t\t\t\t<\/div>\n\t\t\t\t<\/div>\n\t\t\t\t<div class=\"elementor-element elementor-element-517c53ce elementor-hidden-desktop elementor-arrows-position-inside elementor-widget elementor-widget-image-carousel\" data-id=\"517c53ce\" data-element_type=\"widget\" data-e-type=\"widget\" data-settings=\"{&quot;slides_to_show&quot;:&quot;1&quot;,&quot;navigation&quot;:&quot;arrows&quot;,&quot;effect&quot;:&quot;fade&quot;,&quot;autoplay_speed&quot;:3000,&quot;speed&quot;:600,&quot;autoplay&quot;:&quot;yes&quot;,&quot;pause_on_hover&quot;:&quot;yes&quot;,&quot;pause_on_interaction&quot;:&quot;yes&quot;,&quot;infinite&quot;:&quot;yes&quot;}\" data-widget_type=\"image-carousel.default\">\n\t\t\t\t<div class=\"elementor-widget-container\">\n\t\t\t\t\t\t\t<div class=\"elementor-image-carousel-wrapper swiper\" role=\"region\" aria-roledescription=\"carousel\" aria-label=\"Bild Karussell\" dir=\"ltr\">\n\t\t\t<div class=\"elementor-image-carousel swiper-wrapper swiper-image-stretch\" aria-live=\"off\">\n\t\t\t\t\t\t\t\t<div class=\"swiper-slide\" role=\"group\" aria-roledescription=\"slide\" aria-label=\"1 von 5\" data-no-translation-aria-label=\"\"><figure class=\"swiper-slide-inner\"><img decoding=\"async\" class=\"swiper-slide-image\" src=\"https:\/\/ceracoat.me\/wp-content\/uploads\/2021\/11\/principal-mobile-2.png\" alt=\"principal-mobile\" \/><\/figure><\/div><div class=\"swiper-slide\" role=\"group\" aria-roledescription=\"slide\" aria-label=\"2 von 5\" data-no-translation-aria-label=\"\"><figure class=\"swiper-slide-inner\"><img decoding=\"async\" class=\"swiper-slide-image\" src=\"https:\/\/ceracoat.me\/wp-content\/uploads\/2023\/06\/Add-a-subheading1.jpg\" alt=\"Add a subheading(1)\" \/><\/figure><\/div><div class=\"swiper-slide\" role=\"group\" aria-roledescription=\"slide\" aria-label=\"3 von 5\" data-no-translation-aria-label=\"\"><figure class=\"swiper-slide-inner\"><img decoding=\"async\" class=\"swiper-slide-image\" src=\"https:\/\/ceracoat.me\/wp-content\/uploads\/2021\/11\/PORTADA-NANO-TEXTURA-MOBILE-2.png\" alt=\"PORTADA-NANO-TEXTURA-MOBILE\" \/><\/figure><\/div><div class=\"swiper-slide\" role=\"group\" aria-roledescription=\"slide\" aria-label=\"4 von 5\" data-no-translation-aria-label=\"\"><figure class=\"swiper-slide-inner\"><img decoding=\"async\" class=\"swiper-slide-image\" src=\"https:\/\/ceracoat.me\/wp-content\/uploads\/2021\/11\/PORTADA-CARRO-ROJO-mobile-2.png\" alt=\"PORTADA-CARRO-ROJO-MOBILE\" \/><\/figure><\/div><div class=\"swiper-slide\" role=\"group\" aria-roledescription=\"slide\" aria-label=\"5 von 5\" data-no-translation-aria-label=\"\"><figure class=\"swiper-slide-inner\"><img decoding=\"async\" class=\"swiper-slide-image\" src=\"https:\/\/ceracoat.me\/wp-content\/uploads\/2021\/11\/PORTADA-CARRO-BLANCO-MOBILE-2.png\" alt=\"PORTADA-CARRO-BLANCO-MOBILE\" \/><\/figure><\/div>\t\t\t<\/div>\n\t\t\t\t\t\t\t\t\t\t\t\t<div class=\"elementor-swiper-button elementor-swiper-button-prev\" role=\"button\" tabindex=\"0\">\n\t\t\t\t\t\t<i aria-hidden=\"true\" class=\"eicon-chevron-left\"><\/i>\t\t\t\t\t<\/div>\n\t\t\t\t\t<div class=\"elementor-swiper-button elementor-swiper-button-next\" role=\"button\" tabindex=\"0\">\n\t\t\t\t\t\t<i aria-hidden=\"true\" class=\"eicon-chevron-right\"><\/i>\t\t\t\t\t<\/div>\n\t\t\t\t\n\t\t\t\t\t\t\t\t\t<\/div>\n\t\t\t\t\t\t<\/div>\n\t\t\t\t<\/div>\n\t\t\t\t<section class=\"elementor-section elementor-inner-section elementor-element elementor-element-74766d6a elementor-section-boxed elementor-section-height-default elementor-section-height-default\" data-id=\"74766d6a\" data-element_type=\"section\" data-e-type=\"section\">\n\t\t\t\t\t\t<div class=\"elementor-container elementor-column-gap-default\">\n\t\t\t\t\t<div class=\"elementor-column elementor-col-50 elementor-inner-column elementor-element elementor-element-3dd95b81\" data-id=\"3dd95b81\" data-element_type=\"column\" data-e-type=\"column\">\n\t\t\t<div class=\"elementor-widget-wrap elementor-element-populated\">\n\t\t\t\t\t\t<div class=\"elementor-element elementor-element-5f9d96e3 elementor-widget elementor-widget-heading\" data-id=\"5f9d96e3\" data-element_type=\"widget\" data-e-type=\"widget\" data-widget_type=\"heading.default\">\n\t\t\t\t<div class=\"elementor-widget-container\">\n\t\t\t\t\t<h1 class=\"elementor-heading-title elementor-size-default\">Ceracoat Group Opportunity<\/h1>\t\t\t\t<\/div>\n\t\t\t\t<\/div>\n\t\t\t\t<div class=\"elementor-element elementor-element-12e134e elementor-widget elementor-widget-text-editor\" data-id=\"12e134e\" data-element_type=\"widget\" data-e-type=\"widget\" data-widget_type=\"text-editor.default\">\n\t\t\t\t<div class=\"elementor-widget-container\">\n\t\t\t\t\t\t\t\t\t<p style=\"text-align: center;\">Bienvenido al futuro de los recubrimientos de superficies - \u00a1Estamos buscando distribuidores nacionales!<\/p><h2 style=\"text-align: center;\"><span style=\"color: #ff0000;\">\"\u00a1No limpies m\u00e1s!  <b>CUBRE - CERACUBRE<\/b>\"<\/span><\/h2>\t\t\t\t\t\t\t\t<\/div>\n\t\t\t\t<\/div>\n\t\t\t\t<div class=\"elementor-element elementor-element-2d1d520c elementor-widget elementor-widget-text-editor\" data-id=\"2d1d520c\" data-element_type=\"widget\" data-e-type=\"widget\" data-widget_type=\"text-editor.default\">\n\t\t\t\t<div class=\"elementor-widget-container\">\n\t\t\t\t\t\t\t\t\t<h6><img fetchpriority=\"high\" decoding=\"async\" class=\"wp-image-531 size-full aligncenter\" src=\"https:\/\/ceracoat.me\/wp-content\/uploads\/2019\/12\/group1.jpg\" alt=\"\" width=\"648\" height=\"493\" srcset=\"https:\/\/ceracoat.me\/wp-content\/uploads\/2019\/12\/group1.jpg 648w, https:\/\/ceracoat.me\/wp-content\/uploads\/2019\/12\/group1-300x228.jpg 300w, https:\/\/ceracoat.me\/wp-content\/uploads\/2019\/12\/group1-600x456.jpg 600w\" sizes=\"(max-width: 648px) 100vw, 648px\" \/><\/h6><h6 style=\"text-align: center;\"><strong>CERACOAT - RECUBRIMIENTOS PARA CUALQUIER SUPERFICIE<\/strong><br \/>\u00a0<\/h6><p>Soy Elio, fundador y presidene del Grupo Ceracoat, el productor de nano tecnolog\u00eda (Ceracoat).<\/p><p>Poseemos los productos perfectos para vender v\u00eda Publicidad Demostrativa (tambi\u00e9n cualquier tipo de distribuci\u00f3n), pues son sencillos de explicar, ellos necesitan ser explicados y cuando eso ocurre, se genera el efecto WOW. Los productos Ceracoat representan econom\u00eda de tiempo y dinero, son \u00fanicos, y luego de recubrir con ellos cualquier superficie, no requerir\u00e1 de limpieza.<\/p><p><strong>Los Recubrimientos Ceracoat son:<\/strong><\/p><ul><li>Imperceptibles al ojo humano (grosor del recubrimiento 100-150nm)<\/li><li>Permanente (Estabilidad UV, muy resistente a los abrasivos, f\u00e1cil limpieza)<\/li><li>No hay cambio en la textura de la fibra (Superficie no cambia)<\/li><li>Libre de silicones, ceras o aceite<\/li><li>Respirable<\/li><li>Aplicaci\u00f3n sencilla (h\u00e1galo usted mismo mediante spay)<\/li><li>Amigable con el ambiente, seguro ante los alimentos, disponible en concentrados)<\/li><li>Agente resistente al agua y al lavado (45 ciclos de lavado promedio por prenda)<\/li><\/ul><p><strong>PUEDES RECUBRIR CUALQUIER SUPERFICIE:<\/strong><\/p><ul><li>Vidrio\/Cer\u00e1mica \u2013Sp\u00e9rficies laqueadas, Pl\u00e1stico\/Acero inoxidable<\/li><li>Textiles\/Papel\/maderas no tratadas-Absorbente a superficies minerales\/Piedra.<\/li><li>Sperficies Absorbentes: ropa, calzado, textiles, muebles, alfombras, interiores de veh\u00edculos, madera, piedra, fachadas, monumentos, protecci\u00f3n de infraestructura, toda superficie de cuero. Superficies no absorbentes: vidrio, cer\u00e1micas, ventanas, azulejos, cabinas de duchas, inodoros, parabrisas de autom\u00f3viles, carrocer\u00edas, llantas, motores, cajas de cambios, refrigeradores.<\/li><\/ul><h4>VENTAJAS EN COMPARACI\u00d3N CON LA COMPETENCIA<\/h4><ul><li><strong>Uso Sencillo<\/strong><br \/>Los productos de la competencia generalmente requieren limpieza y preparaci\u00f3n antes de recubrirlos. Los recubrimientos de Ceracoat no requieren preparaci\u00f3n previa, los cual los convierte en r\u00e1pidos y f\u00e1ciles de aplicar.<\/li><li><strong>Longevidad permanente<\/strong><br \/>La estabilidad UV prmite su fncionalidad por un buen n\u00famero de a\u00f1os, aproximadamente la vida \u00fatil de un producto recubierto. Muchos productos de la competencia son lentamente destruidos por la luz solar y el agua.<\/li><li><strong>Resistentes a la abrasi\u00f3n, efecto de f\u00e1cil limpieza<\/strong><br \/>Una s\u00f3lida conexi\u00f3n qu\u00edmica con el sustrato permite una excelente abrasion y resistencia a las m\u00e1quinas de lavado \u2013el recubrimiento se adhiere a las fibras hasta que es destruido mediante influencias externas. Muchos productos de la competencia no son resistentes a las m\u00e1quinas de lavado.<\/li><li><strong>Estabilidad Qu\u00edmica \u2013 Estabilidad ante los Agentes de Lavado<\/strong><br \/>El producto es un agente resistente al lavado. Muchos productos d ela competencia no poseen esta propiedad y debe ser reaplicados regularmente.<\/li><li><strong>Hecho en Suiza<\/strong><\/li><li><strong>Contacto directo y sociedad con el Fundador y su pasi\u00f3n<\/strong>:<br \/>Dr Elio Keller, Grupo Ceracoat \/ Industrias<\/li><\/ul><p><strong>Para solicitar convertirse en un distribuidor nacional, escriba a:<\/strong><br \/><span style=\"text-decoration: underline;\"><span style=\"color: #3366bb;\"><a style=\"color: #3366bb; text-decoration: underline;\" href=\"mailto:sales@ceracoat.me?subject=Become%20Distributor\">sales@ceracoat.me<\/a><\/span><\/span><br \/>indicando su nombre completo, direcci\u00f3n y pa\u00eds.<\/p><h4 style=\"text-align: center;\"><span style=\"color: #ff0000;\">INTERESADO EN VENTAS DIRECTAS \/ MLM<\/span><\/h4><p style=\"text-align: center;\"><span style=\"text-decoration: underline; color: #3366ff;\"><a style=\"color: #3366ff; text-decoration: underline;\" href=\"https:\/\/ceracoat.me\/wp-content\/uploads\/2020\/04\/Passion8814.pdf\">CERACOAT PASSION<\/a><br \/><a style=\"color: #3366ff; text-decoration: underline;\" href=\"https:\/\/ceracoat.me\/wp-content\/uploads\/2019\/12\/PresentationMLM.pdf\" target=\"_blank\" rel=\"noopener\">PRESENTACI\u00d3N CERACOAT DIRECT<\/a><\/span><br \/><span style=\"text-decoration: underline; color: #3366ff;\"><a style=\"color: #3366ff; text-decoration: underline;\" href=\"https:\/\/ceracoat.me\/wp-content\/uploads\/2019\/12\/CeracoatDirectSelling.pdf\" target=\"_blank\" rel=\"noopener\">CERACOAT VENTA DIRECTA<\/a><\/span><\/p><h6 style=\"text-align: center;\">\u00a1\u00a1Ceracoat\u00a0<strong>NO TIENE LIMITES!<\/strong>!<br \/>\u00a1Ceracoat le ofrece una enorme oportunidad!<\/h6>\t\t\t\t\t\t\t\t<\/div>\n\t\t\t\t<\/div>\n\t\t\t\t\t<\/div>\n\t\t<\/div>\n\t\t\t\t<div class=\"elementor-column elementor-col-50 elementor-inner-column elementor-element elementor-element-3abda1b8\" data-id=\"3abda1b8\" data-element_type=\"column\" data-e-type=\"column\">\n\t\t\t<div class=\"elementor-widget-wrap elementor-element-populated\">\n\t\t\t\t\t\t<div class=\"elementor-element elementor-element-09d9df7 elementor-widget elementor-widget-accordion\" data-id=\"09d9df7\" data-element_type=\"widget\" data-e-type=\"widget\" data-widget_type=\"accordion.default\">\n\t\t\t\t<div class=\"elementor-widget-container\">\n\t\t\t\t\t\t\t<div class=\"elementor-accordion\">\n\t\t\t\t\t\t\t<div class=\"elementor-accordion-item\">\n\t\t\t\t\t<div id=\"elementor-tab-title-1031\" class=\"elementor-tab-title\" data-tab=\"1\" role=\"button\" aria-controls=\"elementor-tab-content-1031\" aria-expanded=\"false\">\n\t\t\t\t\t\t\t\t\t\t\t\t<a class=\"elementor-accordion-title\" tabindex=\"0\">Dr. Elio Keller<\/a>\n\t\t\t\t\t<\/div>\n\t\t\t\t\t<div id=\"elementor-tab-content-1031\" class=\"elementor-tab-content elementor-clearfix\" data-tab=\"1\" role=\"region\" aria-labelledby=\"elementor-tab-title-1031\"><p><img decoding=\"async\" class=\"wp-image-529 size-full aligncenter\" src=\"https:\/\/ceracoat.me\/wp-content\/uploads\/2019\/12\/drelio.jpg\" alt=\"\" width=\"319\" height=\"370\" srcset=\"https:\/\/ceracoat.me\/wp-content\/uploads\/2019\/12\/drelio.jpg 319w, https:\/\/ceracoat.me\/wp-content\/uploads\/2019\/12\/drelio-300x348.jpg 300w, https:\/\/ceracoat.me\/wp-content\/uploads\/2019\/12\/drelio-259x300.jpg 259w\" sizes=\"(max-width: 319px) 100vw, 319px\" \/><\/p><\/div>\n\t\t\t\t<\/div>\n\t\t\t\t\t\t\t\t<\/div>\n\t\t\t\t\t\t<\/div>\n\t\t\t\t<\/div>\n\t\t\t\t<div class=\"elementor-element elementor-element-642050f elementor-widget elementor-widget-accordion\" data-id=\"642050f\" data-element_type=\"widget\" data-e-type=\"widget\" data-widget_type=\"accordion.default\">\n\t\t\t\t<div class=\"elementor-widget-container\">\n\t\t\t\t\t\t\t<div class=\"elementor-accordion\">\n\t\t\t\t\t\t\t<div class=\"elementor-accordion-item\">\n\t\t\t\t\t<div id=\"elementor-tab-title-1041\" class=\"elementor-tab-title\" data-tab=\"1\" role=\"button\" aria-controls=\"elementor-tab-content-1041\" aria-expanded=\"false\">\n\t\t\t\t\t\t\t\t\t\t\t\t<a class=\"elementor-accordion-title\" tabindex=\"0\">V\u00eddeos<\/a>\n\t\t\t\t\t<\/div>\n\t\t\t\t\t<div id=\"elementor-tab-content-1041\" class=\"elementor-tab-content elementor-clearfix\" data-tab=\"1\" role=\"region\" aria-labelledby=\"elementor-tab-title-1041\"><iframe src=\"https:\/\/www.youtube.com\/embed\/DtILOgucMlk\" width=\"560\" height=\"315\" frameborder=\"0\" allowfullscreen=\"allowfullscreen\"><\/iframe><\/div>\n\t\t\t\t<\/div>\n\t\t\t\t\t\t\t\t<\/div>\n\t\t\t\t\t\t<\/div>\n\t\t\t\t<\/div>\n\t\t\t\t\t<\/div>\n\t\t<\/div>\n\t\t\t\t\t<\/div>\n\t\t<\/section>\n\t\t\t\t\t<\/div>\n\t\t<\/div>\n\t\t\t\t\t<\/div>\n\t\t<\/section>\n\t\t\t\t<\/div>","protected":false},"excerpt":{"rendered":"<p>Ceracoat Group Opportunity Welcome to the future of surface coating &#8211; we are looking for national distributors! &#8220;Don&#8217;t clean any more! COAT &#8211; CERACOAT&#8221; Ceracoat COATINGS FOR ANY SURFACE\u00a0 I am Elio, the founder and president of Ceracoat Group, the producer in nano\u00a0technology (Ceracoat). We have the perfect products to be sold via Demonstration Advertising&hellip;&nbsp;<a href=\"https:\/\/ceracoat.me\/es\/become-distributor\/\" rel=\"bookmark\">Leer m\u00e1s &raquo;<span class=\"screen-reader-text\">Ser distribuidor<\/span><\/a><\/p>","protected":false},"author":2,"featured_media":0,"parent":0,"menu_order":0,"comment_status":"closed","ping_status":"closed","template":"elementor_header_footer","meta":{"om_disable_all_campaigns":false,"_monsterinsights_skip_tracking":false,"_monsterinsights_sitenote_active":false,"_monsterinsights_sitenote_note":"","_monsterinsights_sitenote_category":0,"neve_meta_sidebar":"default","neve_meta_container":"default","neve_meta_enable_content_width":"off","neve_meta_content_width":70,"neve_meta_title_alignment":"","neve_meta_author_avatar":"","neve_post_elements_order":"","neve_meta_disable_header":"off","neve_meta_disable_footer":"off","neve_meta_disable_title":"off","footnotes":""},"class_list":["post-83","page","type-page","status-publish","hentry"],"aioseo_notices":[],"_links":{"self":[{"href":"https:\/\/ceracoat.me\/es\/wp-json\/wp\/v2\/pages\/83","targetHints":{"allow":["GET"]}}],"collection":[{"href":"https:\/\/ceracoat.me\/es\/wp-json\/wp\/v2\/pages"}],"about":[{"href":"https:\/\/ceracoat.me\/es\/wp-json\/wp\/v2\/types\/page"}],"author":[{"embeddable":true,"href":"https:\/\/ceracoat.me\/es\/wp-json\/wp\/v2\/users\/2"}],"replies":[{"embeddable":true,"href":"https:\/\/ceracoat.me\/es\/wp-json\/wp\/v2\/comments?post=83"}],"version-history":[{"count":6,"href":"https:\/\/ceracoat.me\/es\/wp-json\/wp\/v2\/pages\/83\/revisions"}],"predecessor-version":[{"id":11752,"href":"https:\/\/ceracoat.me\/es\/wp-json\/wp\/v2\/pages\/83\/revisions\/11752"}],"wp:attachment":[{"href":"https:\/\/ceracoat.me\/es\/wp-json\/wp\/v2\/media?parent=83"}],"curies":[{"name":"wp","href":"https:\/\/api.w.org\/{rel}","templated":true}]}}