{"id":169,"date":"2019-11-26T23:55:40","date_gmt":"2019-11-26T22:55:40","guid":{"rendered":"http:\/\/localhost\/ceracoat\/?post_type=product&#038;p=169"},"modified":"2023-04-21T16:46:07","modified_gmt":"2023-04-21T14:46:07","slug":"ceracoat-ceramic-stone-care-200ml","status":"publish","type":"product","link":"https:\/\/ceracoat.me\/es\/products\/shop\/ceracoat-ceramic-stone-care-200ml\/","title":{"rendered":"CERACOAT Tratamiento superficies 200ml"},"content":{"rendered":"<p>Para todo tipo de superficie mineral, desde arenisca, concreto, terracota, ladrillo, granito poroso, piedra caliza o paneles de piedra. Recubrimiento de pared o piso, fachadas de edificios, cer\u00e1mica para tejado, jard\u00edn, piscinas, estatuaria de piedra, etc. Ceracoat Stone Care es resistente al agua y protege todas sus superficies minerales contra l\u00edquidos (agua, aceite, etc), polvo y suciedad en general. Ceracoat Stone Care no contamina los alimentos.<\/p>\n<p>La delgada pel\u00edcula de nano cer\u00e1mica de Ceracoat Stone Care prevendr\u00e1 y proteger\u00e1 sus superficies minerales contra los agentes del agua. El agua es repelida, tampoco penetrar\u00e1n ni se adherir\u00e1n ni el polvo, ni la suciedad. La apariencia de cada superficie se mantendr\u00e1 intacta (es invisible). Luego de aplicado Ceracoat  Stone Care no ser\u00e1 necesario utilizar limpiadores.<\/p>\n<h6><strong>CERACOAT  TE AHORRA TIEMPO Y DINERO!<\/strong><\/h6>\n<p><strong>APLICACI\u00d3N:<\/strong>Las superficies deben estar limpias y secas.<\/p>\n<p>Comience realizando pruebas<\/p>\n<p>Coloque una gota de agua sobre la superficie. La gota deber\u00e1 ser absorbida por la superficie que ser\u00e1 tratada con Ceracoat. De no ocurrir, significar\u00e1 que esa superficie ya fue tratada y en consecuencia no podr\u00e1 ser tratada con Ceracoat. De lo contrario, solamente roc\u00ede Ceracoat Stone Care sobre la superficie hasta que distinga una delgada pel\u00edcula h\u00fameda sobre la superficie, entonces d\u00e9jela secar por un m\u00ednimo de 24 horas. El recubrimiento es muy duradero (hablamos de varios a\u00f1os)<\/p>\n<p><strong>LIMPIEZA DESPU\u00c9S DEL TRATAMIENTO CON CERACOAT\u2122<\/strong><br \/>\nLa lluvia limpiar\u00e1 sus superficies minerales exteriores \u2013de lo contrario, h\u00e1galo usted simplemente con agua, ya no necesitar\u00e1 m\u00e1s de limpiadores. Puede utilizar alta presi\u00f3n de agua para limpiar (hasta 60 bar).<\/p>","protected":false},"excerpt":{"rendered":"<p>Para todo tipo de superficie mineral, desde arenisca, concreto, terracota, ladrillo, granito poroso, piedra caliza o paneles de piedra. Recubrimiento de pared o piso, fachadas de edificios, cer\u00e1mica para tejado, jard\u00edn, piscinas, estatuaria de piedra, etc.<\/p>","protected":false},"featured_media":6104,"template":"","meta":{"om_disable_all_campaigns":false,"_monsterinsights_skip_tracking":false,"_monsterinsights_sitenote_active":false,"_monsterinsights_sitenote_note":"","_monsterinsights_sitenote_category":0,"neve_meta_sidebar":"","neve_meta_container":"","neve_meta_enable_content_width":"off","neve_meta_content_width":70,"neve_meta_title_alignment":"","neve_meta_author_avatar":"","neve_post_elements_order":"","neve_meta_disable_header":"","neve_meta_disable_footer":"","neve_meta_disable_title":""},"product_brand":[],"product_cat":[33],"product_tag":[],"class_list":{"0":"post-169","1":"product","2":"type-product","3":"status-publish","4":"has-post-thumbnail","6":"product_cat-ceracoat","8":"first","9":"instock","10":"taxable","11":"shipping-taxable","12":"purchasable","13":"product-type-simple"},"aioseo_notices":[],"_links":{"self":[{"href":"https:\/\/ceracoat.me\/es\/wp-json\/wp\/v2\/product\/169","targetHints":{"allow":["GET"]}}],"collection":[{"href":"https:\/\/ceracoat.me\/es\/wp-json\/wp\/v2\/product"}],"about":[{"href":"https:\/\/ceracoat.me\/es\/wp-json\/wp\/v2\/types\/product"}],"version-history":[{"count":0,"href":"https:\/\/ceracoat.me\/es\/wp-json\/wp\/v2\/product\/169\/revisions"}],"wp:featuredmedia":[{"embeddable":true,"href":"https:\/\/ceracoat.me\/es\/wp-json\/wp\/v2\/media\/6104"}],"wp:attachment":[{"href":"https:\/\/ceracoat.me\/es\/wp-json\/wp\/v2\/media?parent=169"}],"wp:term":[{"taxonomy":"product_brand","embeddable":true,"href":"https:\/\/ceracoat.me\/es\/wp-json\/wp\/v2\/product_brand?post=169"},{"taxonomy":"product_cat","embeddable":true,"href":"https:\/\/ceracoat.me\/es\/wp-json\/wp\/v2\/product_cat?post=169"},{"taxonomy":"product_tag","embeddable":true,"href":"https:\/\/ceracoat.me\/es\/wp-json\/wp\/v2\/product_tag?post=169"}],"curies":[{"name":"wp","href":"https:\/\/api.w.org\/{rel}","templated":true}]}}