{"id":209,"date":"2019-11-27T02:34:02","date_gmt":"2019-11-27T01:34:02","guid":{"rendered":"http:\/\/localhost\/ceracoat\/?post_type=product&#038;p=209"},"modified":"2023-04-21T16:41:48","modified_gmt":"2023-04-21T14:41:48","slug":"ceracoat-ceramic-anti-fire","status":"publish","type":"product","link":"https:\/\/ceracoat.me\/es\/products\/shop\/ceracoat-ceramic-anti-fire\/","title":{"rendered":"CERACOAT Anti-Fuego 200 ml"},"content":{"rendered":"<h6><b>CERACOAT\u2122 FIRE RETARDANT<\/b><\/h6>\n<p>Aplicable en todo tipo de superficie textil absorbente, cuero, papel cartulina, madera.  Ropa, textiles dom\u00e9sticos, calzado, muebles, alfombras, cortinas, colchones, textiles de cama, muebles y alfombras de autom\u00f3vil, capotas convertibles.<\/p>\n<p>CERACOAT Anti Fire es tanto un inhibidor del fuego como una cobertura protectora que puede adaptarse y aplicarse a varios tipos diferentes de materiales.<\/p>\n<p>La delgada pel\u00edcula de nanocer\u00e1mica Ceracoat\u2122  proteger\u00e1 todas sus superficies textiles absorbentes y evitar\u00e1 que prendan fuego, al mismo tiempo que permanece invisible! Si el recubrimiento nunca fuera lavado, permanecer\u00e1 por siempre. En caso de fuego, proteger\u00e1 sus superficies de arder en fuego por al menos 90 minutos (certificado internacional B1).<\/p>\n<h6><b>CERACOAT\u2122 Anti Fire para m\u00e1s seguridad!<\/b><\/h6>\n<p><strong>APLICACI\u00d3N:<\/strong>Debe ser rociado sobre una superficie absorbente y limpia y seca (madera, papel, textil) y luego solamente dejarlo secar.<\/p>\n<p><strong>EFECTO:<\/strong>Los ingredientes activos de CERACOAT Anti Fire son absorbidos por el material y permanecer\u00e1n inactivos hasta que el material sea expuesto a una temperatura cerca a los 250\u00b0C. A esta temperatura CERACOAT Anti Fire se activar\u00e1 y absorber\u00e1 el calor, actuando como un efecto endot\u00e9rmico.<\/p>\n<p class=\" translation-block\"><strong> Protecci\u00f3n contra incendios en el hogar <\/strong>: CERACOAT Anti Fire tambi\u00e9n se puede pulverizar sobre madera fina, papel, cart\u00f3n y textiles, sobre todos los materiales naturales absorbentes. Cuando se evite que surja un incendio, no ser\u00e1 necesario despejar un incendio desarrollado. Perfecta protecci\u00f3n de los \u00e1rboles de Navidad.<\/p>\n<p>Ceracoat Anti Fire no es t\u00f3xico, es altamente efectivo, soluble en agua, incoloro, inodoro, amigo del ambiente, no contamina los alimentos.<\/p>","protected":false},"excerpt":{"rendered":"<p>A fire inhibitory and fire protecting coating for all absorbent surfaces of textiles, suede leather, paper, cardboard, wood. Clothes, household textiles, suede shoes, furniture, carpets, curtains, mattresses, bed textiles, car seats &#038; carpets, car convert.<\/p>","protected":false},"featured_media":6100,"template":"","meta":{"om_disable_all_campaigns":false,"_monsterinsights_skip_tracking":false,"_monsterinsights_sitenote_active":false,"_monsterinsights_sitenote_note":"","_monsterinsights_sitenote_category":0,"neve_meta_sidebar":"","neve_meta_container":"","neve_meta_enable_content_width":"off","neve_meta_content_width":70,"neve_meta_title_alignment":"","neve_meta_author_avatar":"","neve_post_elements_order":"","neve_meta_disable_header":"","neve_meta_disable_footer":"","neve_meta_disable_title":""},"product_brand":[],"product_cat":[33],"product_tag":[],"class_list":{"0":"post-209","1":"product","2":"type-product","3":"status-publish","4":"has-post-thumbnail","6":"product_cat-ceracoat","8":"first","9":"instock","10":"taxable","11":"shipping-taxable","12":"purchasable","13":"product-type-simple"},"aioseo_notices":[],"_links":{"self":[{"href":"https:\/\/ceracoat.me\/es\/wp-json\/wp\/v2\/product\/209","targetHints":{"allow":["GET"]}}],"collection":[{"href":"https:\/\/ceracoat.me\/es\/wp-json\/wp\/v2\/product"}],"about":[{"href":"https:\/\/ceracoat.me\/es\/wp-json\/wp\/v2\/types\/product"}],"version-history":[{"count":0,"href":"https:\/\/ceracoat.me\/es\/wp-json\/wp\/v2\/product\/209\/revisions"}],"wp:featuredmedia":[{"embeddable":true,"href":"https:\/\/ceracoat.me\/es\/wp-json\/wp\/v2\/media\/6100"}],"wp:attachment":[{"href":"https:\/\/ceracoat.me\/es\/wp-json\/wp\/v2\/media?parent=209"}],"wp:term":[{"taxonomy":"product_brand","embeddable":true,"href":"https:\/\/ceracoat.me\/es\/wp-json\/wp\/v2\/product_brand?post=209"},{"taxonomy":"product_cat","embeddable":true,"href":"https:\/\/ceracoat.me\/es\/wp-json\/wp\/v2\/product_cat?post=209"},{"taxonomy":"product_tag","embeddable":true,"href":"https:\/\/ceracoat.me\/es\/wp-json\/wp\/v2\/product_tag?post=209"}],"curies":[{"name":"wp","href":"https:\/\/api.w.org\/{rel}","templated":true}]}}