{"id":4097,"date":"2020-02-27T17:23:08","date_gmt":"2020-02-27T16:23:08","guid":{"rendered":"https:\/\/ceracoat.me\/?post_type=product&#038;p=4097"},"modified":"2025-08-12T16:58:19","modified_gmt":"2025-08-12T14:58:19","slug":"ceracoat-ceramic-protectall-200ml","status":"publish","type":"product","link":"https:\/\/ceracoat.me\/es\/products\/shop\/ceracoat-ceramic-protectall-200ml\/","title":{"rendered":"CERACOAT Ceramic Protege Todo 200ml"},"content":{"rendered":"<div data-elementor-type=\"wp-post\" data-elementor-id=\"4097\" class=\"elementor elementor-4097\">\n\t\t\t\t\t\t<section class=\"elementor-section elementor-top-section elementor-element elementor-element-bfaf24c elementor-section-boxed elementor-section-height-default elementor-section-height-default\" data-id=\"bfaf24c\" data-element_type=\"section\" data-e-type=\"section\">\n\t\t\t\t\t\t<div class=\"elementor-container elementor-column-gap-default\">\n\t\t\t\t\t<div class=\"elementor-column elementor-col-100 elementor-top-column elementor-element elementor-element-74107520\" data-id=\"74107520\" data-element_type=\"column\" data-e-type=\"column\">\n\t\t\t<div class=\"elementor-widget-wrap elementor-element-populated\">\n\t\t\t\t\t\t<div class=\"elementor-element elementor-element-7ee5f2f1 elementor-widget elementor-widget-text-editor\" data-id=\"7ee5f2f1\" data-element_type=\"widget\" data-e-type=\"widget\" data-widget_type=\"text-editor.default\">\n\t\t\t\t<div class=\"elementor-widget-container\">\n\t\t\t\t\t\t\t\t\t<p><strong>CERACOAT\u2122 ProtectAll (para todas las superficies duras)<\/strong><\/p>\n\nRecubrimiento, protector y renovador para todas las superficies DURAS de vidrio, pl\u00e1stico, cromo, cobre, plata, cer\u00e1mica, metal, cabinas de ducha, ventanas, espejos, muebles, inodoros, lavabos, ba\u00f1eras, azulejos, grifos, ba\u00f1os y cocinas en general.\nCeracoat\u2122 ProtectAll tambi\u00e9n es antibacteriano y tiene propiedades antiara\u00f1azos y antihuellas.<\/strong><\/p>\n<p><strong>CERACOAT\u2122<\/strong>&nbsp;<strong>ProtectAll<\/strong> es un renovador y protector de superficies muy duradero para superficies no absorbentes\/duras.<\/p>\n<p><strong>CERACOAT\u2122<\/strong>&nbsp;<strong>ProtectAll<\/strong> renovar\u00e1 y devolver\u00e1 el brillo y el esplendor a todas sus superficies duras, y la fina pel\u00edcula de nano cer\u00e1mica las proteger\u00e1. Las superficies se vuelven repelentes a los l\u00edquidos y la suciedad, y f\u00e1ciles de limpiar. <strong>CERACOAT\u2122<\/strong>&nbsp;<strong>ProtectAll<\/strong> es un producto alimentario neutro, totalmente seguro y antibacteriano.<\/p>\n<p>La pasta de dientes, el jab\u00f3n, la grasa, la cal, la lluvia, el polvo ya no se adherir\u00e1n a las superficies y no dejar\u00e1n m\u00e1s suciedad duradera. F\u00e1cil de limpiar.<\/p>\n<p>Despu\u00e9s del tratamiento con <strong>CERACOAT\u2122<\/strong>&nbsp;<strong>ProtectAll<\/strong> Ya no necesitas ning\u00fan producto de limpieza. Basta con limpiar con una toalla o enjuagar con agua. <strong><br><\/strong><\/p><p><strong>CERACOAT\u2122ProtectAll le ahorra tiempo y dinero, y protege la naturaleza. CERACOAT\u2122ProtectAll es completamente seguro y neutro para los alimentos!<\/strong><\/p><p><strong>APLICACI\u00d3N:<\/strong> La superficie debe estar seca. Poner unas gotas sobre una toalla (o papel absorbente o micropolar) y aplicar con movimientos circulares. Ver\u00e1 una pel\u00edcula mate. Espere 2-3 minutos y luego p\u00falalo hasta que no vea m\u00e1s la pel\u00edcula de la estera, sino solo una superficie brillante, lisa y limpia perfecta. Espere 2 h antes de exponer la superficie CERACOATED al agua. 10-20 ml por m2 \/ 10 pies cuadrados es suficiente.<\/p>\n<p>Esto le proporcionar\u00e1 el mejor rendimiento para una protecci\u00f3n muy duradera.<\/p>\n<p><strong>LIMPIEZA DESPU\u00c9S DEL TRATAMIENTO CON CERACOAT\u2122 ProtectAll<\/strong><\/p>\n<p>El polvo, los l\u00edquidos y la suciedad se pueden eliminar f\u00e1cilmente con un pa\u00f1o o papel absorbente, o simplemente enjuagando con agua y secando. No se requieren m\u00e1s productos de limpieza.<!-- Created with Elementor --><\/p>\t\t\t\t\t\t\t\t<\/div>\n\t\t\t\t<\/div>\n\t\t\t\t\t<\/div>\n\t\t<\/div>\n\t\t\t\t\t<\/div>\n\t\t<\/section>\n\t\t\t\t<\/div>","protected":false},"excerpt":{"rendered":"<p>Renovador y protector para todas las superficies de vidrio, cer\u00e1mica, cromo, cobre, plata, oro, metal, pl\u00e1sticos, madera lacada, m\u00e1rmol lacado, carbono<\/p>","protected":false},"featured_media":6070,"template":"","meta":{"om_disable_all_campaigns":false,"_monsterinsights_skip_tracking":false,"_monsterinsights_sitenote_active":false,"_monsterinsights_sitenote_note":"","_monsterinsights_sitenote_category":0,"neve_meta_sidebar":"","neve_meta_container":"","neve_meta_enable_content_width":"off","neve_meta_content_width":70,"neve_meta_title_alignment":"","neve_meta_author_avatar":"","neve_post_elements_order":"","neve_meta_disable_header":"","neve_meta_disable_footer":"","neve_meta_disable_title":""},"product_brand":[],"product_cat":[33],"product_tag":[],"class_list":{"0":"post-4097","1":"product","2":"type-product","3":"status-publish","4":"has-post-thumbnail","6":"product_cat-ceracoat","8":"first","9":"instock","10":"taxable","11":"shipping-taxable","12":"purchasable","13":"product-type-simple"},"aioseo_notices":[],"_links":{"self":[{"href":"https:\/\/ceracoat.me\/es\/wp-json\/wp\/v2\/product\/4097","targetHints":{"allow":["GET"]}}],"collection":[{"href":"https:\/\/ceracoat.me\/es\/wp-json\/wp\/v2\/product"}],"about":[{"href":"https:\/\/ceracoat.me\/es\/wp-json\/wp\/v2\/types\/product"}],"version-history":[{"count":19,"href":"https:\/\/ceracoat.me\/es\/wp-json\/wp\/v2\/product\/4097\/revisions"}],"predecessor-version":[{"id":11695,"href":"https:\/\/ceracoat.me\/es\/wp-json\/wp\/v2\/product\/4097\/revisions\/11695"}],"wp:featuredmedia":[{"embeddable":true,"href":"https:\/\/ceracoat.me\/es\/wp-json\/wp\/v2\/media\/6070"}],"wp:attachment":[{"href":"https:\/\/ceracoat.me\/es\/wp-json\/wp\/v2\/media?parent=4097"}],"wp:term":[{"taxonomy":"product_brand","embeddable":true,"href":"https:\/\/ceracoat.me\/es\/wp-json\/wp\/v2\/product_brand?post=4097"},{"taxonomy":"product_cat","embeddable":true,"href":"https:\/\/ceracoat.me\/es\/wp-json\/wp\/v2\/product_cat?post=4097"},{"taxonomy":"product_tag","embeddable":true,"href":"https:\/\/ceracoat.me\/es\/wp-json\/wp\/v2\/product_tag?post=4097"}],"curies":[{"name":"wp","href":"https:\/\/api.w.org\/{rel}","templated":true}]}}