{"id":4724,"date":"2020-04-08T18:20:59","date_gmt":"2020-04-08T16:20:59","guid":{"rendered":"https:\/\/ceracoat.me\/?post_type=product&#038;p=4724"},"modified":"2025-07-31T09:47:04","modified_gmt":"2025-07-31T07:47:04","slug":"ceracoat-des-long-time-disinfectant","status":"publish","type":"product","link":"https:\/\/ceracoat.me\/es\/products\/shop\/ceracoat-des-long-time-disinfectant\/","title":{"rendered":"CERACOAT DES Recubrimiento de larga duraci\u00f3n (6 meses) para superficies duras (50 m\u00b2) antibacteriano + antiviral 500 ml"},"content":{"rendered":"<div data-elementor-type=\"product-post\" data-elementor-id=\"4724\" class=\"elementor elementor-4724\">\n\t\t\t\t\t\t<section class=\"elementor-section elementor-top-section elementor-element elementor-element-4623a324 elementor-section-boxed elementor-section-height-default elementor-section-height-default\" data-id=\"4623a324\" data-element_type=\"section\" data-e-type=\"section\">\n\t\t\t\t\t\t<div class=\"elementor-container elementor-column-gap-default\">\n\t\t\t\t\t<div class=\"elementor-column elementor-col-100 elementor-top-column elementor-element elementor-element-fb5894d\" data-id=\"fb5894d\" data-element_type=\"column\" data-e-type=\"column\">\n\t\t\t<div class=\"elementor-widget-wrap elementor-element-populated\">\n\t\t\t\t\t\t<div class=\"elementor-element elementor-element-177ce487 elementor-widget elementor-widget-text-editor\" data-id=\"177ce487\" data-element_type=\"widget\" data-e-type=\"widget\" data-widget_type=\"text-editor.default\">\n\t\t\t\t<div class=\"elementor-widget-container\">\n\t\t\t\t\t\t\t\t\t<strong>CERACOAT\u00aeDES<\/strong> es un limpiador, desinfectante, recubrimiento, protector que deja una barrera multifuncional\nen la superficie con:\r\n<p style=\"text-align: center;\" class=\" translation-block\">COMPUESTOS NATURALES Y ORG\u00c1NICOS<br>\nFORMULACIONES SEGURAS Y ECOL\u00d3GICAS<br>\nSOLUCIONES NO T\u00d3XICAS Y NO AL\u00c9RGICAS<br>\nINGREDIENTES SOSTENIBLES, RECICLADOS Y RECICLABLES ALIMENTARIOS<br>\nEl sellador de superficie dura crea un sello de barrera de microbiota que ayuda a prevenir infecciones cruzadas al crear un entorno hostil para pat\u00f3genos y biopel\u00edculas.<\/p>\r\n<p style=\"text-align: center;\" class=\" translation-block\">A diferencia de los desinfectantes convencionales, la protecci\u00f3n antibacteriana y antimicrobiana<br>\n se produce despu\u00e9s de un breve\ntiempo y brinda protecci\u00f3n duradera contra virus, bacterias y microbios por hasta<strong> 6 meses.<br>\n\u00a1No m\u00e1s necesidad de desinfectantes durante 6 meses!<\/strong><\/p>\r\nLos virus son la causa m\u00e1s com\u00fan de enfermedades infecciosas que se transmiten en interiores, como hospitales, escuelas, entornos laborales y hogares, y tienen un impacto significativo en la salud humana. La COVID-19 ha proporcionado una visi\u00f3n aterradora de los mecanismos de contagio e infecci\u00f3n cruzada en todo el mundo. Los virus se adhieren a las got\u00edculas de humedad que la persona infectada expulsa al aire y que llegan a puntos de contacto de alto riesgo.\r\n\r\n<strong>CERACOAT\u00aeDES<\/strong> SPRAY SELLADOR DE SUPERFICIES DURAS\nIdeal para superficies de contacto lisas y no absorbentes con alto riesgo, como: puertas, manillas, botones de ascensor, barandillas de escaleras,\nasientos de inodoro, interruptores, pantallas t\u00e1ctiles, tel\u00e9fonos m\u00f3viles, carros de la compra, tarjetas de cr\u00e9dito, superficies de escritorio, terminales de pago, zonas comerciales, etc.\r\n\r\n<strong>Informaci\u00f3n Adicional y Descripci\u00f3n<\/strong>\r\n<strong>CERACOAT\u00aeDES:<\/strong> Bioflavonoids \u2013 a large group of non-toxic natural plant components \u2013 are widely\r\nrecognized in healthcare for their potent natural antioxidant, anti\u2010inflammatory, anti-allergy, antibacterial,\r\nanti-fungal, antiviral, neuroprotective and healing activity, helping to fight even antibiotic-resistant\r\nbacteria.\r\nOur patented bioflavonoid complex offers natural, safe and powerful protection against prevalent\r\nrespiratory infections such as SARS-COVID, Influenza and Rhinovirus. The formula has been proven by\r\nindependent laboratories to destroy both enveloped and non-enveloped viruses within 1 to 5 minutes\r\nupon contact, depending on concentration and virus type, deactivating their ability to multiply and further\r\ninfect healthy cells, while using organic, food-grade, GMO-free and generally non-allergenic plant-based\r\ningredients.\r\n\r\n<strong>C\u00f3mo se usa:<\/strong> Aplique  CERACOAT\u00aeDES desinfectante de larga duraci\u00f3n sobre la superficie y exti\u00e9ndalo uniformemente con un pa\u00f1o. Deje secar. No enjuague. Se puede utilizar en todas las superficies. Efecto antimicrobiano sostenible hasta 6 meses (probado seg\u00fan las normas EN 13624:2013 \u2013 EN 1650:2019 \u2013 EN 1276:2019 \u2013 EN 13727:2012 + A2:2015) (virus envueltos, incluidos coronavirus, VIH, VHB, VHC, herpes, gripe, virus del \u00c9bola, etc.).<!-- Created with Elementor --><!-- Created with Elementor -->\t\t\t\t\t\t\t\t<\/div>\n\t\t\t\t<\/div>\n\t\t\t\t\t<\/div>\n\t\t<\/div>\n\t\t\t\t\t<\/div>\n\t\t<\/section>\n\t\t\t\t<\/div>","protected":false},"excerpt":{"rendered":"<p><strong><b>Limpia, sella y protege superficies duras<\/b><\/strong><\/p>\n<p class=\" translation-block\"><b>CERACOAT\u00aeDES<\/b> \u2013 TECNOLOG\u00cdA DE BIOFLAVONOIDES<\/p>\n<p class=\" translation-block\">POTENTE PROTECCI\u00d3N ANTIMICROBIANA, ANTIVIRAL Y ANTIF\u00daNGICA A BASE DE PLANTAS: mata hasta el 99,99 % de las bacterias y los virus y dura hasta  <b>6 meses!<\/b>. Superficie altamente efectiva\ndesinfectante \/ recubrimiento.<\/p>","protected":false},"featured_media":7564,"template":"","meta":{"om_disable_all_campaigns":false,"_monsterinsights_skip_tracking":false,"_monsterinsights_sitenote_active":false,"_monsterinsights_sitenote_note":"","_monsterinsights_sitenote_category":0,"neve_meta_sidebar":"","neve_meta_container":"","neve_meta_enable_content_width":"off","neve_meta_content_width":70,"neve_meta_title_alignment":"","neve_meta_author_avatar":"","neve_post_elements_order":"","neve_meta_disable_header":"","neve_meta_disable_footer":"","neve_meta_disable_title":""},"product_brand":[],"product_cat":[33],"product_tag":[],"class_list":{"0":"post-4724","1":"product","2":"type-product","3":"status-publish","4":"has-post-thumbnail","6":"product_cat-ceracoat","8":"first","9":"instock","10":"taxable","11":"shipping-taxable","12":"purchasable","13":"product-type-simple"},"aioseo_notices":[],"_links":{"self":[{"href":"https:\/\/ceracoat.me\/es\/wp-json\/wp\/v2\/product\/4724","targetHints":{"allow":["GET"]}}],"collection":[{"href":"https:\/\/ceracoat.me\/es\/wp-json\/wp\/v2\/product"}],"about":[{"href":"https:\/\/ceracoat.me\/es\/wp-json\/wp\/v2\/types\/product"}],"version-history":[{"count":39,"href":"https:\/\/ceracoat.me\/es\/wp-json\/wp\/v2\/product\/4724\/revisions"}],"predecessor-version":[{"id":11663,"href":"https:\/\/ceracoat.me\/es\/wp-json\/wp\/v2\/product\/4724\/revisions\/11663"}],"wp:featuredmedia":[{"embeddable":true,"href":"https:\/\/ceracoat.me\/es\/wp-json\/wp\/v2\/media\/7564"}],"wp:attachment":[{"href":"https:\/\/ceracoat.me\/es\/wp-json\/wp\/v2\/media?parent=4724"}],"wp:term":[{"taxonomy":"product_brand","embeddable":true,"href":"https:\/\/ceracoat.me\/es\/wp-json\/wp\/v2\/product_brand?post=4724"},{"taxonomy":"product_cat","embeddable":true,"href":"https:\/\/ceracoat.me\/es\/wp-json\/wp\/v2\/product_cat?post=4724"},{"taxonomy":"product_tag","embeddable":true,"href":"https:\/\/ceracoat.me\/es\/wp-json\/wp\/v2\/product_tag?post=4724"}],"curies":[{"name":"wp","href":"https:\/\/api.w.org\/{rel}","templated":true}]}}