{"id":5154,"date":"2022-02-09T18:03:46","date_gmt":"2022-02-09T17:03:46","guid":{"rendered":"https:\/\/ceracoat.me\/?post_type=product&#038;p=5154"},"modified":"2023-04-25T12:52:08","modified_gmt":"2023-04-25T10:52:08","slug":"ceracoat-leather-care-car-inside-200ml","status":"publish","type":"product","link":"https:\/\/ceracoat.me\/es\/products\/shop\/ceracoat-leather-care-car-inside-200ml\/","title":{"rendered":"CERACOAT Ceramic Cuidado del Cuero Interno para Coche 200ml"},"content":{"rendered":"<p><strong>CERACOAT\u2122 CUIDADO DEL CUERO INTERNO PARA COCHE<\/strong><\/p>\n<p>Ceracoat Ceramic Cuidado del Cuero Interno para Coche recubre y protege todas sus superficies de cuero\/pl\u00e1stico \n(pero tambi\u00e9n madera pintada) como asientos, cabinas de autom\u00f3viles, volantes de l\u00edquidos (agua, aceite, leche) \ny suciedad en general y le da al cuero o pl\u00e1stico un nuevo brillo profundo.\nLa superficie tiene propiedades repelentes al agua (formaci\u00f3n de gotas), el polvo y la suciedad ya no penetran \nen los poros. Ceracoat Ceramic Cuidado del Cuero Interno para Coche es muy duradero. Despu\u00e9s del tratamiento con\nCeracoat Ceramic Cuidado de Cuero Interno para Coche, ya no necesita limpiadores convencionales.<\/p>\n<p><strong><strong>CERACOAT  TE AHORRA TIEMPO Y DINERO!<\/strong><\/strong><\/p>\n<p><strong><b>APLICACI\u00d3N<\/b><\/strong><\/p>\n<p>Las superficies de cuero\/pl\u00e1stico deben estar limpias y secas.\nAgite bien antes de usar. Puede recubrir cuero\/pl\u00e1stico,\nnatural o ya pulido. Solo dale unas gotas de\nCeracoat Ceramic Cuidado de Cuero Interno para Coche sobre un pa\u00f1o\ny frotar la superficie y luego dejar actuar durante varias horas.<\/p>\n<p>&nbsp;<\/p>\n<p><strong>LIMPIEZA DESPU\u00c9S DEL TRATAMIENTO CON CERACOAT\u2122<\/strong><\/p>\n<p>El polvo, la suciedad y los l\u00edquidos simplemente se pueden sacudir\no absorber con un papel absorbente. Cremoso\ny los l\u00edquidos pegajosos, como grasa o aceite, solo se pueden limpiar con agua,\nenjuague (o limpie directamente con un pa\u00f1o h\u00famedo).\nLuego solo absorbe el agua con un papel absorbente.<\/p>","protected":false},"excerpt":{"rendered":"<p class=\" translation-block\">Ceracoat Ceramic Cuidado del Cuero Interno para Coche cubre y protege todas sus superficies de cuero\/pl\u00e1stico<\/p>","protected":false},"featured_media":6140,"template":"","meta":{"om_disable_all_campaigns":false,"_monsterinsights_skip_tracking":false,"_monsterinsights_sitenote_active":false,"_monsterinsights_sitenote_note":"","_monsterinsights_sitenote_category":0,"neve_meta_sidebar":"","neve_meta_container":"","neve_meta_enable_content_width":"off","neve_meta_content_width":70,"neve_meta_title_alignment":"","neve_meta_author_avatar":"","neve_post_elements_order":"","neve_meta_disable_header":"","neve_meta_disable_footer":"","neve_meta_disable_title":""},"product_brand":[],"product_cat":[33],"product_tag":[],"class_list":{"0":"post-5154","1":"product","2":"type-product","3":"status-publish","4":"has-post-thumbnail","6":"product_cat-ceracoat","8":"first","9":"instock","10":"taxable","11":"shipping-taxable","12":"purchasable","13":"product-type-simple"},"aioseo_notices":[],"_links":{"self":[{"href":"https:\/\/ceracoat.me\/es\/wp-json\/wp\/v2\/product\/5154","targetHints":{"allow":["GET"]}}],"collection":[{"href":"https:\/\/ceracoat.me\/es\/wp-json\/wp\/v2\/product"}],"about":[{"href":"https:\/\/ceracoat.me\/es\/wp-json\/wp\/v2\/types\/product"}],"version-history":[{"count":0,"href":"https:\/\/ceracoat.me\/es\/wp-json\/wp\/v2\/product\/5154\/revisions"}],"wp:featuredmedia":[{"embeddable":true,"href":"https:\/\/ceracoat.me\/es\/wp-json\/wp\/v2\/media\/6140"}],"wp:attachment":[{"href":"https:\/\/ceracoat.me\/es\/wp-json\/wp\/v2\/media?parent=5154"}],"wp:term":[{"taxonomy":"product_brand","embeddable":true,"href":"https:\/\/ceracoat.me\/es\/wp-json\/wp\/v2\/product_brand?post=5154"},{"taxonomy":"product_cat","embeddable":true,"href":"https:\/\/ceracoat.me\/es\/wp-json\/wp\/v2\/product_cat?post=5154"},{"taxonomy":"product_tag","embeddable":true,"href":"https:\/\/ceracoat.me\/es\/wp-json\/wp\/v2\/product_tag?post=5154"}],"curies":[{"name":"wp","href":"https:\/\/api.w.org\/{rel}","templated":true}]}}