{"id":612,"date":"2019-12-04T22:03:03","date_gmt":"2019-12-04T21:03:03","guid":{"rendered":"https:\/\/ceracoat.me\/dev\/ceracoat\/?post_type=product&#038;p=612"},"modified":"2025-08-13T11:21:17","modified_gmt":"2025-08-13T09:21:17","slug":"ceracoat-ceramic-engine-care-100ml","status":"publish","type":"product","link":"https:\/\/ceracoat.me\/es\/products\/shop\/ceracoat-ceramic-engine-care-100ml\/","title":{"rendered":"CERACOAT Ceramic Protector Ceramico para el Motor 100ml"},"content":{"rendered":"<p class=\" translation-block\"><strong>Para todo tipo de motor<\/strong> (de 4 tiempos, de 2 tiempos, diesel y gasolina, motores turbo para carreras.<\/p>\n<p>Ceracoat Ceramic Protector Ceramico para el Motor es un revestimiento cer\u00e1mico que protege su motor y engranajes del uso regular.<\/p>\n<p>*<strong>*Aplicable tambi\u00e9n a cajas de cambio (manuales, no autom\u00e1ticas), diferenciales, cadenas, suspensiones y sistemas hidr\u00e1ulicos.*<\/strong>*<\/p>\n<p>Las part\u00edculas cer\u00e1micas se adhieren a las partes met\u00e1licas de su motor, formando una pel\u00edcula protectora, tipo barrera, que reduce la fricci\u00f3n y el desgaste tanto en sus engranajes como en el motor.<\/p>\n<p>El resultado es una importante reducci\u00f3n del consumo, la temperatura, el consumo de aceite, el ruido, las emisiones de escape y un aumento de la eficiencia del motor, su potencia y su vida \u00fatil.<\/p>\n<p>Ceracoat Ceramic Protector Ceramico para el Motor tambi\u00e9n protege su momento durante arranques fr\u00edos y fallas en la lubricaci\u00f3n.<\/p>\n<h6><strong>CERACOAT  TE AHORRA TIEMPO Y DINERO!<\/strong><\/h6>\n<p><strong>APLICACI\u00d3N:<\/strong>(de 4 tiempos, de 2 tiempos, diesel y gasolina, motores turbo, motores de competici\u00f3n).<\/p>\n<p><strong><b>No requiere ni cambio de aceite, ni filtro antes de la aplicaci\u00f3n.<\/b><\/strong><\/p>\n<p>Ceracoat Ceramic Protector Ceramico para el Motor simplemente deber\u00e1 agregarse al motor en estado de calentamiento, luego conducir el veh\u00edculo durante unos 10 a 15 minutos.<\/p>\n<p><strong><b>Ceracoat no bloquear\u00e1 el filtro.<\/b><\/strong><\/p>\n<p>1 dose (100 ml concentrate) per period of 12 months or after 40-50&#8217;000 km (25-30&#8217;000 miles) 1 dose for up to 6 liters of oil (or less).<\/p>","protected":false},"excerpt":{"rendered":"<p>Para todo tipo de motor (de 4 tiempos, de 2 tiempos, diesel y gasolina, motores turbo para carreras). Es un revestimiento cer\u00e1mico que protege su motor y engranajes del uso regular.*Aplicable solamente a engranajes manuales (Manual, NO Autom\u00e1tico), diferenciales, cadenas, suspensiones y sistemas hidr\u00e1ulicos.*<\/p>","protected":false},"featured_media":6098,"template":"","meta":{"om_disable_all_campaigns":false,"_monsterinsights_skip_tracking":false,"_monsterinsights_sitenote_active":false,"_monsterinsights_sitenote_note":"","_monsterinsights_sitenote_category":0,"neve_meta_sidebar":"","neve_meta_container":"","neve_meta_enable_content_width":"off","neve_meta_content_width":70,"neve_meta_title_alignment":"","neve_meta_author_avatar":"","neve_post_elements_order":"","neve_meta_disable_header":"","neve_meta_disable_footer":"","neve_meta_disable_title":""},"product_brand":[],"product_cat":[33],"product_tag":[],"class_list":{"0":"post-612","1":"product","2":"type-product","3":"status-publish","4":"has-post-thumbnail","6":"product_cat-ceracoat","8":"first","9":"instock","10":"taxable","11":"shipping-taxable","12":"purchasable","13":"product-type-simple"},"aioseo_notices":[],"_links":{"self":[{"href":"https:\/\/ceracoat.me\/es\/wp-json\/wp\/v2\/product\/612","targetHints":{"allow":["GET"]}}],"collection":[{"href":"https:\/\/ceracoat.me\/es\/wp-json\/wp\/v2\/product"}],"about":[{"href":"https:\/\/ceracoat.me\/es\/wp-json\/wp\/v2\/types\/product"}],"version-history":[{"count":4,"href":"https:\/\/ceracoat.me\/es\/wp-json\/wp\/v2\/product\/612\/revisions"}],"predecessor-version":[{"id":11698,"href":"https:\/\/ceracoat.me\/es\/wp-json\/wp\/v2\/product\/612\/revisions\/11698"}],"wp:featuredmedia":[{"embeddable":true,"href":"https:\/\/ceracoat.me\/es\/wp-json\/wp\/v2\/media\/6098"}],"wp:attachment":[{"href":"https:\/\/ceracoat.me\/es\/wp-json\/wp\/v2\/media?parent=612"}],"wp:term":[{"taxonomy":"product_brand","embeddable":true,"href":"https:\/\/ceracoat.me\/es\/wp-json\/wp\/v2\/product_brand?post=612"},{"taxonomy":"product_cat","embeddable":true,"href":"https:\/\/ceracoat.me\/es\/wp-json\/wp\/v2\/product_cat?post=612"},{"taxonomy":"product_tag","embeddable":true,"href":"https:\/\/ceracoat.me\/es\/wp-json\/wp\/v2\/product_tag?post=612"}],"curies":[{"name":"wp","href":"https:\/\/api.w.org\/{rel}","templated":true}]}}