{"id":621,"date":"2019-12-04T22:13:31","date_gmt":"2019-12-04T21:13:31","guid":{"rendered":"https:\/\/ceracoat.me\/dev\/ceracoat\/?post_type=product&#038;p=621"},"modified":"2025-03-11T15:30:16","modified_gmt":"2025-03-11T14:30:16","slug":"ceracoat-ceramic-motorbike-care-200ml","status":"publish","type":"product","link":"https:\/\/ceracoat.me\/es\/products\/shop\/ceracoat-ceramic-motorbike-care-200ml\/","title":{"rendered":"CERACOAT Tratamiento de motocicletas 200ml"},"content":{"rendered":"<p>Ceracoat Motorbike Care protege la totalidad de la motocicleta (metal, aleaciones ligeras, cromo, pl\u00e1stico, cristales, ruedas, l\u00e1mparas, espejos, hules, superficies pintadas, cascos, visores) contra todo tipo de influencias externas, l\u00edquidos y suciedad. La delgada pel\u00edcula de nano cer\u00e1mica revestir\u00e1 y proteger\u00e1 todas las partes externas de su motcicleta, siendo efectivo contra la suciedad, lluvia, nieve, polvo, excremento de aves, insectos, emisi\u00f3n de gases, el sol, as\u00ed como piedras peque\u00f1as lanzadas contra su motocicleta. Har\u00e1 lucir brillante su motocicleta durante un largo per\u00edodo de tiempo. Luego de tratar su motocicleta con Ceracoat, no necesitar\u00e1 de limpiadores.<\/p>\n<h6>CERACOAT  TE AHORRA TIEMPO Y DINERO!<\/h6>\n<p><strong>APLICACI\u00d3N:<\/strong>:<br \/>\nLa motocicleta debe estar lo m\u00e1s limpia posible y seca. Agite bien antes de usar, simplemente aplique unas gotas de Ceracoat Motorbike Care sobre una toalla (o sobre papel absorbente), pulir luego efectuando movimientos circulares hasta que vea aparecer una delgada pel\u00edcula sobre la superficie, d\u00e9jela secar. No utilice mucho material. Para una motocicleta normal con \u00bc de botella ser\u00e1 suficiente. Luego de pasados 2\/3 minutos pulir la pel\u00edcula aparecida sobre la superficie hasta que desaparezca y la motocicleta se torne brillante y lisa. La motocicleta adquirir\u00e1 un efecto espejo (una peque\u00f1a cantidad es suficiente). Puede revestir su motocicleta en varias ocasiones hasta adquirir una superficie altamente lisa y un efecto espejo mucho mayor. El revestimiento es muy duradero.<\/p>\n<p><strong>Limpieza luego del tratamiento con Ceracoat:<\/strong><br \/>\nEl uso de una toalla h\u00fameda es suficiente para limpiar la motocicleta.<br \/>\nSimplemente quite la suciedad y p\u00falala para que se seque nuevamente.<br \/>\nNo requiere limpiadores adicionales, ni shampoo.<br \/>\nLa lluvia  con la moto a cierta velocidad a cierta velocidad ser\u00e1n suficiente para mantenerla limpia.<\/p>","protected":false},"excerpt":{"rendered":"<p>Ceracoat Motorbike Care protege la totalidad de la motocicleta (metal, aleaciones ligeras, cromo, pl\u00e1stico, cristales, ruedas, l\u00e1mparas, espejos, hules, superficies pintadas, cascos, visores) contra todo tipo de influencias externas, l\u00edquidos y suciedad.<\/p>","protected":false},"featured_media":6081,"template":"","meta":{"om_disable_all_campaigns":false,"_monsterinsights_skip_tracking":false,"_monsterinsights_sitenote_active":false,"_monsterinsights_sitenote_note":"","_monsterinsights_sitenote_category":0,"neve_meta_sidebar":"","neve_meta_container":"","neve_meta_enable_content_width":"off","neve_meta_content_width":70,"neve_meta_title_alignment":"","neve_meta_author_avatar":"","neve_post_elements_order":"","neve_meta_disable_header":"","neve_meta_disable_footer":"","neve_meta_disable_title":""},"product_brand":[],"product_cat":[33],"product_tag":[],"class_list":{"0":"post-621","1":"product","2":"type-product","3":"status-publish","4":"has-post-thumbnail","6":"product_cat-ceracoat","8":"first","9":"instock","10":"taxable","11":"shipping-taxable","12":"purchasable","13":"product-type-simple"},"aioseo_notices":[],"_links":{"self":[{"href":"https:\/\/ceracoat.me\/es\/wp-json\/wp\/v2\/product\/621","targetHints":{"allow":["GET"]}}],"collection":[{"href":"https:\/\/ceracoat.me\/es\/wp-json\/wp\/v2\/product"}],"about":[{"href":"https:\/\/ceracoat.me\/es\/wp-json\/wp\/v2\/types\/product"}],"version-history":[{"count":1,"href":"https:\/\/ceracoat.me\/es\/wp-json\/wp\/v2\/product\/621\/revisions"}],"predecessor-version":[{"id":11577,"href":"https:\/\/ceracoat.me\/es\/wp-json\/wp\/v2\/product\/621\/revisions\/11577"}],"wp:featuredmedia":[{"embeddable":true,"href":"https:\/\/ceracoat.me\/es\/wp-json\/wp\/v2\/media\/6081"}],"wp:attachment":[{"href":"https:\/\/ceracoat.me\/es\/wp-json\/wp\/v2\/media?parent=621"}],"wp:term":[{"taxonomy":"product_brand","embeddable":true,"href":"https:\/\/ceracoat.me\/es\/wp-json\/wp\/v2\/product_brand?post=621"},{"taxonomy":"product_cat","embeddable":true,"href":"https:\/\/ceracoat.me\/es\/wp-json\/wp\/v2\/product_cat?post=621"},{"taxonomy":"product_tag","embeddable":true,"href":"https:\/\/ceracoat.me\/es\/wp-json\/wp\/v2\/product_tag?post=621"}],"curies":[{"name":"wp","href":"https:\/\/api.w.org\/{rel}","templated":true}]}}