{"id":624,"date":"2019-12-04T22:18:29","date_gmt":"2019-12-04T21:18:29","guid":{"rendered":"https:\/\/ceracoat.me\/dev\/ceracoat\/?post_type=product&#038;p=624"},"modified":"2025-03-11T15:32:22","modified_gmt":"2025-03-11T14:32:22","slug":"ceracoat-ceramic-screen-care-duo-bag","status":"publish","type":"product","link":"https:\/\/ceracoat.me\/es\/products\/shop\/ceracoat-ceramic-screen-care-duo-bag\/","title":{"rendered":"CERACOAT tratamiento de pantallas (D\u00fao Bag)"},"content":{"rendered":"<p>Ceracoat Crystal Coating Protection es un nuevo producto innovador que utiliza tecnolog\u00eda de nano-capas para ofrecer una protecci\u00f3n vers\u00e1til al revestir objetos multimedia: cristales, tabletas, computadoras port\u00e1tiles, escritorios, tel\u00e9fonos inteligentes, TV, c\u00e1maras, etc.<\/p>\n<p><strong>BENEFICIOS:<\/strong>Aplicado como l\u00edquido significa protecci\u00f3n completamente \u201clibre de burbujas\u201d, No inhibe la funcionalidad de las pantallas t\u00e1ctiles, Protege contra la abrasi\u00f3n, puede minimizar la apariencia de los objetos, reduce las marcas  de huellas dactilares, ofrece protecci\u00f3n antimicrobios, resistente tanto a los \u00e1cidos como a los alcalinos, protecci\u00f3n contra el agua y la humedad (hidrofobicidad), protecci\u00f3n contra el aceite y sustancias aceitosas (aceitofobicidad).<\/p>\n<p><strong>CERTIFICACION ASTM:<\/strong>La resistencia a la abrasi\u00f3n y las propiedades antimicrobiales de Ceracoat Crystal Coating son las claves del USP del producto  -respaldados en evidencia emp\u00edrica-.<\/p>\n<p><strong>PRUEBA CONTRA RASGU\u00d1OS:<\/strong>Ceracoat Crystal Coating ha sido probado en laboratorios y aplicado la norma ASTM C1624-05 de prueba de rasgu\u00f1os en un punto focal utilizando un radio de diamante Rockwell de 0.2 mm y prob\u00f3 resistencia hasta un 56n, antes de mostrar rasgos de rasgu\u00f1os. Eso representa un 600% m\u00e1s de resistencia que un protector de pantalla tradicional. Vale la pena tambi\u00e9n considerar que bajo la misma prueba de rasgu\u00f1o de Rockwell la pruab de vidrio Gorila 3 mostr\u00f3 visibles  rasgo de rasgu\u00f1os a 11n.<\/p>\n<p><strong>PRUEBAS ANTIMICROBIOS:<\/strong>Destacados microbi\u00f3logos han probado el conteo de bacterias sobre dispositivos m\u00f3viles y han concluido que estos dispositivos son focos de alta contaminaci\u00f3n, con presencia de varios tipos de bacteria de alta resistencia a los antibi\u00f3ticos comunes. Ceracoat Crystal Coating ha sido certificado con la ASTM \u2013E2180 est\u00e1ndar que demuestra que los niveles de bacteria han sido reducidos al 99% cuando probados con salmonella, estafilococos, aureus, coliformes, en aquellos aparatos que utilizan el producto. No solo desestabiliza la pared de bacterias, sino que las mismas no pueden reproducirse o subdividirse.<\/p>\n<p><strong>APLICACI\u00d3N:<\/strong>Solo limpie la pantalla normalmente, luego l\u00edmpiela con una toalla hasta que la toalla est\u00e9 seca. Espere unos minutos (evite imprimir huellas dactilares), y luego limpie con Ceracoat Nano Tecnolog\u00eda Screen Care\/Crystal Coating ejerciendo movimientos circulares. El revestimiento se seca en 15 minutos y completa la protecci\u00f3n dentro de las siguientes 12 horas, con una duraci\u00f3n de hasta 12 meses (para tel\u00e9fonos celulares favor limpiar y revestir toda la unidad, no solamente la pantalla).<\/p>\n<p><strong>LIMPIEZA:<\/strong>Simplemente pulir hasta eliminar la suciedad.<\/p>","protected":false},"excerpt":{"rendered":"<p>Ceracoat Crystal Coating Protection es un nuevo producto innovador que utiliza tecnolog\u00eda de nano-capas para ofrecer una protecci\u00f3n vers\u00e1til al revestir objetos multimedia: cristales, tabletas, computadoras port\u00e1tiles, escritorios, tel\u00e9fonos inteligentes, TV, c\u00e1maras, etc.<\/p>","protected":false},"featured_media":6102,"template":"","meta":{"om_disable_all_campaigns":false,"_monsterinsights_skip_tracking":false,"_monsterinsights_sitenote_active":false,"_monsterinsights_sitenote_note":"","_monsterinsights_sitenote_category":0,"neve_meta_sidebar":"","neve_meta_container":"","neve_meta_enable_content_width":"off","neve_meta_content_width":70,"neve_meta_title_alignment":"","neve_meta_author_avatar":"","neve_post_elements_order":"","neve_meta_disable_header":"","neve_meta_disable_footer":"","neve_meta_disable_title":""},"product_brand":[],"product_cat":[33],"product_tag":[],"class_list":{"0":"post-624","1":"product","2":"type-product","3":"status-publish","4":"has-post-thumbnail","6":"product_cat-ceracoat","8":"first","9":"instock","10":"taxable","11":"shipping-taxable","12":"purchasable","13":"product-type-simple"},"aioseo_notices":[],"_links":{"self":[{"href":"https:\/\/ceracoat.me\/es\/wp-json\/wp\/v2\/product\/624","targetHints":{"allow":["GET"]}}],"collection":[{"href":"https:\/\/ceracoat.me\/es\/wp-json\/wp\/v2\/product"}],"about":[{"href":"https:\/\/ceracoat.me\/es\/wp-json\/wp\/v2\/types\/product"}],"version-history":[{"count":1,"href":"https:\/\/ceracoat.me\/es\/wp-json\/wp\/v2\/product\/624\/revisions"}],"predecessor-version":[{"id":11579,"href":"https:\/\/ceracoat.me\/es\/wp-json\/wp\/v2\/product\/624\/revisions\/11579"}],"wp:featuredmedia":[{"embeddable":true,"href":"https:\/\/ceracoat.me\/es\/wp-json\/wp\/v2\/media\/6102"}],"wp:attachment":[{"href":"https:\/\/ceracoat.me\/es\/wp-json\/wp\/v2\/media?parent=624"}],"wp:term":[{"taxonomy":"product_brand","embeddable":true,"href":"https:\/\/ceracoat.me\/es\/wp-json\/wp\/v2\/product_brand?post=624"},{"taxonomy":"product_cat","embeddable":true,"href":"https:\/\/ceracoat.me\/es\/wp-json\/wp\/v2\/product_cat?post=624"},{"taxonomy":"product_tag","embeddable":true,"href":"https:\/\/ceracoat.me\/es\/wp-json\/wp\/v2\/product_tag?post=624"}],"curies":[{"name":"wp","href":"https:\/\/api.w.org\/{rel}","templated":true}]}}