{"id":630,"date":"2019-12-04T22:22:15","date_gmt":"2019-12-04T21:22:15","guid":{"rendered":"https:\/\/ceracoat.me\/dev\/ceracoat\/?post_type=product&#038;p=630"},"modified":"2023-04-21T16:55:21","modified_gmt":"2023-04-21T14:55:21","slug":"ceracoat-ceramic-anti-odor-200ml","status":"publish","type":"product","link":"https:\/\/ceracoat.me\/es\/products\/shop\/ceracoat-ceramic-anti-odor-200ml\/","title":{"rendered":"CERACOAT Anti Olores 200ml"},"content":{"rendered":"<p class=\" translation-block\">CERACOAT Anti Odor\u00a0es muy efectivo cuando se trata de eliminar olores desagradables causados\npor sustancias org\u00e1nicas. Puede usarse sobre todo tipo de superficies, incluidas alfombras y fibras.<\/p>\n<p><strong>APLICACI\u00d3N:<\/strong>Ideal para eliminar malos olores provenientes de basura, cigarrillos, mascotas, bolsas\nde basura, maletines deportivos, canasta de ropa para lavander\u00eda, etc.<\/p>\n<p class=\" translation-block\">CERACOAT Anti Odor\u00a0 for textiles est\u00e1 libre de qu\u00edmicos, es un producto PH neutral para remoci\u00f3n\nde impurezas org\u00e1nicas. Este producto se usa cuando contaminantes org\u00e1nicos como sangre,\norina, heces, sudar y aromas corporales causan malos olores en los textiles. Este producto\ntambi\u00e9n remueve olores de mascotas sobre alfombras. CERACOAT Anti Odor\u00a0 no es da\u00f1ino ni para\npersonas ni animales. Posee una fragancia liviana para garantizar el efecto m\u00e1s r\u00e1pido posible.\nEsta fragancia se reduce de manera natural, mientras los microorganismos disuelven las bacterias\ncausantes del mal olor.<\/p>\n<p><strong>CARACTER\u00cdSTICAS<\/strong>: Alta eficacia, altamente concentrado \u2013Investigado sin pruebas animales, PH\nneutral, no gases t\u00f3xicos, inocuo para la piel, no es corrosivo de superficies, seguro para usuarios,\nequipo y medio ambiente. No produce el s\u00edndrome de hipersensibilidad. No hay quejas sobre\nnutrientes animales con la Directiva EC 648\/2004 sobre detergentes. Totalmente biodegradable.\nHipoal\u00e9rgico, no aceites esenciales \u2013 noreactivos. Tecnolog\u00eda globalmente \u00fanica.<\/p>\n<p><strong>INSTRUCCIONES<\/strong>: Limpie las superficies a tratar, luego roc\u00ede Ceracoat Anti Odor en forma pura (no\ndiluido) con un aspersor de manera directa sobre las superficies que emitan malos olores. En fibras\ntextiles (ejemplo alfombras), podr\u00eda resultar ventajoso restregar el \u00e1rea suavemente con un\ncepillo, de manera que el producto pueda penetrar m\u00e1s profundamente. Productos tradicionales\nen forma de aspersores son \u201cPerfumes\u201d que se roc\u00edan sobre el ambiente para generar una\nfragancia, Ceracoat Organic Anti Odor no se roc\u00eda en el ambiente sino directamente sobre el\nobjeto que emite el mal olor, por ejemplo alfombras. Las mol\u00e9cuilas contenidas en el producto\nahora combatir\u00e1n esas bacterias malolientes con el resultado de una neutralizaci\u00f3n de los olores.\nPara generar un efecto inmediato cuando se roc\u00eda, el producto tambi\u00e9n contiene una fragancia\nnatural que se degrada relativamente r\u00e1pido, hasta que el recubrimiento act\u00faa neutralizando la\nbacteria.<\/p>","protected":false},"excerpt":{"rendered":"<p>CERACOAT Anti Odor es muy efectivo cuando se trata de eliminar olores desagradables causados por sustancias org\u00e1nicas. Puede usarse sobre todo tipo de superficies, incluidas alfombras y fibras.<\/p>","protected":false},"featured_media":6114,"template":"","meta":{"om_disable_all_campaigns":false,"_monsterinsights_skip_tracking":false,"_monsterinsights_sitenote_active":false,"_monsterinsights_sitenote_note":"","_monsterinsights_sitenote_category":0,"neve_meta_sidebar":"","neve_meta_container":"","neve_meta_enable_content_width":"off","neve_meta_content_width":70,"neve_meta_title_alignment":"","neve_meta_author_avatar":"","neve_post_elements_order":"","neve_meta_disable_header":"","neve_meta_disable_footer":"","neve_meta_disable_title":""},"product_brand":[],"product_cat":[33],"product_tag":[],"class_list":{"0":"post-630","1":"product","2":"type-product","3":"status-publish","4":"has-post-thumbnail","6":"product_cat-ceracoat","8":"first","9":"instock","10":"taxable","11":"shipping-taxable","12":"purchasable","13":"product-type-simple"},"aioseo_notices":[],"_links":{"self":[{"href":"https:\/\/ceracoat.me\/es\/wp-json\/wp\/v2\/product\/630","targetHints":{"allow":["GET"]}}],"collection":[{"href":"https:\/\/ceracoat.me\/es\/wp-json\/wp\/v2\/product"}],"about":[{"href":"https:\/\/ceracoat.me\/es\/wp-json\/wp\/v2\/types\/product"}],"version-history":[{"count":0,"href":"https:\/\/ceracoat.me\/es\/wp-json\/wp\/v2\/product\/630\/revisions"}],"wp:featuredmedia":[{"embeddable":true,"href":"https:\/\/ceracoat.me\/es\/wp-json\/wp\/v2\/media\/6114"}],"wp:attachment":[{"href":"https:\/\/ceracoat.me\/es\/wp-json\/wp\/v2\/media?parent=630"}],"wp:term":[{"taxonomy":"product_brand","embeddable":true,"href":"https:\/\/ceracoat.me\/es\/wp-json\/wp\/v2\/product_brand?post=630"},{"taxonomy":"product_cat","embeddable":true,"href":"https:\/\/ceracoat.me\/es\/wp-json\/wp\/v2\/product_cat?post=630"},{"taxonomy":"product_tag","embeddable":true,"href":"https:\/\/ceracoat.me\/es\/wp-json\/wp\/v2\/product_tag?post=630"}],"curies":[{"name":"wp","href":"https:\/\/api.w.org\/{rel}","templated":true}]}}