{"id":644,"date":"2019-12-04T22:35:01","date_gmt":"2019-12-04T21:35:01","guid":{"rendered":"https:\/\/ceracoat.me\/dev\/ceracoat\/?post_type=product&#038;p=644"},"modified":"2025-03-11T15:42:15","modified_gmt":"2025-03-11T14:42:15","slug":"ceracoat-ceramic-windshield-care-premium-duo-bag","status":"publish","type":"product","link":"https:\/\/ceracoat.me\/es\/products\/shop\/ceracoat-ceramic-windshield-care-premium-duo-bag\/","title":{"rendered":"CERACOAT Limpiador de Parabrisas PREMIUM (D\u00fao Bag)"},"content":{"rendered":"<p><strong><b>CERACOAT CERAMIC WINDSHIELD CARE PREMIUM DUO BAG<\/b><\/strong><\/p>\n<p>Para todo tipo de parabrisas y vidrio de autom\u00f3vil.<\/p>\n<p>Previene tambi\u00e9n de la abrasi\u00f3n y es anti-bacteriano.<\/p>\n<p>La delgada pel\u00edcula de nano cer\u00e1mica Ceracoat recubre y protege todos sus parabrisas y\/o ventanas de su autom\u00f3vil, espejo trasero incluido. Ceracoat rechazar\u00e1  la lluvia y evitar\u00e1 las acumulaciones de hielo durante el invierno.<\/p>\n<p class=\" translation-block\">Ceracoat\u2122 CERAMIC WINDSHIELD CARE PREMIUM rechaza la lluvia y evita la acumulaci\u00f3n de hielo en invierno creando una mejor vista y condiciones de conducci\u00f3n m\u00e1s seguras.<\/p>\n<p>El tratamiento es efectivo por al menos  20.000 Kms (13.000 millas) o por aproximadamente un per\u00edodo de 12 meses.<\/p>\n<p><strong>*A cierto nivel de velocidad, los limpiadores no ser\u00e1n necesarios*<\/strong><\/p>\n<p>En caso de que existieran formaciones de hielo en el parabrisas, debido al fr\u00edo extremo del invierno, solo ponga una cinta sobre el hielo y elim\u00ednelo.<\/p>\n<p>Luego de tratarlo con Ceracoat, dejar\u00e1 de necesitar tratarlo con limpiadores convencionales.<\/p>\n<p><strong><b>\u00a1CERACOAT \u2122 LE AHORRA TIEMPO Y DINERO!<\/b><\/strong><\/p>\n<p><strong><b>APLICACI\u00d3N<\/b><\/strong> La superficie debe estar limpia y seca.<\/p>\n<p>1. Lava tu parabrisas<\/p>\n<p>2. Enjuague con agua.<\/p>\n<p>3. Secar bien<\/p>\n<p class=\" translation-block\">4. Use el limpiador Ceracoat\u2122 Green Wipe y limpie el parabrisas con movimientos circulares hasta que el parabrisas est\u00e9 limpio y se seque por completo<\/p>\n<p class=\" translation-block\">5. Utiliza la limpiaparabrisas Ceracoat\u2122 Nano Care Blue Wipe en movimientos circulares hasta que\nel parabrisas est\u00e1 completamente seco. Use un pa\u00f1o seco para eliminar cualquier neblina restante.<\/p>\n<p>6. Espere 12 horas antes de exponerse a la lluvia.<\/p>\n<p><strong><b>LIMPIEZA DESPU\u00c9S DEL TRATAMIENTO CON CERACOAT\u2122<\/b><\/strong><\/p>\n<p class=\" translation-block\">El parabrisas deber\u00e1 limpiarse regularmente utilizando agua \u00fanicamente o bien utilice agua a presi\u00f3n de ser necesario para mantenerlo limpio y puro.<\/p>\n<p><strong><b>NO FROTE<\/b><\/strong><\/p>\n<p>No necesita limpiadores ni champ\u00fas.<\/p>\n<p>\u00a1El agua de lluvia gotear\u00e1 y se ir\u00e1 dejando un parabrisas limpio todo el tiempo!<\/p>","protected":false},"excerpt":{"rendered":"<p>Ceracoat Windshield Care PREMIUM para todos los parabrisas y cristales de las ventanillas de los veh\u00edculos. Ceracoat thin nano Ceramic film recubrir\u00e1 y proteger\u00e1 todos sus parabrisas y \/ o vidrios de ventanas de veh\u00edculos, ventana trasera incluida.<\/p>","protected":false},"featured_media":6078,"template":"","meta":{"om_disable_all_campaigns":false,"_monsterinsights_skip_tracking":false,"_monsterinsights_sitenote_active":false,"_monsterinsights_sitenote_note":"","_monsterinsights_sitenote_category":0,"neve_meta_sidebar":"","neve_meta_container":"","neve_meta_enable_content_width":"off","neve_meta_content_width":70,"neve_meta_title_alignment":"","neve_meta_author_avatar":"","neve_post_elements_order":"","neve_meta_disable_header":"","neve_meta_disable_footer":"","neve_meta_disable_title":""},"product_brand":[],"product_cat":[33],"product_tag":[],"class_list":{"0":"post-644","1":"product","2":"type-product","3":"status-publish","4":"has-post-thumbnail","6":"product_cat-ceracoat","8":"first","9":"instock","10":"taxable","11":"shipping-taxable","12":"purchasable","13":"product-type-simple"},"aioseo_notices":[],"_links":{"self":[{"href":"https:\/\/ceracoat.me\/es\/wp-json\/wp\/v2\/product\/644","targetHints":{"allow":["GET"]}}],"collection":[{"href":"https:\/\/ceracoat.me\/es\/wp-json\/wp\/v2\/product"}],"about":[{"href":"https:\/\/ceracoat.me\/es\/wp-json\/wp\/v2\/types\/product"}],"version-history":[{"count":1,"href":"https:\/\/ceracoat.me\/es\/wp-json\/wp\/v2\/product\/644\/revisions"}],"predecessor-version":[{"id":11582,"href":"https:\/\/ceracoat.me\/es\/wp-json\/wp\/v2\/product\/644\/revisions\/11582"}],"wp:featuredmedia":[{"embeddable":true,"href":"https:\/\/ceracoat.me\/es\/wp-json\/wp\/v2\/media\/6078"}],"wp:attachment":[{"href":"https:\/\/ceracoat.me\/es\/wp-json\/wp\/v2\/media?parent=644"}],"wp:term":[{"taxonomy":"product_brand","embeddable":true,"href":"https:\/\/ceracoat.me\/es\/wp-json\/wp\/v2\/product_brand?post=644"},{"taxonomy":"product_cat","embeddable":true,"href":"https:\/\/ceracoat.me\/es\/wp-json\/wp\/v2\/product_cat?post=644"},{"taxonomy":"product_tag","embeddable":true,"href":"https:\/\/ceracoat.me\/es\/wp-json\/wp\/v2\/product_tag?post=644"}],"curies":[{"name":"wp","href":"https:\/\/api.w.org\/{rel}","templated":true}]}}