{"id":647,"date":"2019-12-04T22:36:55","date_gmt":"2019-12-04T21:36:55","guid":{"rendered":"https:\/\/ceracoat.me\/dev\/ceracoat\/?post_type=product&#038;p=647"},"modified":"2025-03-11T15:31:11","modified_gmt":"2025-03-11T14:31:11","slug":"ceracoat-ceramic-anti-lime-quadro-bag","status":"publish","type":"product","link":"https:\/\/ceracoat.me\/es\/products\/shop\/ceracoat-ceramic-anti-lime-quadro-bag\/","title":{"rendered":"CERACOAT Ceramic Anti Cal Quadro Bag"},"content":{"rendered":"<h3>VIDRIO \/ CUIDADO DEL PL\u00c1STICO (ba\u00f1o, cocina)<\/h3>\n<p>Para todas las superficies de vidrio, pl\u00e1stico, cromo, cobre, plata, cer\u00e1mica, metal: cabina de ducha, inodoro, lavabo, ba\u00f1era, azulejos, ba\u00f1o en general, ventanas, espejos, muebles de vidrio. Ceracoat Anti-Lime tambi\u00e9n es antibacteriano y tiene propiedades anti-rayaduras y anti-huellas dactilares.<\/p>\n<p>Ceracoat Anti-Lime es un protector de muy larga duraci\u00f3n para superficies no absorbentes. (2 toallitas de limpieza previa y 2 toallitas de recubrimiento anti-cal)<\/p>\n<p>La pel\u00edcula fina nanocer\u00e1mica Ceracoat proteger\u00e1 todas sus superficies de vidrio, pl\u00e1stico, cromo, cobre, plata, cer\u00e1mica y metal. Las superficies se vuelven repelentes de l\u00edquidos y suciedad, f\u00e1ciles de limpiar y \u00a1la CAL ya no se adhiere! Ceracoat Anti-Lime es un alimento neutro.<\/p>\n<p>La pasta de dientes, el jab\u00f3n, la grasa, ya no se adherir\u00e1n a las superficies.<\/p>\n<h3>No m\u00e1s cal en la superficie. F\u00e1cil de limpiar.<\/h3>\n<p>Despu\u00e9s del tratamiento con Ceracoat ya no necesitar\u00e1 limpiadores. Simplemente limpie con una toalla o enjuague con agua. \u00a1Ceracoat le ahorra tiempo y dinero!<\/p>\n<p><strong>APLICACI\u00d3N:<\/strong>:<\/p>\n<ul>\n<li><li>La superficie debe estar seca<\/li>\n<li>Use un limpiador de cal para asegurarse de que la superficie no tenga cal. Luego limpie con la toallita de limpieza previa y pula hasta que la superficie est\u00e9 seca. A continuaci\u00f3n, utilice la toallita de recubrimiento Ceracoat Anti-Lime NANO con movimientos circulares y pula en seco. Espere 4 h antes de exponer la superficie encerada al agua. 1 toallita es suficiente para 4m2.<\/li>\n<\/ul>\n<p><strong>LIMPIEZA DESPU\u00c9S DEL TRATAMIENTO CON Ceracoat<\/strong><\/p>\n<ul>\n<li><li>Los l\u00edquidos y la suciedad se eliminan muy f\u00e1cilmente con una toalla, un papel absorbente o simplemente enjuag\u00e1ndolos con agua. La superficie permanecer\u00e1 libre de cal y ya no se necesitar\u00e1n limpiadores.<\/li><\/li>\n<\/ul>","protected":false},"excerpt":{"rendered":"<div>\n<div><\/div>\n<div>For all surfaces of glass, plastic, chrome, copper, silver, ceramic, metal: shower cabin, toilet, lavabo, bath, tiles, bathroom in general, windows, mirrors, glass furniture. Ceracoat Anti-Lime is also antibacterial and has anti-scratch &#038; anti-finger-print properties.<\/div>\n<\/div>","protected":false},"featured_media":6079,"template":"","meta":{"om_disable_all_campaigns":false,"_monsterinsights_skip_tracking":false,"_monsterinsights_sitenote_active":false,"_monsterinsights_sitenote_note":"","_monsterinsights_sitenote_category":0,"neve_meta_sidebar":"","neve_meta_container":"","neve_meta_enable_content_width":"off","neve_meta_content_width":70,"neve_meta_title_alignment":"","neve_meta_author_avatar":"","neve_post_elements_order":"","neve_meta_disable_header":"","neve_meta_disable_footer":"","neve_meta_disable_title":""},"product_brand":[],"product_cat":[33],"product_tag":[],"class_list":{"0":"post-647","1":"product","2":"type-product","3":"status-publish","4":"has-post-thumbnail","6":"product_cat-ceracoat","8":"first","9":"instock","10":"taxable","11":"shipping-taxable","12":"purchasable","13":"product-type-simple"},"aioseo_notices":[],"_links":{"self":[{"href":"https:\/\/ceracoat.me\/es\/wp-json\/wp\/v2\/product\/647","targetHints":{"allow":["GET"]}}],"collection":[{"href":"https:\/\/ceracoat.me\/es\/wp-json\/wp\/v2\/product"}],"about":[{"href":"https:\/\/ceracoat.me\/es\/wp-json\/wp\/v2\/types\/product"}],"version-history":[{"count":1,"href":"https:\/\/ceracoat.me\/es\/wp-json\/wp\/v2\/product\/647\/revisions"}],"predecessor-version":[{"id":11578,"href":"https:\/\/ceracoat.me\/es\/wp-json\/wp\/v2\/product\/647\/revisions\/11578"}],"wp:featuredmedia":[{"embeddable":true,"href":"https:\/\/ceracoat.me\/es\/wp-json\/wp\/v2\/media\/6079"}],"wp:attachment":[{"href":"https:\/\/ceracoat.me\/es\/wp-json\/wp\/v2\/media?parent=647"}],"wp:term":[{"taxonomy":"product_brand","embeddable":true,"href":"https:\/\/ceracoat.me\/es\/wp-json\/wp\/v2\/product_brand?post=647"},{"taxonomy":"product_cat","embeddable":true,"href":"https:\/\/ceracoat.me\/es\/wp-json\/wp\/v2\/product_cat?post=647"},{"taxonomy":"product_tag","embeddable":true,"href":"https:\/\/ceracoat.me\/es\/wp-json\/wp\/v2\/product_tag?post=647"}],"curies":[{"name":"wp","href":"https:\/\/api.w.org\/{rel}","templated":true}]}}