{"id":609,"date":"2019-12-04T21:59:13","date_gmt":"2019-12-04T20:59:13","guid":{"rendered":"https:\/\/ceracoat.me\/dev\/ceracoat\/?post_type=product&#038;p=609"},"modified":"2023-04-21T16:49:38","modified_gmt":"2023-04-21T14:49:38","slug":"ceracoat-ceramic-speed-engine-cleaner-100ml","status":"publish","type":"product","link":"https:\/\/ceracoat.me\/fr\/products\/shop\/ceracoat-ceramic-speed-engine-cleaner-100ml\/","title":{"rendered":"CERACOAT Ceramic Nettoyant Moteur Rapide 100ml"},"content":{"rendered":"<p>Pour tous types de moteurs (moteurs \u00e0 4 temps, moteurs \u00e0 2 temps, diesel et essence, turbo, moteurs de course).<\/p>\n<p>Nettoie tout l'int\u00e9rieur du moteur.<\/p>\n<p>Les salet\u00e9s pr\u00e9sentes dans le moteur sont transform\u00e9es et \u00e9limin\u00e9es par l'\u00e9chappement.<\/p>\n<p>Nettoie les soupapes, le carburateur ou l'allumage, les pistons, la culasse, les parois des cylindres, les segments des pistons, l'ensemble du syst\u00e8me d'\u00e9chappement.<\/p>\n<p>Binds existing water drops in the fuel tank and eliminates them. It stops adherence of new engine dirt, re-establishes the actual compression of thge engine, and reduces the exhaust emissions massively.<\/p>\n<p><strong>Avantages principaux<\/strong><\/p>\n<ul>\n<li>Nettoie et lubrifie l'ensemble du syst\u00e8me d'alimentation en carburant<\/li>\n<li>R\u00e9duit le blow-by et l'encrassement de l'huile moteur<\/li>\n<li>Moins d'encrassement du syst\u00e8me EGR<\/li>\n<li>Traite l'humidit\u00e9 dans le carburant (biodiesel)<\/li>\n<li>R\u00e9duit les \u00e9missions de suie et l'encrassement du collecteur d'admission<\/li>\n<li>Minimise l'encrassement des m\u00e9canismes de capteurs des turbos variables<\/li>\n<li>Optimise la consommation de carburant et garantit des gaz d'\u00e9chappement plus propres<\/li>\n<li>Am\u00e9liore la combustion et les performances du moteur<\/li>\n<li>R\u00e9duit la temp\u00e9rature de cong\u00e9lation du combustible (floculation en hiver)<\/li>\n<\/ul>\n<h6>CERACOAT VOUS FAIT GAGNER DU TEMPS ET DE L'ARGENT !<\/h6>\n<p><strong>APPLICATION:<\/strong>:<br \/>\n(moteurs 4 temps, moteurs 2 temps, carburant et essence, turbo, moteurs de course) Il suffit d'ajouter Ceracoat Nettoyant Moteur Rapide en une fois dans le r\u00e9servoir de carburant (essence\/diesel) et de conduire le v\u00e9hicule pendant environ 10 - 15 minutes. Le mieux est d'ajouter une (1) dose tous les 10'000 km (6'000 mls). Une (1) dose pour environ 20 litres de carburant \/ essence.<\/p>","protected":false},"excerpt":{"rendered":"<p>Pour tous les types de moteurs (moteurs \u00e0 4 temps, moteurs \u00e0 2 temps, fuel, essence et diesel, turbo, moteurs de course). Nettoie tout l'int\u00e9rieur du moteur.<\/p>","protected":false},"featured_media":6108,"template":"","meta":{"om_disable_all_campaigns":false,"_monsterinsights_skip_tracking":false,"_monsterinsights_sitenote_active":false,"_monsterinsights_sitenote_note":"","_monsterinsights_sitenote_category":0,"neve_meta_sidebar":"","neve_meta_container":"","neve_meta_enable_content_width":"off","neve_meta_content_width":70,"neve_meta_title_alignment":"","neve_meta_author_avatar":"","neve_post_elements_order":"","neve_meta_disable_header":"","neve_meta_disable_footer":"","neve_meta_disable_title":""},"product_brand":[],"product_cat":[33],"product_tag":[],"class_list":{"0":"post-609","1":"product","2":"type-product","3":"status-publish","4":"has-post-thumbnail","6":"product_cat-ceracoat","8":"first","9":"instock","10":"taxable","11":"shipping-taxable","12":"purchasable","13":"product-type-simple"},"aioseo_notices":[],"_links":{"self":[{"href":"https:\/\/ceracoat.me\/fr\/wp-json\/wp\/v2\/product\/609","targetHints":{"allow":["GET"]}}],"collection":[{"href":"https:\/\/ceracoat.me\/fr\/wp-json\/wp\/v2\/product"}],"about":[{"href":"https:\/\/ceracoat.me\/fr\/wp-json\/wp\/v2\/types\/product"}],"version-history":[{"count":0,"href":"https:\/\/ceracoat.me\/fr\/wp-json\/wp\/v2\/product\/609\/revisions"}],"wp:featuredmedia":[{"embeddable":true,"href":"https:\/\/ceracoat.me\/fr\/wp-json\/wp\/v2\/media\/6108"}],"wp:attachment":[{"href":"https:\/\/ceracoat.me\/fr\/wp-json\/wp\/v2\/media?parent=609"}],"wp:term":[{"taxonomy":"product_brand","embeddable":true,"href":"https:\/\/ceracoat.me\/fr\/wp-json\/wp\/v2\/product_brand?post=609"},{"taxonomy":"product_cat","embeddable":true,"href":"https:\/\/ceracoat.me\/fr\/wp-json\/wp\/v2\/product_cat?post=609"},{"taxonomy":"product_tag","embeddable":true,"href":"https:\/\/ceracoat.me\/fr\/wp-json\/wp\/v2\/product_tag?post=609"}],"curies":[{"name":"wp","href":"https:\/\/api.w.org\/{rel}","templated":true}]}}