{"id":640,"date":"2019-12-04T22:32:36","date_gmt":"2019-12-04T21:32:36","guid":{"rendered":"https:\/\/ceracoat.me\/dev\/ceracoat\/?post_type=product&#038;p=640"},"modified":"2023-04-21T16:37:14","modified_gmt":"2023-04-21T14:37:14","slug":"ceracoat-ceramic-speed-engine-cleaner-for-trucks-450ml","status":"publish","type":"product","link":"https:\/\/ceracoat.me\/fr\/products\/shop\/ceracoat-ceramic-speed-engine-cleaner-for-trucks-450ml\/","title":{"rendered":"CERACOAT Ceramic Speed Engine Cleaner for Trucks 450ml"},"content":{"rendered":"<p>For all types of engines (fuel, gasoline, diesel,\u00a0turbo, truck (boat) race engines)<\/p>\n<p>Nettoie tout l'int\u00e9rieur du moteur.<\/p>\n<p>Les salet\u00e9s pr\u00e9sentes dans le moteur sont transform\u00e9es et \u00e9limin\u00e9es par l'\u00e9chappement.<\/p>\n<p>Nettoie les soupapes, le carburateur ou l'allumage, les pistons, la culasse, les parois des cylindres, les segments des pistons, l'ensemble du syst\u00e8me d'\u00e9chappement.<\/p>\n<p>Binds existing water drops in the fuel tank and eliminates them. It stops adherence of new engine dirt, re-establishes the actual compression of the engine, and reduces the exhaust emissions massively.<\/p>\n<h3>Avantages principaux<\/h3>\n<ul>\n<li>Nettoie et lubrifie l'ensemble du syst\u00e8me d'alimentation en carburant<\/li>\n<li>R\u00e9duit le blow-by et l'encrassement de l'huile moteur<\/li>\n<li>Moins d'encrassement du syst\u00e8me EGR<\/li>\n<li>Traite l'humidit\u00e9 dans le carburant (biodiesel)<\/li>\n<li>R\u00e9duit les \u00e9missions de suie et l'encrassement du collecteur d'admission<\/li>\n<li>Minimise l'encrassement des m\u00e9canismes de capteurs des turbos variables<\/li>\n<li>Optimise la consommation de carburant et garantit des gaz d'\u00e9chappement plus propres<\/li>\n<li>Am\u00e9liore la combustion et les performances du moteur<\/li>\n<li>R\u00e9duit la temp\u00e9rature de cong\u00e9lation du combustible (floculation en hiver)<\/li>\n<\/ul>\n<h6>CERACOAT VOUS FAIT GAGNER DU TEMPS ET DE L'ARGENT !<\/h6>\n<p><strong>APPLICATION:<\/strong><\/p>\n<p>(For all petrol and diesel engines: standard, turbo, race engines) Simply add Ceracoat Engine Cleaner in one time to the fuel (petrol or diesel) tank and then drive the vehicle for about 10 \u2013 15 minutes. Best is to add one (1) dose every 20.000 km (12.000 mls). Please add one (1) dose when there are just about 60 liters (15 gallons) of fuel \/ gasoline left.<\/p>","protected":false},"excerpt":{"rendered":"<p>For all types of petrol and diesel engines (standard, turbo, race engines). Cleans the entire inside of the engine<\/p>","protected":false},"featured_media":6096,"template":"","meta":{"om_disable_all_campaigns":false,"_monsterinsights_skip_tracking":false,"_monsterinsights_sitenote_active":false,"_monsterinsights_sitenote_note":"","_monsterinsights_sitenote_category":0,"neve_meta_sidebar":"","neve_meta_container":"","neve_meta_enable_content_width":"off","neve_meta_content_width":70,"neve_meta_title_alignment":"","neve_meta_author_avatar":"","neve_post_elements_order":"","neve_meta_disable_header":"","neve_meta_disable_footer":"","neve_meta_disable_title":""},"product_brand":[],"product_cat":[33],"product_tag":[],"class_list":{"0":"post-640","1":"product","2":"type-product","3":"status-publish","4":"has-post-thumbnail","6":"product_cat-ceracoat","8":"first","9":"instock","10":"taxable","11":"shipping-taxable","12":"purchasable","13":"product-type-simple"},"aioseo_notices":[],"_links":{"self":[{"href":"https:\/\/ceracoat.me\/fr\/wp-json\/wp\/v2\/product\/640","targetHints":{"allow":["GET"]}}],"collection":[{"href":"https:\/\/ceracoat.me\/fr\/wp-json\/wp\/v2\/product"}],"about":[{"href":"https:\/\/ceracoat.me\/fr\/wp-json\/wp\/v2\/types\/product"}],"version-history":[{"count":0,"href":"https:\/\/ceracoat.me\/fr\/wp-json\/wp\/v2\/product\/640\/revisions"}],"wp:featuredmedia":[{"embeddable":true,"href":"https:\/\/ceracoat.me\/fr\/wp-json\/wp\/v2\/media\/6096"}],"wp:attachment":[{"href":"https:\/\/ceracoat.me\/fr\/wp-json\/wp\/v2\/media?parent=640"}],"wp:term":[{"taxonomy":"product_brand","embeddable":true,"href":"https:\/\/ceracoat.me\/fr\/wp-json\/wp\/v2\/product_brand?post=640"},{"taxonomy":"product_cat","embeddable":true,"href":"https:\/\/ceracoat.me\/fr\/wp-json\/wp\/v2\/product_cat?post=640"},{"taxonomy":"product_tag","embeddable":true,"href":"https:\/\/ceracoat.me\/fr\/wp-json\/wp\/v2\/product_tag?post=640"}],"curies":[{"name":"wp","href":"https:\/\/api.w.org\/{rel}","templated":true}]}}