{"id":4097,"date":"2020-02-27T17:23:08","date_gmt":"2020-02-27T16:23:08","guid":{"rendered":"https:\/\/ceracoat.me\/?post_type=product&#038;p=4097"},"modified":"2025-08-12T16:58:19","modified_gmt":"2025-08-12T14:58:19","slug":"ceracoat-ceramic-protectall-200ml","status":"publish","type":"product","link":"https:\/\/ceracoat.me\/it\/products\/shop\/ceracoat-ceramic-protectall-200ml\/","title":{"rendered":"CERACOAT Ceramic ProtectAll 200ml"},"content":{"rendered":"<div data-elementor-type=\"wp-post\" data-elementor-id=\"4097\" class=\"elementor elementor-4097\">\n\t\t\t\t\t\t<section class=\"elementor-section elementor-top-section elementor-element elementor-element-bfaf24c elementor-section-boxed elementor-section-height-default elementor-section-height-default\" data-id=\"bfaf24c\" data-element_type=\"section\" data-e-type=\"section\">\n\t\t\t\t\t\t<div class=\"elementor-container elementor-column-gap-default\">\n\t\t\t\t\t<div class=\"elementor-column elementor-col-100 elementor-top-column elementor-element elementor-element-74107520\" data-id=\"74107520\" data-element_type=\"column\" data-e-type=\"column\">\n\t\t\t<div class=\"elementor-widget-wrap elementor-element-populated\">\n\t\t\t\t\t\t<div class=\"elementor-element elementor-element-7ee5f2f1 elementor-widget elementor-widget-text-editor\" data-id=\"7ee5f2f1\" data-element_type=\"widget\" data-e-type=\"widget\" data-widget_type=\"text-editor.default\">\n\t\t\t\t<div class=\"elementor-widget-container\">\n\t\t\t\t\t\t\t\t\t<p><strong>CERACOAT\u2122 ProtectAll  (per tutte le superfici dure)<\/strong><\/p>\n\nRivestimento, protettivo, rinnovante per tutte le superfici DURE in vetro, plastica, cromo, rame, argento, ceramica, metallo, cabine doccia, finestre, specchi, vetri, mobili, WC, lavabo, vasca da bagno, piastrelle, rubinetti, bagno e cucina in generale.\nCeracoat\u2122 ProtectAll \u00e8 anche antibatterico e ha propriet\u00e0 antigraffio e anti-impronta.<\/strong><\/p>\n<p><strong>CERACOAT\u2122<\/strong>&nbsp;<strong>ProtectAll<\/strong> \u00e8 un rinnovatore e protettore  per superfici non assorbenti\/dure molto durevole<\/p>\n<p><strong>CERACOAT\u2122<\/strong>&nbsp;<strong>ProtectAll<\/strong> rinnova, rende nuovamente brillanti e lucide tutte le superfici dure e il sottile film ceramico nano le protegge. Le superfici diventano idrorepellenti e resistenti allo sporco, facili da pulire. <strong>CERACOAT\u2122<\/strong>&nbsp;<strong>ProtectAll<\/strong> \u00e8 neutro dal punto di vista alimentare, completamente sicuro e antibatterico.<\/p>\n<p>Dentifricio, sapone, grasso, calcare, pioggia, polvere non aderiscono pi\u00f9 alle superfici e non lasciano pi\u00f9 tracce di sporco permanenti.<\/p>\n<p>Dopo il trattamento con <strong>CERACOAT\u2122<\/strong>&nbsp;<strong>ProtectAll<\/strong> Non servono pi\u00f9 detergenti. Basta pulire con un panno o risciacquare con acqua. <strong><br><\/strong><\/p><p><strong>CERACOAT\u2122ProtectAll ti fa risparmiare tempo e denaro, preservando la natura. CERACOAT\u2122ProtectAll \u00e8 completamente sicuro e neutro dal punto di vista alimentare!<\/strong><\/p><p><strong>APPLICAZIONE:<\/strong> La superficie deve essere asciutta. Versare alcune gocce su un asciugamano (o carta assorbente o microfibra) e applicare con movimenti circolari. Si former\u00e0 una pellicola opaca. Attendere 2-3 minuti, quindi lucidare fino a quando la pellicola opaca non sar\u00e0 pi\u00f9 visibile e la superficie risulter\u00e0 perfettamente lucida, liscia e pulita. Attendere 2 ore prima di esporre la superficie CERACOATED all'acqua. Sono sufficienti 10-20 ml per m2 \/ 10 piedi quadrati.<\/p>\n<p>Questo ti garantir\u00e0 le migliori prestazioni per una protezione di lunga durata.<\/p>\n<p><strong>PULIZIA DOPO IL TRATTAMENTO CON CERACOAT\u2122 ProtectAll<\/strong><\/p>\n<p>Polvere, liquidi e\/o sporco possono essere facilmente rimossi con un panno o carta assorbente, oppure semplicemente risciacquati con acqua e poi asciugati. Non sono necessari altri detergenti.<!-- Created with Elementor --><\/p>\t\t\t\t\t\t\t\t<\/div>\n\t\t\t\t<\/div>\n\t\t\t\t\t<\/div>\n\t\t<\/div>\n\t\t\t\t\t<\/div>\n\t\t<\/section>\n\t\t\t\t<\/div>","protected":false},"excerpt":{"rendered":"<p>Rinnovatore e protettore per tutte le superfici di vetro, ceramica, cromo, rame, argento, oro, metallo, plastica, legno laccato, marmo laccato, carbonio<\/p>","protected":false},"featured_media":6070,"template":"","meta":{"om_disable_all_campaigns":false,"_monsterinsights_skip_tracking":false,"_monsterinsights_sitenote_active":false,"_monsterinsights_sitenote_note":"","_monsterinsights_sitenote_category":0,"neve_meta_sidebar":"","neve_meta_container":"","neve_meta_enable_content_width":"off","neve_meta_content_width":70,"neve_meta_title_alignment":"","neve_meta_author_avatar":"","neve_post_elements_order":"","neve_meta_disable_header":"","neve_meta_disable_footer":"","neve_meta_disable_title":""},"product_brand":[],"product_cat":[33],"product_tag":[],"class_list":{"0":"post-4097","1":"product","2":"type-product","3":"status-publish","4":"has-post-thumbnail","6":"product_cat-ceracoat","8":"first","9":"instock","10":"taxable","11":"shipping-taxable","12":"purchasable","13":"product-type-simple"},"aioseo_notices":[],"_links":{"self":[{"href":"https:\/\/ceracoat.me\/it\/wp-json\/wp\/v2\/product\/4097","targetHints":{"allow":["GET"]}}],"collection":[{"href":"https:\/\/ceracoat.me\/it\/wp-json\/wp\/v2\/product"}],"about":[{"href":"https:\/\/ceracoat.me\/it\/wp-json\/wp\/v2\/types\/product"}],"version-history":[{"count":19,"href":"https:\/\/ceracoat.me\/it\/wp-json\/wp\/v2\/product\/4097\/revisions"}],"predecessor-version":[{"id":11695,"href":"https:\/\/ceracoat.me\/it\/wp-json\/wp\/v2\/product\/4097\/revisions\/11695"}],"wp:featuredmedia":[{"embeddable":true,"href":"https:\/\/ceracoat.me\/it\/wp-json\/wp\/v2\/media\/6070"}],"wp:attachment":[{"href":"https:\/\/ceracoat.me\/it\/wp-json\/wp\/v2\/media?parent=4097"}],"wp:term":[{"taxonomy":"product_brand","embeddable":true,"href":"https:\/\/ceracoat.me\/it\/wp-json\/wp\/v2\/product_brand?post=4097"},{"taxonomy":"product_cat","embeddable":true,"href":"https:\/\/ceracoat.me\/it\/wp-json\/wp\/v2\/product_cat?post=4097"},{"taxonomy":"product_tag","embeddable":true,"href":"https:\/\/ceracoat.me\/it\/wp-json\/wp\/v2\/product_tag?post=4097"}],"curies":[{"name":"wp","href":"https:\/\/api.w.org\/{rel}","templated":true}]}}