{"id":4097,"date":"2020-02-27T17:23:08","date_gmt":"2020-02-27T16:23:08","guid":{"rendered":"https:\/\/ceracoat.me\/?post_type=product&#038;p=4097"},"modified":"2025-08-12T16:58:19","modified_gmt":"2025-08-12T14:58:19","slug":"ceracoat-ceramic-protectall-200ml","status":"publish","type":"product","link":"https:\/\/ceracoat.me\/pt\/products\/shop\/ceracoat-ceramic-protectall-200ml\/","title":{"rendered":"CERACOAT Ceramic ProtectAll 200ml"},"content":{"rendered":"<div data-elementor-type=\"wp-post\" data-elementor-id=\"4097\" class=\"elementor elementor-4097\">\n\t\t\t\t\t\t<section class=\"elementor-section elementor-top-section elementor-element elementor-element-bfaf24c elementor-section-boxed elementor-section-height-default elementor-section-height-default\" data-id=\"bfaf24c\" data-element_type=\"section\" data-e-type=\"section\">\n\t\t\t\t\t\t<div class=\"elementor-container elementor-column-gap-default\">\n\t\t\t\t\t<div class=\"elementor-column elementor-col-100 elementor-top-column elementor-element elementor-element-74107520\" data-id=\"74107520\" data-element_type=\"column\" data-e-type=\"column\">\n\t\t\t<div class=\"elementor-widget-wrap elementor-element-populated\">\n\t\t\t\t\t\t<div class=\"elementor-element elementor-element-7ee5f2f1 elementor-widget elementor-widget-text-editor\" data-id=\"7ee5f2f1\" data-element_type=\"widget\" data-e-type=\"widget\" data-widget_type=\"text-editor.default\">\n\t\t\t\t<div class=\"elementor-widget-container\">\n\t\t\t\t\t\t\t\t\t<p><strong>CERACOAT\u2122 ProtectAll  (para todas as superf\u00edcies duras)<\/strong><\/p>\n\nRevestimento, protetor e renovador para todas as superf\u00edcies DURAS de vidro, pl\u00e1stico, cromo, cobre, prata, cer\u00e2mica, metal, cabines de duche, janelas, espelhos, vidros, m\u00f3veis, sanitas, lavat\u00f3rios, banheiras, azulejos, torneiras, casas de banho e cozinhas em geral.\nO Ceracoat\u2122 ProtectAll tamb\u00e9m \u00e9 antibacteriano e possui propriedades anti-riscos e anti-impress\u00f5es digitais.<\/strong><\/p>\n<p><strong>CERACOAT\u2122<\/strong>&nbsp;<strong>ProtectAll<\/strong> \u00e9 um renovador e protetor de superf\u00edcies n\u00e3o absorventes\/duras muito duradouro.<\/p>\n<p><strong>CERACOAT\u2122<\/strong>&nbsp;<strong>ProtectAll<\/strong> renovar\u00e1, deixar\u00e1 brilhantes e reluzentes todas as suas superf\u00edcies duras, e a fina pel\u00edcula nano cer\u00e2mica ir\u00e1 proteg\u00ea-las. As superf\u00edcies tornam-se repelentes a l\u00edquidos e sujidade, e f\u00e1ceis de limpar. <strong>CERACOAT\u2122<\/strong>&nbsp;<strong>ProtectAll<\/strong> \u00e9 neutro em termos alimentares, totalmente seguro e antibacteriano.<\/p>\n<p>Pasta de dentes, sab\u00e3o, gordura, calc\u00e1rio, chuva e poeira n\u00e3o aderem mais \u00e0s superf\u00edcies e n\u00e3o deixam mais res\u00edduos permanentes.<\/p>\n<p>Ap\u00f3s o tratamento com <strong>CERACOAT\u2122<\/strong>&nbsp;<strong>ProtectAll<\/strong> j\u00e1 n\u00e3o precisa de produtos de limpeza. Basta limpar com uma toalha ou enxaguar com \u00e1gua. <strong><br><\/strong><\/p><p><strong>O CERACOAT\u2122ProtectAll poupa-lhe tempo e dinheiro, preservando a natureza. O CERACOAT\u2122ProtectAll \u00e9 totalmente seguro e neutro em rela\u00e7\u00e3o aos alimentos!<\/strong><\/p><p><strong>APLICA\u00c7\u00c3O:<\/strong> A superf\u00edcie deve estar seca. Coloque algumas gotas numa toalha (ou papel absorvente ou microfibra) e aplique com movimentos circulares. Ver\u00e1 uma pel\u00edcula mate. Aguarde 2-3 minutos e, em seguida, lustre at\u00e9 que a pel\u00edcula mate desapare\u00e7a, ficando apenas uma superf\u00edcie perfeitamente brilhante, lisa e limpa. Aguarde 2 horas antes de expor a superf\u00edcie CERACOATED \u00e0 \u00e1gua. 10-20 ml por m\u00b2 \/ 10 p\u00e9s quadrados \u00e9 suficiente.<\/p>\n<p>Isso proporcionar\u00e1 o melhor desempenho para uma prote\u00e7\u00e3o muito duradoura.<\/p>\n<p><strong>LIMPEZA AP\u00d3S O TRATAMENTO COM CERACOAT\u2122 ProtectAll<\/strong><\/p>\n<p>O p\u00f3, os l\u00edquidos e\/ou a sujidade podem ser facilmente removidos com um pano ou papel absorvente, ou simplesmente enxaguados com \u00e1gua e depois secos. N\u00e3o \u00e9 necess\u00e1rio mais nenhum produto de limpeza.<!-- Created with Elementor --><\/p>\t\t\t\t\t\t\t\t<\/div>\n\t\t\t\t<\/div>\n\t\t\t\t\t<\/div>\n\t\t<\/div>\n\t\t\t\t\t<\/div>\n\t\t<\/section>\n\t\t\t\t<\/div>","protected":false},"excerpt":{"rendered":"<p>Renova e protege todas as superf\u00edcies de vidro, cer\u00e2mica, cromo, cobre, prata, ouro, metal, pl\u00e1stico, madeira lacada, m\u00e1rmore lacado, carbono<\/p>","protected":false},"featured_media":6070,"template":"","meta":{"om_disable_all_campaigns":false,"_monsterinsights_skip_tracking":false,"_monsterinsights_sitenote_active":false,"_monsterinsights_sitenote_note":"","_monsterinsights_sitenote_category":0,"neve_meta_sidebar":"","neve_meta_container":"","neve_meta_enable_content_width":"off","neve_meta_content_width":70,"neve_meta_title_alignment":"","neve_meta_author_avatar":"","neve_post_elements_order":"","neve_meta_disable_header":"","neve_meta_disable_footer":"","neve_meta_disable_title":""},"product_brand":[],"product_cat":[33],"product_tag":[],"class_list":{"0":"post-4097","1":"product","2":"type-product","3":"status-publish","4":"has-post-thumbnail","6":"product_cat-ceracoat","8":"first","9":"instock","10":"taxable","11":"shipping-taxable","12":"purchasable","13":"product-type-simple"},"aioseo_notices":[],"_links":{"self":[{"href":"https:\/\/ceracoat.me\/pt\/wp-json\/wp\/v2\/product\/4097","targetHints":{"allow":["GET"]}}],"collection":[{"href":"https:\/\/ceracoat.me\/pt\/wp-json\/wp\/v2\/product"}],"about":[{"href":"https:\/\/ceracoat.me\/pt\/wp-json\/wp\/v2\/types\/product"}],"version-history":[{"count":19,"href":"https:\/\/ceracoat.me\/pt\/wp-json\/wp\/v2\/product\/4097\/revisions"}],"predecessor-version":[{"id":11695,"href":"https:\/\/ceracoat.me\/pt\/wp-json\/wp\/v2\/product\/4097\/revisions\/11695"}],"wp:featuredmedia":[{"embeddable":true,"href":"https:\/\/ceracoat.me\/pt\/wp-json\/wp\/v2\/media\/6070"}],"wp:attachment":[{"href":"https:\/\/ceracoat.me\/pt\/wp-json\/wp\/v2\/media?parent=4097"}],"wp:term":[{"taxonomy":"product_brand","embeddable":true,"href":"https:\/\/ceracoat.me\/pt\/wp-json\/wp\/v2\/product_brand?post=4097"},{"taxonomy":"product_cat","embeddable":true,"href":"https:\/\/ceracoat.me\/pt\/wp-json\/wp\/v2\/product_cat?post=4097"},{"taxonomy":"product_tag","embeddable":true,"href":"https:\/\/ceracoat.me\/pt\/wp-json\/wp\/v2\/product_tag?post=4097"}],"curies":[{"name":"wp","href":"https:\/\/api.w.org\/{rel}","templated":true}]}}