{"id":4724,"date":"2020-04-08T18:20:59","date_gmt":"2020-04-08T16:20:59","guid":{"rendered":"https:\/\/ceracoat.me\/?post_type=product&#038;p=4724"},"modified":"2025-07-31T09:47:04","modified_gmt":"2025-07-31T07:47:04","slug":"ceracoat-des-long-time-disinfectant","status":"publish","type":"product","link":"https:\/\/ceracoat.me\/pt\/products\/shop\/ceracoat-des-long-time-disinfectant\/","title":{"rendered":"CERACOAT DES Revestimento de longa dura\u00e7\u00e3o (6 meses) superf\u00edcies duras (50 m\u00b2) antibacteriano + antiv\u00edrus 500 ml"},"content":{"rendered":"<div data-elementor-type=\"product-post\" data-elementor-id=\"4724\" class=\"elementor elementor-4724\">\n\t\t\t\t\t\t<section class=\"elementor-section elementor-top-section elementor-element elementor-element-4623a324 elementor-section-boxed elementor-section-height-default elementor-section-height-default\" data-id=\"4623a324\" data-element_type=\"section\" data-e-type=\"section\">\n\t\t\t\t\t\t<div class=\"elementor-container elementor-column-gap-default\">\n\t\t\t\t\t<div class=\"elementor-column elementor-col-100 elementor-top-column elementor-element elementor-element-fb5894d\" data-id=\"fb5894d\" data-element_type=\"column\" data-e-type=\"column\">\n\t\t\t<div class=\"elementor-widget-wrap elementor-element-populated\">\n\t\t\t\t\t\t<div class=\"elementor-element elementor-element-177ce487 elementor-widget elementor-widget-text-editor\" data-id=\"177ce487\" data-element_type=\"widget\" data-e-type=\"widget\" data-widget_type=\"text-editor.default\">\n\t\t\t\t<div class=\"elementor-widget-container\">\n\t\t\t\t\t\t\t\t\t<strong>CERACOAT\u00aeDES<\/strong> \u00e9 um produto de limpeza, desinfetante, revestimento, protetor que deixa uma barreira multifuncional na superf\u00edcie com:\r\n<p style=\"text-align: center;\" class=\" translation-block\">COMPOSI\u00c7\u00d5ES NATURAIS E ORG\u00c2NICAS<br>\nFORMULA\u00c7\u00d5ES SEGURAS E AMIG\u00c1VEIS AO AMBIENTE<br>\nSOLU\u00c7\u00d5ES N\u00c3O T\u00d3XICAS E N\u00c3O ALERG\u00c9NICAS<br>\nSUSTENT\u00c1VEL, RECICLADO E RECICL\u00c1VEL<br>\nINGREDIENTES SEGUROS PARA ALIMENTOS<br>\nO selante para superf\u00edcies duras cria uma barreira microbiana que ajuda a prevenir infe\u00e7\u00f5es cruzadas, criando um ambiente hostil para agentes patog\u00e9nicos e biofilmes.<\/p>\r\n<p style=\"text-align: center;\" class=\" translation-block\">Ao contr\u00e1rio dos desinfetantes convencionais, a prote\u00e7\u00e3o antibacteriana e antimicrobiana entra em a\u00e7\u00e3o ap\u00f3s um curto per\u00edodo de tempo e protege de forma sustent\u00e1vel contra v\u00edrus, bact\u00e9rias e micr\u00f3bios por at\u00e9 <b>6 meses. <\/b>\n<b>N\u00e3o \u00e9 necess\u00e1rio usar desinfetantes por 6 meses! <\/b><\/p>\r\nOs v\u00edrus s\u00e3o a causa mais comum de doen\u00e7as infecciosas transmitidas em ambientes fechados, como hospitais, escolas, locais de trabalho e resid\u00eancias, e t\u00eam um impacto significativo na sa\u00fade humana. A COVID-19 revelou, de forma assustadora, os mecanismos de cont\u00e1gio e infe\u00e7\u00e3o cruzada em todo o mundo. Os v\u00edrus aderem \u00e0s got\u00edculas de humidade que s\u00e3o expelidas pela pessoa infetada e chegam a pontos de contacto de alto risco atrav\u00e9s do ar.\r\n\r\n<strong>CERACOAT\u00aeDES<\/strong> SPRAY DE SELAGEM DE SUPERF\u00cdCIES R\u00cdGIDAS\nIdeal para superf\u00edcies de contacto lisas e n\u00e3o absorventes com alto risco, tais como: portas, ma\u00e7anetas, bot\u00f5es de elevador, corrim\u00e3os de escadas,\nassentos sanit\u00e1rios, interruptores, ecr\u00e3s t\u00e1teis, telem\u00f3veis, carrinhos de compras, cart\u00f5es de cr\u00e9dito, superf\u00edcies de secret\u00e1rias, terminais de pagamento, \u00e1reas de compras, etc.\r\n\r\n<strong>Descri\u00e7\u00e3o Informa\u00e7\u00f5es adicionais<\/strong>\r\n<strong>CERACOAT\u00aeDES:<\/strong> Os bioflavonoides \u2013 um grande grupo de componentes vegetais naturais n\u00e3o t\u00f3xicos \u2013 s\u00e3o amplamente conhecidos na \u00e1rea da sa\u00fade pelos seus poderosos efeitos antioxidantes, anti-inflamat\u00f3rios, antial\u00e9rgicos, antibacterianos, antimic\u00f3ticos, antivirais, neuroprotetores e curativos, e ajudam at\u00e9 mesmo a combater bact\u00e9rias resistentes a antibi\u00f3ticos.\nO nosso complexo patenteado de bioflavonoides oferece prote\u00e7\u00e3o natural, segura e eficaz contra infec\u00e7\u00f5es respirat\u00f3rias comuns, como SARS-COVID, gripe e rinov\u00edrus. A f\u00f3rmula foi testada por laborat\u00f3rios independentes e destr\u00f3i v\u00edrus encapsulados e n\u00e3o encapsulados em 1 a 5 minutos ap\u00f3s o contacto, dependendo da concentra\u00e7\u00e3o e do tipo de v\u00edrus, e desativa a sua capacidade de se multiplicar e infectar outras c\u00e9lulas saud\u00e1veis, utilizando ingredientes vegetais org\u00e2nicos, adequados para consumo alimentar, sem OGM e geralmente n\u00e3o alerg\u00e9nicos.\r\n\r\n<strong>C\u00f3mo se utiliza:<\/strong> Aplique CERACOAT\u00aeDES desinfetante de longa dura\u00e7\u00e3o na superf\u00edcie e espalhe uniformemente com um pano. Deixe secar. N\u00e3o enxague. Pode ser usado em todas as superf\u00edcies. Efeito antimicrobiano sustent\u00e1vel por at\u00e9 6 meses (testado de acordo com as normas EN 13624:2013 \u2013 EN 1650:2019 \u2013 EN 1276:2019 \u2013 EN 13727:2012 + A2:2015) (v\u00edrus envelopados, incluindo coronav\u00edrus, VIH, VHB, VHC, herpes, gripe, v\u00edrus \u00c9bola ...)<!-- Created with Elementor --><!-- Created with Elementor -->\t\t\t\t\t\t\t\t<\/div>\n\t\t\t\t<\/div>\n\t\t\t\t\t<\/div>\n\t\t<\/div>\n\t\t\t\t\t<\/div>\n\t\t<\/section>\n\t\t\t\t<\/div>","protected":false},"excerpt":{"rendered":"<p><strong><b>Limpa, sela e protege superf\u00edcies duras<\/b><\/strong><\/p>\n<p class=\" translation-block\"><b>CERACOAT\u00aeDES<\/b> \u2013 TECNOLOGIA BIOFLAVON\u00d3IDA<\/p>\n<p class=\" translation-block\">PROTE\u00c7\u00c3O ANTIMICROBIANA, ANTIVIRAL E ANTIF\u00daNGICA DE ALTA EFIC\u00c1CIA \u00c0 BASE DE PLANTAS \u2013 Elimina at\u00e9 99,99% das bact\u00e9rias e v\u00edrus e dura at\u00e9  <b> 6 meses!<\/b> Desinfetante de superf\u00edcies altamente eficaz.<\/p>","protected":false},"featured_media":7564,"template":"","meta":{"om_disable_all_campaigns":false,"_monsterinsights_skip_tracking":false,"_monsterinsights_sitenote_active":false,"_monsterinsights_sitenote_note":"","_monsterinsights_sitenote_category":0,"neve_meta_sidebar":"","neve_meta_container":"","neve_meta_enable_content_width":"off","neve_meta_content_width":70,"neve_meta_title_alignment":"","neve_meta_author_avatar":"","neve_post_elements_order":"","neve_meta_disable_header":"","neve_meta_disable_footer":"","neve_meta_disable_title":""},"product_brand":[],"product_cat":[33],"product_tag":[],"class_list":{"0":"post-4724","1":"product","2":"type-product","3":"status-publish","4":"has-post-thumbnail","6":"product_cat-ceracoat","8":"first","9":"instock","10":"taxable","11":"shipping-taxable","12":"purchasable","13":"product-type-simple"},"aioseo_notices":[],"_links":{"self":[{"href":"https:\/\/ceracoat.me\/pt\/wp-json\/wp\/v2\/product\/4724","targetHints":{"allow":["GET"]}}],"collection":[{"href":"https:\/\/ceracoat.me\/pt\/wp-json\/wp\/v2\/product"}],"about":[{"href":"https:\/\/ceracoat.me\/pt\/wp-json\/wp\/v2\/types\/product"}],"version-history":[{"count":39,"href":"https:\/\/ceracoat.me\/pt\/wp-json\/wp\/v2\/product\/4724\/revisions"}],"predecessor-version":[{"id":11663,"href":"https:\/\/ceracoat.me\/pt\/wp-json\/wp\/v2\/product\/4724\/revisions\/11663"}],"wp:featuredmedia":[{"embeddable":true,"href":"https:\/\/ceracoat.me\/pt\/wp-json\/wp\/v2\/media\/7564"}],"wp:attachment":[{"href":"https:\/\/ceracoat.me\/pt\/wp-json\/wp\/v2\/media?parent=4724"}],"wp:term":[{"taxonomy":"product_brand","embeddable":true,"href":"https:\/\/ceracoat.me\/pt\/wp-json\/wp\/v2\/product_brand?post=4724"},{"taxonomy":"product_cat","embeddable":true,"href":"https:\/\/ceracoat.me\/pt\/wp-json\/wp\/v2\/product_cat?post=4724"},{"taxonomy":"product_tag","embeddable":true,"href":"https:\/\/ceracoat.me\/pt\/wp-json\/wp\/v2\/product_tag?post=4724"}],"curies":[{"name":"wp","href":"https:\/\/api.w.org\/{rel}","templated":true}]}}