{"id":612,"date":"2019-12-04T22:03:03","date_gmt":"2019-12-04T21:03:03","guid":{"rendered":"https:\/\/ceracoat.me\/dev\/ceracoat\/?post_type=product&#038;p=612"},"modified":"2025-08-13T11:21:17","modified_gmt":"2025-08-13T09:21:17","slug":"ceracoat-ceramic-engine-care-100ml","status":"publish","type":"product","link":"https:\/\/ceracoat.me\/pt\/products\/shop\/ceracoat-ceramic-engine-care-100ml\/","title":{"rendered":"CERACOAT Cuidado Cer\u00e2mico para Motores 100 ml"},"content":{"rendered":"<p class=\" translation-block\"><strong>Para todos os tipos de motores<\/strong> (motores de 4 tempos, motores de 2 tempos, combust\u00edvel diesel e gasolina, turbo, motores de corrida).<\/p>\n<p>Ceracoat Ceramic Engine Care \u00e9 um revestimento cer\u00e2mico que protege o motor e a transmiss\u00e3o contra o desgaste.<\/p>\n<p>*<strong>*Aplic\u00e1vel tamb\u00e9m para caixa de velocidades (manual, n\u00e3o autom\u00e1tica), diferenciais, correntes, suspens\u00f5es, sistemas hidr\u00e1ulicos*<\/strong>*<\/p>\n<p>As part\u00edculas cer\u00e2micas aderem \u00e0s pe\u00e7as met\u00e1licas do motor, formando uma pel\u00edcula protetora\/barreira protetora que reduz o atrito e o desgaste do motor e da transmiss\u00e3o.<\/p>\n<p>O resultado \u00e9 uma redu\u00e7\u00e3o significativa do consumo, da temperatura, do consumo de \u00f3leo, do ru\u00eddo, das emiss\u00f5es de escape e um aumento da efici\u00eancia do motor, da sua pot\u00eancia e da sua vida \u00fatil.<\/p>\n<p>O Ceracoat Ceramic Protetor de motor cer\u00e2mico tamb\u00e9m protege o motor durante a partida a frio e falhas de lubrifica\u00e7\u00e3o.<\/p>\n<h6><strong>CERACOAT POUPE-LHE TEMPO E DINHEIRO!<\/strong><\/h6>\n<p><strong>APLICA\u00c7\u00c3O:<\/strong>(motores de 4 tempos, motores de 2 tempos,  diesel e gasolina, turbo, motores de corrida).<\/p>\n<p><strong><b>N\u00e3o \u00e9 necess\u00e1rio trocar o \u00f3leo ou o filtro antes da aplica\u00e7\u00e3o.<\/b><\/strong><\/p>\n<p>O Ceracoat Ceramic Protetor de motor cer\u00e2mico deve ser simplesmente adicionado ao \u00f3leo do motor QUENTE. Em seguida, conduza o ve\u00edculo durante 10 a 15 minutos.<\/p>\n<p><strong><b>O Ceracoat n\u00e3o bloqueia o filtro.<\/b><\/strong><\/p>\n<p>1 dose (100 ml concentrate) per period of 12 months or after 40-50&#8217;000 km (25-30&#8217;000 miles) 1 dose for up to 6 liters of oil (or less).<\/p>","protected":false},"excerpt":{"rendered":"<p>Para todos os tipos de motores (motores de 4 tempos, motores de 2 tempos, combust\u00edvel diesel e gasolina, turbo, motores de corrida). \u00c9 um revestimento cer\u00e2mico que protege o motor e a transmiss\u00e3o contra o desgaste. *Aplic\u00e1vel tamb\u00e9m para caixas de velocidades (manuais, n\u00e3o autom\u00e1ticas), diferenciais, correntes, suspens\u00f5es, sistemas hidr\u00e1ulicos*<\/p>","protected":false},"featured_media":6098,"template":"","meta":{"om_disable_all_campaigns":false,"_monsterinsights_skip_tracking":false,"_monsterinsights_sitenote_active":false,"_monsterinsights_sitenote_note":"","_monsterinsights_sitenote_category":0,"neve_meta_sidebar":"","neve_meta_container":"","neve_meta_enable_content_width":"off","neve_meta_content_width":70,"neve_meta_title_alignment":"","neve_meta_author_avatar":"","neve_post_elements_order":"","neve_meta_disable_header":"","neve_meta_disable_footer":"","neve_meta_disable_title":""},"product_brand":[],"product_cat":[33],"product_tag":[],"class_list":{"0":"post-612","1":"product","2":"type-product","3":"status-publish","4":"has-post-thumbnail","6":"product_cat-ceracoat","8":"first","9":"instock","10":"taxable","11":"shipping-taxable","12":"purchasable","13":"product-type-simple"},"aioseo_notices":[],"_links":{"self":[{"href":"https:\/\/ceracoat.me\/pt\/wp-json\/wp\/v2\/product\/612","targetHints":{"allow":["GET"]}}],"collection":[{"href":"https:\/\/ceracoat.me\/pt\/wp-json\/wp\/v2\/product"}],"about":[{"href":"https:\/\/ceracoat.me\/pt\/wp-json\/wp\/v2\/types\/product"}],"version-history":[{"count":4,"href":"https:\/\/ceracoat.me\/pt\/wp-json\/wp\/v2\/product\/612\/revisions"}],"predecessor-version":[{"id":11698,"href":"https:\/\/ceracoat.me\/pt\/wp-json\/wp\/v2\/product\/612\/revisions\/11698"}],"wp:featuredmedia":[{"embeddable":true,"href":"https:\/\/ceracoat.me\/pt\/wp-json\/wp\/v2\/media\/6098"}],"wp:attachment":[{"href":"https:\/\/ceracoat.me\/pt\/wp-json\/wp\/v2\/media?parent=612"}],"wp:term":[{"taxonomy":"product_brand","embeddable":true,"href":"https:\/\/ceracoat.me\/pt\/wp-json\/wp\/v2\/product_brand?post=612"},{"taxonomy":"product_cat","embeddable":true,"href":"https:\/\/ceracoat.me\/pt\/wp-json\/wp\/v2\/product_cat?post=612"},{"taxonomy":"product_tag","embeddable":true,"href":"https:\/\/ceracoat.me\/pt\/wp-json\/wp\/v2\/product_tag?post=612"}],"curies":[{"name":"wp","href":"https:\/\/api.w.org\/{rel}","templated":true}]}}